{"id":3687,"date":"2023-07-17T15:25:42","date_gmt":"2023-07-17T13:25:42","guid":{"rendered":"http:\/\/boutique.larpnation.fr\/?page_id=3687"},"modified":"2023-09-04T14:16:06","modified_gmt":"2023-09-04T12:16:06","slug":"esprit-et-objectifs","status":"publish","type":"page","link":"https:\/\/boutique.larpnation.fr\/index.php\/esprit-et-objectifs\/","title":{"rendered":"Esprit et objectifs"},"content":{"rendered":"\n<h3 class=\"wp-block-heading has-text-align-center\">NOS OBJECTIFS<\/h3>\n\n\n<div class=\"wp-block-image\">\n<figure class=\"aligncenter\"><img decoding=\"async\" src=\"https:\/\/www.airsoft-entrepot.fr\/static\/version1688627416\/frontend\/NDP\/Airsoft\/fr_FR\/NDP_Cms\/images\/manifest\/objectives.png\" alt=\"Objectifs\"\/><\/figure>\n<\/div>\n\n\n<p class=\"has-text-align-center\">Les deux objectifs principaux de LARP Nation &#8211; La Boutique sont de proposer le meilleur du GN au prix le plus juste, ainsi que de fournir un accompagnement de qualit\u00e9 pour tous les joueurs.<\/p>\n\n\n\n<h3 class=\"wp-block-heading has-text-align-center\">RELATION DE CONFIANCE ET DE FID\u00c9LIT\u00c9<\/h3>\n\n\n\n<p class=\"has-text-align-center\">Nous jugeons normal que les joueurs qui nous accordent leur confiance b\u00e9n\u00e9ficient en retour d\u2019avantages sur notre site, aussi avons-nous mis en place un programme de fid\u00e9lit\u00e9 offrant des r\u00e9ductions toujours croissantes et d\u00e9finitives, en plus de nos prix au plus bas tout au long de l\u2019ann\u00e9e.<\/p>\n\n\n\n<p class=\"has-text-align-center\"><a href=\"https:\/\/boutique.larpnation.fr\/index.php\/programme-ascension\/\">REJOIGNEZ NOTRE PROGRAMME DE FID\u00c9LIT\u00c9<\/a><\/p>\n\n\n\n<h3 class=\"wp-block-heading has-text-align-center\">AVEZ-VOUS UNE QUESTION ?<\/h3>\n\n\n\n<p class=\"has-text-align-center\">Quels que soient vos besoins, une \u00e9quipe de passionn\u00e9s est \u00e0 votre \u00e9coute et se fera un plaisir de vous aider.<\/p>\n\n\n\n<p class=\"has-text-align-center\"><a href=\"https:\/\/boutique.larpnation.fr\/index.php\/nous-contacter\/\">NOUS CONTACTER<\/a><\/p>\n","protected":false},"excerpt":{"rendered":"<p>NOS OBJECTIFS Les deux objectifs principaux de LARP Nation &#8211; La Boutique sont de proposer le meilleur du GN au prix le plus juste, ainsi que de fournir un accompagnement de qualit\u00e9 pour tous les&hellip;<\/p>\n","protected":false},"author":1,"featured_media":0,"parent":0,"menu_order":0,"comment_status":"closed","ping_status":"closed","template":"","meta":{"footnotes":""},"class_list":["post-3687","page","type-page","status-publish","hentry"],"jetpack_sharing_enabled":true,"_links":{"self":[{"href":"https:\/\/boutique.larpnation.fr\/index.php\/wp-json\/wp\/v2\/pages\/3687","targetHints":{"allow":["GET"]}}],"collection":[{"href":"https:\/\/boutique.larpnation.fr\/index.php\/wp-json\/wp\/v2\/pages"}],"about":[{"href":"https:\/\/boutique.larpnation.fr\/index.php\/wp-json\/wp\/v2\/types\/page"}],"author":[{"embeddable":true,"href":"https:\/\/boutique.larpnation.fr\/index.php\/wp-json\/wp\/v2\/users\/1"}],"replies":[{"embeddable":true,"href":"https:\/\/boutique.larpnation.fr\/index.php\/wp-json\/wp\/v2\/comments?post=3687"}],"version-history":[{"count":4,"href":"https:\/\/boutique.larpnation.fr\/index.php\/wp-json\/wp\/v2\/pages\/3687\/revisions"}],"predecessor-version":[{"id":20568,"href":"https:\/\/boutique.larpnation.fr\/index.php\/wp-json\/wp\/v2\/pages\/3687\/revisions\/20568"}],"wp:attachment":[{"href":"https:\/\/boutique.larpnation.fr\/index.php\/wp-json\/wp\/v2\/media?parent=3687"}],"curies":[{"name":"wp","href":"https:\/\/api.w.org\/{rel}","templated":true}]}}