{"id":3691,"date":"2023-07-17T16:25:35","date_gmt":"2023-07-17T14:25:35","guid":{"rendered":"http:\/\/boutique.larpnation.fr\/?page_id=3691"},"modified":"2023-09-04T14:01:27","modified_gmt":"2023-09-04T12:01:27","slug":"engagement","status":"publish","type":"page","link":"https:\/\/boutique.larpnation.fr\/index.php\/engagement\/","title":{"rendered":"Engagement"},"content":{"rendered":"\n<h3 class=\"wp-block-heading has-text-align-center\">NOTRE VOLONT\u00c9<\/h3>\n\n\n\n<p class=\"has-text-align-center\">\u00catre au service des GNistes est l&rsquo;engagement premier de LARP Nation.<br><br>Notre \u00e9quipe s\u2019engage \u00e0 vous fournir le meilleur service qui soit dans de multiples domaines, et ce dans les plus courts d\u00e9lais possibles :<\/p>\n\n\n\n<div class=\"wp-block-columns is-layout-flex wp-container-core-columns-is-layout-9d6595d7 wp-block-columns-is-layout-flex\">\n<div class=\"wp-block-column is-layout-flow wp-block-column-is-layout-flow\" style=\"flex-basis:33.33%\">\n<div class=\"wp-block-group\"><div class=\"wp-block-group__inner-container is-layout-constrained wp-block-group-is-layout-constrained\"><div class=\"wp-block-image\">\n<figure class=\"aligncenter is-resized\"><img decoding=\"async\" src=\"https:\/\/www.airsoft-entrepot.fr\/static\/version1688627416\/frontend\/NDP\/Airsoft\/fr_FR\/NDP_Cms\/images\/manifest\/undertaking_1.png\" alt=\"Nos engagements\" style=\"width:90px;height:60px\" width=\"90\" height=\"60\"\/><\/figure>\n<\/div>\n\n\n<p class=\"has-text-align-center\">R\u00c9PONDRE \u00c0 VOS QUESTIONS EN TOUT GENRE<\/p>\n<\/div><\/div>\n<\/div>\n\n\n\n<div class=\"wp-block-column is-layout-flow wp-block-column-is-layout-flow\" style=\"flex-basis:33.33%\"><div class=\"wp-block-image\">\n<figure class=\"aligncenter\"><img decoding=\"async\" src=\"https:\/\/www.airsoft-entrepot.fr\/static\/version1688627416\/frontend\/NDP\/Airsoft\/fr_FR\/NDP_Cms\/images\/manifest\/undertaking_4.png\" alt=\"Nos engagements\"\/><\/figure>\n<\/div>\n\n\n<p class=\"has-text-align-center\">ANALYSER ET R\u00c9PONDRE AUX DEMANDES SP\u00c9CIALES<\/p>\n<\/div>\n\n\n\n<div class=\"wp-block-column is-layout-flow wp-block-column-is-layout-flow\" style=\"flex-basis:33.33%\"><div class=\"wp-block-image\">\n<figure class=\"aligncenter is-resized\"><img decoding=\"async\" src=\"https:\/\/www.airsoft-entrepot.fr\/static\/version1688627416\/frontend\/NDP\/Airsoft\/fr_FR\/NDP_Cms\/images\/manifest\/undertaking_5.png\" alt=\"Nos engagements\" style=\"width:60px;height:60px\" width=\"60\" height=\"60\"\/><\/figure>\n<\/div>\n\n\n<p class=\"has-text-align-center\">ASSURER LE SERVICE APR\u00c8S-VENTE DE VOS PRODUITS D\u00c9FECTUEUX<\/p>\n<\/div>\n<\/div>\n\n\n\n<div class=\"wp-block-columns is-layout-flex wp-container-core-columns-is-layout-9d6595d7 wp-block-columns-is-layout-flex\">\n<div class=\"wp-block-column is-layout-flow wp-block-column-is-layout-flow\" style=\"flex-basis:50%\">\n<div class=\"wp-block-group\"><div class=\"wp-block-group__inner-container is-layout-constrained wp-block-group-is-layout-constrained\"><div class=\"wp-block-image\">\n<figure class=\"aligncenter\"><img decoding=\"async\" src=\"https:\/\/www.airsoft-entrepot.fr\/static\/version1688627416\/frontend\/NDP\/Airsoft\/fr_FR\/NDP_Cms\/images\/manifest\/undertaking_7.png\" alt=\"Nos engagements\"\/><\/figure>\n<\/div>\n\n\n<p class=\"has-text-align-center\">PR\u00c9PARER VOS COMMANDES ET LES EXP\u00c9DIER DANS LES MEILLEURS D\u00c9LAIS<\/p>\n<\/div><\/div>\n<\/div>\n\n\n\n<div class=\"wp-block-column is-layout-flow wp-block-column-is-layout-flow\" style=\"flex-basis:50%\"><div class=\"wp-block-image\">\n<figure class=\"aligncenter\"><img decoding=\"async\" src=\"https:\/\/www.airsoft-entrepot.fr\/static\/version1688627416\/frontend\/NDP\/Airsoft\/fr_FR\/NDP_Cms\/images\/manifest\/undertaking_6.png\" alt=\"Nos engagements\"\/><\/figure>\n<\/div>\n\n\n<p class=\"has-text-align-center\">VOUS PROPOSER UN LARGE CHOIX DE PRODUITS AU MEILLEUR PRIX<\/p>\n<\/div>\n<\/div>\n\n\n\n<h3 class=\"wp-block-heading has-text-align-center\">NOUS CONTACTER<\/h3>\n\n\n\n<p class=\"has-text-align-center\">N\u2019h\u00e9sitez pas \u00e0 vous tourner vers nous via la rubrique :<\/p>\n\n\n\n<p class=\"has-text-align-center\"><a href=\"https:\/\/boutique.larpnation.fr\/index.php\/nous-contacter\/\">NOUS CONTACTER<\/a><\/p>\n\n\n\n<p class=\"has-text-align-center\">Vous pouvez toujours nous contacter via notre formulaire de contact ou en nous \u00e9crivant directement via votre messagerie personnalis\u00e9e de votre compte.<br><br>Toutes vos questions sont les bienvenues et nous sommes toujours heureux d&rsquo;y r\u00e9pondre.<br><br>Nous traitons les demandes dans leur ordre d&rsquo;arriv\u00e9e et de fa\u00e7on imm\u00e9diate lorsque cela est possible et nous nous engageons \u00e0 vous apporter une r\u00e9ponse dans un d\u00e9lai maximum de 24h ouvr\u00e9es.<\/p>\n\n\n<div class=\"wp-block-image\">\n<figure class=\"aligncenter\"><img decoding=\"async\" src=\"https:\/\/www.airsoft-entrepot.fr\/static\/version1688627416\/frontend\/NDP\/Airsoft\/fr_FR\/NDP_Cms\/images\/manifest\/btn_contact_mail.png\" alt=\"Contact Mail\"\/><\/figure>\n<\/div>\n\n\n<p class=\"has-text-align-center\"><a href=\"mailto:larpnation.laboutique@gmail.com\">larpnation.laboutique@gmail.com<\/a><\/p>\n","protected":false},"excerpt":{"rendered":"<p>NOTRE VOLONT\u00c9 \u00catre au service des GNistes est l&rsquo;engagement premier de LARP Nation. Notre \u00e9quipe s\u2019engage \u00e0 vous fournir le meilleur service qui soit dans de multiples domaines, et ce dans les plus courts d\u00e9lais&hellip;<\/p>\n","protected":false},"author":1,"featured_media":0,"parent":0,"menu_order":0,"comment_status":"closed","ping_status":"closed","template":"","meta":{"footnotes":""},"class_list":["post-3691","page","type-page","status-publish","hentry"],"jetpack_sharing_enabled":true,"_links":{"self":[{"href":"https:\/\/boutique.larpnation.fr\/index.php\/wp-json\/wp\/v2\/pages\/3691","targetHints":{"allow":["GET"]}}],"collection":[{"href":"https:\/\/boutique.larpnation.fr\/index.php\/wp-json\/wp\/v2\/pages"}],"about":[{"href":"https:\/\/boutique.larpnation.fr\/index.php\/wp-json\/wp\/v2\/types\/page"}],"author":[{"embeddable":true,"href":"https:\/\/boutique.larpnation.fr\/index.php\/wp-json\/wp\/v2\/users\/1"}],"replies":[{"embeddable":true,"href":"https:\/\/boutique.larpnation.fr\/index.php\/wp-json\/wp\/v2\/comments?post=3691"}],"version-history":[{"count":5,"href":"https:\/\/boutique.larpnation.fr\/index.php\/wp-json\/wp\/v2\/pages\/3691\/revisions"}],"predecessor-version":[{"id":20563,"href":"https:\/\/boutique.larpnation.fr\/index.php\/wp-json\/wp\/v2\/pages\/3691\/revisions\/20563"}],"wp:attachment":[{"href":"https:\/\/boutique.larpnation.fr\/index.php\/wp-json\/wp\/v2\/media?parent=3691"}],"curies":[{"name":"wp","href":"https:\/\/api.w.org\/{rel}","templated":true}]}}