{"id":17471,"date":"2023-08-01T11:07:56","date_gmt":"2023-08-01T09:07:56","guid":{"rendered":"http:\/\/boutique.larpnation.fr\/index.php\/produit\/jotn-master-extended\/"},"modified":"2024-05-15T13:13:20","modified_gmt":"2024-05-15T11:13:20","slug":"jotunn-master","status":"publish","type":"product","link":"https:\/\/boutique.larpnation.fr\/index.php\/produit\/jotunn-master\/","title":{"rendered":"Jotunn Master"},"content":{"rendered":"<p>Le Jotunn de Calimacil puise son inspiration dans un m\u00e9lange de diff\u00e9rents styles zoomorphes vikings, visant l&rsquo;originalit\u00e9 et la singularit\u00e9, notamment dans la conception de ses lames bas\u00e9es sur des motifs historiques. Con\u00e7u pour susciter le respect et la crainte sur le champ de bataille, il rend hommage \u00e0 la force l\u00e9gendaire du Berserker. Chaque aspect de cette lame transmet un message singulier et sans \u00e9quivoque \u00e0 tout adversaire : \u00e9cartez-vous ou subissez les cons\u00e9quences.<\/p>\n","protected":false},"excerpt":{"rendered":"<p>Le Jotunn de Calimacil puise son inspiration dans un m\u00e9lange de diff\u00e9rents styles zoomorphes vikings, visant l&rsquo;originalit\u00e9 et la singularit\u00e9, notamment dans la conception de ses lames bas\u00e9es sur des motifs historiques. Con\u00e7u pour susciter&hellip;<\/p>\n","protected":false},"featured_media":863,"template":"","meta":[],"product_brand":[],"product_cat":[517,524],"product_tag":[],"class_list":{"0":"post-17471","1":"product","2":"type-product","3":"status-publish","4":"has-post-thumbnail","6":"product_cat-armes-sur-demande","7":"product_cat-epees-sur-demande","9":"first","10":"outofstock","11":"taxable","12":"shipping-taxable","13":"purchasable","14":"product-type-simple"},"jetpack_sharing_enabled":true,"_links":{"self":[{"href":"https:\/\/boutique.larpnation.fr\/index.php\/wp-json\/wp\/v2\/product\/17471","targetHints":{"allow":["GET"]}}],"collection":[{"href":"https:\/\/boutique.larpnation.fr\/index.php\/wp-json\/wp\/v2\/product"}],"about":[{"href":"https:\/\/boutique.larpnation.fr\/index.php\/wp-json\/wp\/v2\/types\/product"}],"version-history":[{"count":4,"href":"https:\/\/boutique.larpnation.fr\/index.php\/wp-json\/wp\/v2\/product\/17471\/revisions"}],"predecessor-version":[{"id":27402,"href":"https:\/\/boutique.larpnation.fr\/index.php\/wp-json\/wp\/v2\/product\/17471\/revisions\/27402"}],"wp:featuredmedia":[{"embeddable":true,"href":"https:\/\/boutique.larpnation.fr\/index.php\/wp-json\/wp\/v2\/media\/863"}],"wp:attachment":[{"href":"https:\/\/boutique.larpnation.fr\/index.php\/wp-json\/wp\/v2\/media?parent=17471"}],"wp:term":[{"taxonomy":"product_brand","embeddable":true,"href":"https:\/\/boutique.larpnation.fr\/index.php\/wp-json\/wp\/v2\/product_brand?post=17471"},{"taxonomy":"product_cat","embeddable":true,"href":"https:\/\/boutique.larpnation.fr\/index.php\/wp-json\/wp\/v2\/product_cat?post=17471"},{"taxonomy":"product_tag","embeddable":true,"href":"https:\/\/boutique.larpnation.fr\/index.php\/wp-json\/wp\/v2\/product_tag?post=17471"}],"curies":[{"name":"wp","href":"https:\/\/api.w.org\/{rel}","templated":true}]}}