{"id":17733,"date":"2023-08-03T12:16:44","date_gmt":"2023-08-03T10:16:44","guid":{"rendered":"http:\/\/boutique.larpnation.fr\/index.php\/produit\/noble-mace\/"},"modified":"2024-03-28T13:52:57","modified_gmt":"2024-03-28T12:52:57","slug":"noble-mace","status":"publish","type":"product","link":"https:\/\/boutique.larpnation.fr\/index.php\/produit\/noble-mace\/","title":{"rendered":"Masse Noble"},"content":{"rendered":"<p><span data-sheets-value=\"{&quot;1&quot;:2,&quot;2&quot;:&quot;La Noble Mace d'Epic Armoury est une masse en latex de 95 cm de long inspiree des masses de ceremonie royales - avec une tournure dangereuse ! La masse a quatre brides dorees, chacune comportant deux pointes et une decoration festonnee le long du baton. La tete de 33 cm a une pointe au sommet et est construite autour d'un bouton central decore. Une poignee de 16 cm a l'extremite du baton de couleur acier est enveloppee de cuir fendu noir pour offrir une prise en main confortable.\\n\\nFabriquee a partir de mousse a cellules fermees durable autour d'un noyau en fibre de verre et finie avec un revetement en latex solide, votre arme LARP fournira la securite et l'attrait dont vous avez besoin pour un costume fiable et unique.&quot;}\" data-sheets-userformat=\"{&quot;2&quot;:1049407,&quot;3&quot;:{&quot;1&quot;:0},&quot;4&quot;:{&quot;1&quot;:2,&quot;2&quot;:13421772},&quot;5&quot;:{&quot;1&quot;:[{&quot;1&quot;:2,&quot;2&quot;:0,&quot;5&quot;:{&quot;1&quot;:2,&quot;2&quot;:0}},{&quot;1&quot;:0,&quot;2&quot;:0,&quot;3&quot;:3},{&quot;1&quot;:1,&quot;2&quot;:0,&quot;4&quot;:1}]},&quot;6&quot;:{&quot;1&quot;:[{&quot;1&quot;:2,&quot;2&quot;:0,&quot;5&quot;:{&quot;1&quot;:2,&quot;2&quot;:0}},{&quot;1&quot;:0,&quot;2&quot;:0,&quot;3&quot;:3},{&quot;1&quot;:1,&quot;2&quot;:0,&quot;4&quot;:1}]},&quot;7&quot;:{&quot;1&quot;:[{&quot;1&quot;:2,&quot;2&quot;:0,&quot;5&quot;:{&quot;1&quot;:2,&quot;2&quot;:0}},{&quot;1&quot;:0,&quot;2&quot;:0,&quot;3&quot;:3},{&quot;1&quot;:1,&quot;2&quot;:0,&quot;4&quot;:1}]},&quot;8&quot;:{&quot;1&quot;:[{&quot;1&quot;:2,&quot;2&quot;:0,&quot;5&quot;:{&quot;1&quot;:2,&quot;2&quot;:0}},{&quot;1&quot;:0,&quot;2&quot;:0,&quot;3&quot;:3},{&quot;1&quot;:1,&quot;2&quot;:0,&quot;4&quot;:1}]},&quot;11&quot;:4,&quot;12&quot;:0,&quot;23&quot;:1}\">La Noble Mace d&rsquo;Epic Armoury est une masse en latex de 95 cm de long inspiree des masses de ceremonie royales &#8211; avec une tournure dangereuse ! La masse a quatre brides dorees, chacune comportant deux pointes et une decoration festonnee le long du baton. La tete de 33 cm a une pointe au sommet et est construite autour d&rsquo;un bouton central decore. Une poignee de 16 cm a l&rsquo;extremite du baton de couleur acier est enveloppee de cuir fendu noir pour offrir une prise en main confortable.<\/span><\/p>\n<p>Fabriquee a partir de mousse a cellules fermees durable autour d&rsquo;un noyau en fibre de verre et finie avec un revetement en latex solide, votre arme LARP fournira la securite et l&rsquo;attrait dont vous avez besoin pour un costume fiable et unique.<\/p>\n","protected":false},"excerpt":{"rendered":"<p><span data-sheets-value=\"{&quot;1&quot;:2,&quot;2&quot;:&quot;L'armure de personne n'est assez solide pour resister a la force pure d'une masse bien placee. Votre Noble Mace est con\u00e7ue pour maximiser l'elan grace a sa conception specifique, exer\u00e7ant la majeure partie de son poids la ou \u00e7a fait le plus mal.\\n\\nQuelle que soit l'epaisseur du casque de votre ennemi, votre arme est la preuve que le vainqueur est celui qui a le plus de force brute. Comme la plupart des nobles privilegies, vous abordez la plupart de vos batailles de la meme maniere impetueuse.&quot;}\" data-sheets-userformat=\"{&quot;2&quot;:1049407,&quot;3&quot;:{&quot;1&quot;:0},&quot;4&quot;:{&quot;1&quot;:2,&quot;2&quot;:13421772},&quot;5&quot;:{&quot;1&quot;:[{&quot;1&quot;:2,&quot;2&quot;:0,&quot;5&quot;:{&quot;1&quot;:2,&quot;2&quot;:0}},{&quot;1&quot;:0,&quot;2&quot;:0,&quot;3&quot;:3},{&quot;1&quot;:1,&quot;2&quot;:0,&quot;4&quot;:1}]},&quot;6&quot;:{&quot;1&quot;:[{&quot;1&quot;:2,&quot;2&quot;:0,&quot;5&quot;:{&quot;1&quot;:2,&quot;2&quot;:0}},{&quot;1&quot;:0,&quot;2&quot;:0,&quot;3&quot;:3},{&quot;1&quot;:1,&quot;2&quot;:0,&quot;4&quot;:1}]},&quot;7&quot;:{&quot;1&quot;:[{&quot;1&quot;:2,&quot;2&quot;:0,&quot;5&quot;:{&quot;1&quot;:2,&quot;2&quot;:0}},{&quot;1&quot;:0,&quot;2&quot;:0,&quot;3&quot;:3},{&quot;1&quot;:1,&quot;2&quot;:0,&quot;4&quot;:1}]},&quot;8&quot;:{&quot;1&quot;:[{&quot;1&quot;:2,&quot;2&quot;:0,&quot;5&quot;:{&quot;1&quot;:2,&quot;2&quot;:0}},{&quot;1&quot;:0,&quot;2&quot;:0,&quot;3&quot;:3},{&quot;1&quot;:1,&quot;2&quot;:0,&quot;4&quot;:1}]},&quot;11&quot;:4,&quot;12&quot;:0,&quot;23&quot;:1}\">L&rsquo;armure de personne n&rsquo;est assez solide pour resister a la force pure d&rsquo;une masse bien placee. Votre Noble Mace est con\u00e7ue pour maximiser l&rsquo;elan grace a sa conception specifique, exer\u00e7ant la majeure partie de son poids la ou \u00e7a fait le plus mal.<\/span><\/p>\n<p>Quelle que soit l&rsquo;epaisseur du casque de votre ennemi, votre arme est la preuve que le vainqueur est celui qui a le plus de force brute. Comme la plupart des nobles privilegies, vous abordez la plupart de vos batailles de la meme maniere impetueuse.<\/p>\n","protected":false},"featured_media":2151,"template":"","meta":[],"product_brand":[],"product_cat":[155,567,161],"product_tag":[],"class_list":{"0":"post-17733","1":"product","2":"type-product","3":"status-publish","4":"has-post-thumbnail","6":"product_cat-armes","7":"product_cat-guerrier","8":"product_cat-masses","10":"first","11":"instock","12":"taxable","13":"shipping-taxable","14":"purchasable","15":"product-type-simple"},"jetpack_sharing_enabled":true,"_links":{"self":[{"href":"https:\/\/boutique.larpnation.fr\/index.php\/wp-json\/wp\/v2\/product\/17733","targetHints":{"allow":["GET"]}}],"collection":[{"href":"https:\/\/boutique.larpnation.fr\/index.php\/wp-json\/wp\/v2\/product"}],"about":[{"href":"https:\/\/boutique.larpnation.fr\/index.php\/wp-json\/wp\/v2\/types\/product"}],"version-history":[{"count":4,"href":"https:\/\/boutique.larpnation.fr\/index.php\/wp-json\/wp\/v2\/product\/17733\/revisions"}],"predecessor-version":[{"id":26942,"href":"https:\/\/boutique.larpnation.fr\/index.php\/wp-json\/wp\/v2\/product\/17733\/revisions\/26942"}],"wp:featuredmedia":[{"embeddable":true,"href":"https:\/\/boutique.larpnation.fr\/index.php\/wp-json\/wp\/v2\/media\/2151"}],"wp:attachment":[{"href":"https:\/\/boutique.larpnation.fr\/index.php\/wp-json\/wp\/v2\/media?parent=17733"}],"wp:term":[{"taxonomy":"product_brand","embeddable":true,"href":"https:\/\/boutique.larpnation.fr\/index.php\/wp-json\/wp\/v2\/product_brand?post=17733"},{"taxonomy":"product_cat","embeddable":true,"href":"https:\/\/boutique.larpnation.fr\/index.php\/wp-json\/wp\/v2\/product_cat?post=17733"},{"taxonomy":"product_tag","embeddable":true,"href":"https:\/\/boutique.larpnation.fr\/index.php\/wp-json\/wp\/v2\/product_tag?post=17733"}],"curies":[{"name":"wp","href":"https:\/\/api.w.org\/{rel}","templated":true}]}}