{"id":17808,"date":"2023-08-03T12:17:11","date_gmt":"2023-08-03T10:17:11","guid":{"rendered":"http:\/\/boutique.larpnation.fr\/index.php\/produit\/noble-leather-polyenes\/"},"modified":"2024-06-17T10:52:47","modified_gmt":"2024-06-17T08:52:47","slug":"noble-leather-polyenes","status":"publish","type":"product","link":"https:\/\/boutique.larpnation.fr\/index.php\/produit\/noble-leather-polyenes\/","title":{"rendered":"Genouill\u00e8re Noble"},"content":{"rendered":"<p><span data-sheets-value=\"{&quot;1&quot;:2,&quot;2&quot;:&quot;Les Poleyns en Cuir Noble Rouge Fonc\u00e9 d'Epic Armoury sont une paire de gardes en cuir con\u00e7ues pour prot\u00e9ger les genoux des fl\u00e8ches g\u00eanantes. Moul\u00e9es et d\u00e9coup\u00e9es pour offrir la meilleure protection \u00e0 l'ensemble du genou, y compris les c\u00f4t\u00e9s et le dessus des tibias, vous pouvez compter sur cette armure pour vous maintenir debout. Les plaques superpos\u00e9es offrent confort et flexibilit\u00e9, permettant une grande mobilit\u00e9 sur le champ de bataille. Peut-\u00eatre encore plus important, ces poleyns pr\u00e9sentent \u00e9galement des d\u00e9tails incroyables tels que du cuir festonn\u00e9 et des bords en velours rouge, ainsi que des motifs d\u00e9coup\u00e9s.\\n\\nFabriqu\u00e9es en cuir de haute qualit\u00e9, ces pi\u00e8ces d'armure sont con\u00e7ues pour r\u00e9sister aux rigueurs d'un jeu de r\u00f4le grandeur nature ou d'une reconstitution historique avec un entretien r\u00e9gulier du cuir. Deux sangles en cuir sont utilis\u00e9es pour maintenir chaque Poleyn Noble en place. Des \u0153illets en laiton le long des tibias et en haut des poleyns peuvent \u00eatre utilis\u00e9s pour attacher des protections de cuisse et de tibia. Port\u00e9es seules ou avec un ensemble complet d'armure, ces Poleyns Nobles ajouteront certainement de l'\u00e9l\u00e9gance \u00e0 votre costume.&quot;}\" data-sheets-userformat=\"{&quot;2&quot;:1049527,&quot;3&quot;:{&quot;1&quot;:0},&quot;4&quot;:{&quot;1&quot;:2,&quot;2&quot;:13421772},&quot;5&quot;:{&quot;1&quot;:[{&quot;1&quot;:2,&quot;2&quot;:0,&quot;5&quot;:{&quot;1&quot;:2,&quot;2&quot;:0}},{&quot;1&quot;:0,&quot;2&quot;:0,&quot;3&quot;:3},{&quot;1&quot;:1,&quot;2&quot;:0,&quot;4&quot;:1}]},&quot;7&quot;:{&quot;1&quot;:[{&quot;1&quot;:2,&quot;2&quot;:0,&quot;5&quot;:{&quot;1&quot;:2,&quot;2&quot;:0}},{&quot;1&quot;:0,&quot;2&quot;:0,&quot;3&quot;:3},{&quot;1&quot;:1,&quot;2&quot;:0,&quot;4&quot;:1}]},&quot;8&quot;:{&quot;1&quot;:[{&quot;1&quot;:2,&quot;2&quot;:0,&quot;5&quot;:{&quot;1&quot;:2,&quot;2&quot;:0}},{&quot;1&quot;:0,&quot;2&quot;:0,&quot;3&quot;:3},{&quot;1&quot;:1,&quot;2&quot;:0,&quot;4&quot;:1}]},&quot;10&quot;:0,&quot;11&quot;:4,&quot;12&quot;:0,&quot;23&quot;:1}\">Les Poleyns en Cuir Noble Rouge Fonc\u00e9 d&rsquo;Epic Armoury sont une paire de gardes en cuir con\u00e7ues pour prot\u00e9ger les genoux des fl\u00e8ches g\u00eanantes. Moul\u00e9es et d\u00e9coup\u00e9es pour offrir la meilleure protection \u00e0 l&rsquo;ensemble du genou, y compris les c\u00f4t\u00e9s et le dessus des tibias, vous pouvez compter sur cette armure pour vous maintenir debout. Les plaques superpos\u00e9es offrent confort et flexibilit\u00e9, permettant une grande mobilit\u00e9 sur le champ de bataille. Peut-\u00eatre encore plus important, ces poleyns pr\u00e9sentent \u00e9galement des d\u00e9tails incroyables tels que du cuir festonn\u00e9 et des bords en velours rouge, ainsi que des motifs d\u00e9coup\u00e9s.<\/span><\/p>\n<p>Fabriqu\u00e9es en cuir de haute qualit\u00e9, ces pi\u00e8ces d&rsquo;armure sont con\u00e7ues pour r\u00e9sister aux rigueurs d&rsquo;un jeu de r\u00f4le grandeur nature ou d&rsquo;une reconstitution historique avec un entretien r\u00e9gulier du cuir. Deux sangles en cuir sont utilis\u00e9es pour maintenir chaque Poleyn Noble en place. Des \u0153illets en laiton le long des tibias et en haut des poleyns peuvent \u00eatre utilis\u00e9s pour attacher des protections de cuisse et de tibia. Port\u00e9es seules ou avec un ensemble complet d&rsquo;armure, ces Poleyns Nobles ajouteront certainement de l&rsquo;\u00e9l\u00e9gance \u00e0 votre costume.<\/p>\n","protected":false},"excerpt":{"rendered":"<p>Les Poleyns en Cuir Noble Rouge Fonc\u00e9 d&rsquo;Epic Armoury sont une paire de gardes en cuir con\u00e7ues pour prot\u00e9ger les genoux des fl\u00e8ches g\u00eanantes. Moul\u00e9es et d\u00e9coup\u00e9es pour offrir la meilleure protection \u00e0 l&rsquo;ensemble du&hellip;<\/p>\n","protected":false},"featured_media":5480,"template":"","meta":[],"product_brand":[],"product_cat":[528,535],"product_tag":[494],"class_list":{"0":"post-17808","1":"product","2":"type-product","3":"status-publish","4":"has-post-thumbnail","6":"product_cat-armures-sur-demande","7":"product_cat-jambes-sur-demande","8":"product_tag-cuir","10":"first","11":"outofstock","12":"taxable","13":"shipping-taxable","14":"purchasable","15":"product-type-variable"},"jetpack_sharing_enabled":true,"_links":{"self":[{"href":"https:\/\/boutique.larpnation.fr\/index.php\/wp-json\/wp\/v2\/product\/17808","targetHints":{"allow":["GET"]}}],"collection":[{"href":"https:\/\/boutique.larpnation.fr\/index.php\/wp-json\/wp\/v2\/product"}],"about":[{"href":"https:\/\/boutique.larpnation.fr\/index.php\/wp-json\/wp\/v2\/types\/product"}],"version-history":[{"count":4,"href":"https:\/\/boutique.larpnation.fr\/index.php\/wp-json\/wp\/v2\/product\/17808\/revisions"}],"predecessor-version":[{"id":26502,"href":"https:\/\/boutique.larpnation.fr\/index.php\/wp-json\/wp\/v2\/product\/17808\/revisions\/26502"}],"wp:featuredmedia":[{"embeddable":true,"href":"https:\/\/boutique.larpnation.fr\/index.php\/wp-json\/wp\/v2\/media\/5480"}],"wp:attachment":[{"href":"https:\/\/boutique.larpnation.fr\/index.php\/wp-json\/wp\/v2\/media?parent=17808"}],"wp:term":[{"taxonomy":"product_brand","embeddable":true,"href":"https:\/\/boutique.larpnation.fr\/index.php\/wp-json\/wp\/v2\/product_brand?post=17808"},{"taxonomy":"product_cat","embeddable":true,"href":"https:\/\/boutique.larpnation.fr\/index.php\/wp-json\/wp\/v2\/product_cat?post=17808"},{"taxonomy":"product_tag","embeddable":true,"href":"https:\/\/boutique.larpnation.fr\/index.php\/wp-json\/wp\/v2\/product_tag?post=17808"}],"curies":[{"name":"wp","href":"https:\/\/api.w.org\/{rel}","templated":true}]}}