{"id":17809,"date":"2023-08-03T12:17:11","date_gmt":"2023-08-03T10:17:11","guid":{"rendered":"http:\/\/boutique.larpnation.fr\/index.php\/produit\/rfb-viking-greaves\/"},"modified":"2024-07-12T11:16:08","modified_gmt":"2024-07-12T09:16:08","slug":"rfb-viking-greaves","status":"publish","type":"product","link":"https:\/\/boutique.larpnation.fr\/index.php\/produit\/rfb-viking-greaves\/","title":{"rendered":"RFB Greve vikings"},"content":{"rendered":"<p><span data-sheets-value=\"{&quot;1&quot;:2,&quot;2&quot;:&quot;LesViking Greaves d'Epic Armoury sont des greaves en cuir \u00e9l\u00e9gantes con\u00e7ues pour prot\u00e9ger les mollets. L'armure est construite \u00e0 partir de lani\u00e8res de cuir d\u00e9coup\u00e9es dans du cuir fendu tann\u00e9 au chrome, tiss\u00e9es ensemble pour cr\u00e9er un beau design. L'armure est fix\u00e9e \u00e0 la jambe par des sangles de cuir robustes et des boucles en laiton.\\n\\nLes Viking Greaves sont bord\u00e9es de cuir fendu doux suppl\u00e9mentaire pour \u00e9viter que l'armure ne se d\u00e9forme avec une usure excessive. Cette armure correspond \u00e0 notre Viking Armour et \u00e0 nos Bracers, mais poss\u00e8de un style distinct et neutre qui s'harmonisera avec presque toutes les combinaisons de costumes pour votre premi\u00e8re aventure.&quot;}\" data-sheets-userformat=\"{&quot;2&quot;:1049527,&quot;3&quot;:{&quot;1&quot;:0},&quot;4&quot;:{&quot;1&quot;:2,&quot;2&quot;:13421772},&quot;5&quot;:{&quot;1&quot;:[{&quot;1&quot;:2,&quot;2&quot;:0,&quot;5&quot;:{&quot;1&quot;:2,&quot;2&quot;:0}},{&quot;1&quot;:0,&quot;2&quot;:0,&quot;3&quot;:3},{&quot;1&quot;:1,&quot;2&quot;:0,&quot;4&quot;:1}]},&quot;7&quot;:{&quot;1&quot;:[{&quot;1&quot;:2,&quot;2&quot;:0,&quot;5&quot;:{&quot;1&quot;:2,&quot;2&quot;:0}},{&quot;1&quot;:0,&quot;2&quot;:0,&quot;3&quot;:3},{&quot;1&quot;:1,&quot;2&quot;:0,&quot;4&quot;:1}]},&quot;8&quot;:{&quot;1&quot;:[{&quot;1&quot;:2,&quot;2&quot;:0,&quot;5&quot;:{&quot;1&quot;:2,&quot;2&quot;:0}},{&quot;1&quot;:0,&quot;2&quot;:0,&quot;3&quot;:3},{&quot;1&quot;:1,&quot;2&quot;:0,&quot;4&quot;:1}]},&quot;10&quot;:0,&quot;11&quot;:4,&quot;12&quot;:0,&quot;23&quot;:1}\">LesViking Greaves d&rsquo;Epic Armoury sont des greaves en cuir \u00e9l\u00e9gantes con\u00e7ues pour prot\u00e9ger les mollets. L&rsquo;armure est construite \u00e0 partir de lani\u00e8res de cuir d\u00e9coup\u00e9es dans du cuir fendu tann\u00e9 au chrome, tiss\u00e9es ensemble pour cr\u00e9er un beau design. L&rsquo;armure est fix\u00e9e \u00e0 la jambe par des sangles de cuir robustes et des boucles en laiton.<\/span><\/p>\n<p>Les Viking Greaves sont bord\u00e9es de cuir fendu doux suppl\u00e9mentaire pour \u00e9viter que l&rsquo;armure ne se d\u00e9forme avec une usure excessive. Cette armure correspond \u00e0 notre Viking Armour et \u00e0 nos Bracers, mais poss\u00e8de un style distinct et neutre qui s&rsquo;harmonisera avec presque toutes les combinaisons de costumes pour votre premi\u00e8re aventure.<\/p>\n","protected":false},"excerpt":{"rendered":"<p><span data-sheets-value=\"{&quot;1&quot;:2,&quot;2&quot;:&quot;Comme l'un des guerriers de ta tribu viking, tu voyages fr\u00e9quemment. C'est une vie difficile et impitoyable envers les faibles. Si tu ne peux pas suivre, tu seras laiss\u00e9 derri\u00e8re.\\n\\nTes nombreux voyages n\u00e9cessitent une armure con\u00e7ue pour durer. Tu comptes sur des pi\u00e8ces comme tes RFB Viking Greaves pour te maintenir en forme ! Avec ton \u00e9p\u00e9e, tes chaussures solides et ton habilet\u00e9, tu esp\u00e8res plaire aux dieux dans de nombreuses batailles. Tu as certainement l'instinct du guerrier.&quot;}\" data-sheets-userformat=\"{&quot;2&quot;:1049527,&quot;3&quot;:{&quot;1&quot;:0},&quot;4&quot;:{&quot;1&quot;:2,&quot;2&quot;:13421772},&quot;5&quot;:{&quot;1&quot;:[{&quot;1&quot;:2,&quot;2&quot;:0,&quot;5&quot;:{&quot;1&quot;:2,&quot;2&quot;:0}},{&quot;1&quot;:0,&quot;2&quot;:0,&quot;3&quot;:3},{&quot;1&quot;:1,&quot;2&quot;:0,&quot;4&quot;:1}]},&quot;7&quot;:{&quot;1&quot;:[{&quot;1&quot;:2,&quot;2&quot;:0,&quot;5&quot;:{&quot;1&quot;:2,&quot;2&quot;:0}},{&quot;1&quot;:0,&quot;2&quot;:0,&quot;3&quot;:3},{&quot;1&quot;:1,&quot;2&quot;:0,&quot;4&quot;:1}]},&quot;8&quot;:{&quot;1&quot;:[{&quot;1&quot;:2,&quot;2&quot;:0,&quot;5&quot;:{&quot;1&quot;:2,&quot;2&quot;:0}},{&quot;1&quot;:0,&quot;2&quot;:0,&quot;3&quot;:3},{&quot;1&quot;:1,&quot;2&quot;:0,&quot;4&quot;:1}]},&quot;10&quot;:0,&quot;11&quot;:4,&quot;12&quot;:0,&quot;23&quot;:1}\">Comme l&rsquo;un des guerriers de ta tribu viking, tu voyages fr\u00e9quemment. C&rsquo;est une vie difficile et impitoyable envers les faibles. Si tu ne peux pas suivre, tu seras laiss\u00e9 derri\u00e8re.<\/span><\/p>\n<p>Tes nombreux voyages n\u00e9cessitent une armure con\u00e7ue pour durer. Tu comptes sur des pi\u00e8ces comme tes RFB Viking Greaves pour te maintenir en forme ! Avec ton \u00e9p\u00e9e, tes chaussures solides et ton habilet\u00e9, tu esp\u00e8res plaire aux dieux dans de nombreuses batailles. Tu as certainement l&rsquo;instinct du guerrier.<\/p>\n","protected":false},"featured_media":5524,"template":"","meta":[],"product_brand":[],"product_cat":[528,535],"product_tag":[494],"class_list":{"0":"post-17809","1":"product","2":"type-product","3":"status-publish","4":"has-post-thumbnail","6":"product_cat-armures-sur-demande","7":"product_cat-jambes-sur-demande","8":"product_tag-cuir","10":"first","11":"outofstock","12":"taxable","13":"shipping-taxable","14":"purchasable","15":"product-type-variable"},"jetpack_sharing_enabled":true,"_links":{"self":[{"href":"https:\/\/boutique.larpnation.fr\/index.php\/wp-json\/wp\/v2\/product\/17809","targetHints":{"allow":["GET"]}}],"collection":[{"href":"https:\/\/boutique.larpnation.fr\/index.php\/wp-json\/wp\/v2\/product"}],"about":[{"href":"https:\/\/boutique.larpnation.fr\/index.php\/wp-json\/wp\/v2\/types\/product"}],"version-history":[{"count":3,"href":"https:\/\/boutique.larpnation.fr\/index.php\/wp-json\/wp\/v2\/product\/17809\/revisions"}],"predecessor-version":[{"id":26503,"href":"https:\/\/boutique.larpnation.fr\/index.php\/wp-json\/wp\/v2\/product\/17809\/revisions\/26503"}],"wp:featuredmedia":[{"embeddable":true,"href":"https:\/\/boutique.larpnation.fr\/index.php\/wp-json\/wp\/v2\/media\/5524"}],"wp:attachment":[{"href":"https:\/\/boutique.larpnation.fr\/index.php\/wp-json\/wp\/v2\/media?parent=17809"}],"wp:term":[{"taxonomy":"product_brand","embeddable":true,"href":"https:\/\/boutique.larpnation.fr\/index.php\/wp-json\/wp\/v2\/product_brand?post=17809"},{"taxonomy":"product_cat","embeddable":true,"href":"https:\/\/boutique.larpnation.fr\/index.php\/wp-json\/wp\/v2\/product_cat?post=17809"},{"taxonomy":"product_tag","embeddable":true,"href":"https:\/\/boutique.larpnation.fr\/index.php\/wp-json\/wp\/v2\/product_tag?post=17809"}],"curies":[{"name":"wp","href":"https:\/\/api.w.org\/{rel}","templated":true}]}}