{"id":17811,"date":"2023-08-03T12:17:11","date_gmt":"2023-08-03T10:17:11","guid":{"rendered":"http:\/\/boutique.larpnation.fr\/index.php\/produit\/leg-cuff-seran\/"},"modified":"2024-05-15T13:45:50","modified_gmt":"2024-05-15T11:45:50","slug":"leg-cuff-seran","status":"publish","type":"product","link":"https:\/\/boutique.larpnation.fr\/index.php\/produit\/leg-cuff-seran\/","title":{"rendered":"Manchette de jambe Seran"},"content":{"rendered":"","protected":false},"excerpt":{"rendered":"<p><span data-sheets-value=\"{&quot;1&quot;:2,&quot;2&quot;:&quot;Les Seran Leg Cuffs sont l'accessoire parfait pour les personnages tels que les voleurs, les chasseurs ou les archers. Ils couvrent enti\u00e8rement les tibias et sont dot\u00e9s de lacets \u00e0 l'arri\u00e8re pour une flexibilit\u00e9 maximale. Fabriqu\u00e9s \u00e0 partir d'un m\u00e9lange de laine, ils garderont vos jambes inf\u00e9rieures au chaud lors d'une aventure matinale froide ou d'un voyage en hiver.&quot;}\" data-sheets-userformat=\"{&quot;2&quot;:1049527,&quot;3&quot;:{&quot;1&quot;:0},&quot;4&quot;:{&quot;1&quot;:2,&quot;2&quot;:13421772},&quot;5&quot;:{&quot;1&quot;:[{&quot;1&quot;:2,&quot;2&quot;:0,&quot;5&quot;:{&quot;1&quot;:2,&quot;2&quot;:0}},{&quot;1&quot;:0,&quot;2&quot;:0,&quot;3&quot;:3},{&quot;1&quot;:1,&quot;2&quot;:0,&quot;4&quot;:1}]},&quot;7&quot;:{&quot;1&quot;:[{&quot;1&quot;:2,&quot;2&quot;:0,&quot;5&quot;:{&quot;1&quot;:2,&quot;2&quot;:0}},{&quot;1&quot;:0,&quot;2&quot;:0,&quot;3&quot;:3},{&quot;1&quot;:1,&quot;2&quot;:0,&quot;4&quot;:1}]},&quot;8&quot;:{&quot;1&quot;:[{&quot;1&quot;:2,&quot;2&quot;:0,&quot;5&quot;:{&quot;1&quot;:2,&quot;2&quot;:0}},{&quot;1&quot;:0,&quot;2&quot;:0,&quot;3&quot;:3},{&quot;1&quot;:1,&quot;2&quot;:0,&quot;4&quot;:1}]},&quot;10&quot;:0,&quot;11&quot;:4,&quot;12&quot;:0,&quot;23&quot;:1}\">Les Seran Leg Cuffs sont l&rsquo;accessoire parfait pour les personnages tels que les voleurs, les chasseurs ou les archers. Ils couvrent enti\u00e8rement les tibias et sont dot\u00e9s de lacets \u00e0 l&rsquo;arri\u00e8re pour une flexibilit\u00e9 maximale. Fabriqu\u00e9s \u00e0 partir d&rsquo;un m\u00e9lange de laine, ils garderont vos jambes inf\u00e9rieures au chaud lors d&rsquo;une aventure matinale froide ou d&rsquo;un voyage en hiver.<\/span><\/p>\n","protected":false},"featured_media":5718,"template":"","meta":[],"product_brand":[],"product_cat":[528,535],"product_tag":[],"class_list":{"0":"post-17811","1":"product","2":"type-product","3":"status-publish","4":"has-post-thumbnail","6":"product_cat-armures-sur-demande","7":"product_cat-jambes-sur-demande","9":"first","10":"outofstock","11":"taxable","12":"shipping-taxable","13":"purchasable","14":"product-type-variable"},"jetpack_sharing_enabled":true,"_links":{"self":[{"href":"https:\/\/boutique.larpnation.fr\/index.php\/wp-json\/wp\/v2\/product\/17811","targetHints":{"allow":["GET"]}}],"collection":[{"href":"https:\/\/boutique.larpnation.fr\/index.php\/wp-json\/wp\/v2\/product"}],"about":[{"href":"https:\/\/boutique.larpnation.fr\/index.php\/wp-json\/wp\/v2\/types\/product"}],"version-history":[{"count":2,"href":"https:\/\/boutique.larpnation.fr\/index.php\/wp-json\/wp\/v2\/product\/17811\/revisions"}],"predecessor-version":[{"id":20529,"href":"https:\/\/boutique.larpnation.fr\/index.php\/wp-json\/wp\/v2\/product\/17811\/revisions\/20529"}],"wp:featuredmedia":[{"embeddable":true,"href":"https:\/\/boutique.larpnation.fr\/index.php\/wp-json\/wp\/v2\/media\/5718"}],"wp:attachment":[{"href":"https:\/\/boutique.larpnation.fr\/index.php\/wp-json\/wp\/v2\/media?parent=17811"}],"wp:term":[{"taxonomy":"product_brand","embeddable":true,"href":"https:\/\/boutique.larpnation.fr\/index.php\/wp-json\/wp\/v2\/product_brand?post=17811"},{"taxonomy":"product_cat","embeddable":true,"href":"https:\/\/boutique.larpnation.fr\/index.php\/wp-json\/wp\/v2\/product_cat?post=17811"},{"taxonomy":"product_tag","embeddable":true,"href":"https:\/\/boutique.larpnation.fr\/index.php\/wp-json\/wp\/v2\/product_tag?post=17811"}],"curies":[{"name":"wp","href":"https:\/\/api.w.org\/{rel}","templated":true}]}}