{"id":17812,"date":"2023-08-03T12:17:11","date_gmt":"2023-08-03T10:17:11","guid":{"rendered":"http:\/\/boutique.larpnation.fr\/index.php\/produit\/leg-cuff-nares\/"},"modified":"2024-05-15T13:45:50","modified_gmt":"2024-05-15T11:45:50","slug":"leg-cuff-nares","status":"publish","type":"product","link":"https:\/\/boutique.larpnation.fr\/index.php\/produit\/leg-cuff-nares\/","title":{"rendered":"Manchette de jambes Nares"},"content":{"rendered":"","protected":false},"excerpt":{"rendered":"<p><span data-sheets-value=\"{&quot;1&quot;:2,&quot;2&quot;:&quot;Les prot\u00e8ge-jambes \\&quot;Nares Leg Cuffs\\&quot; de Burgschneider offrent une couche suppl\u00e9mentaire de protection contre les \u00e9l\u00e9ments et les \u00e9raflures ou coupures potentielles lors des aventures en ext\u00e9rieur. Leur conception classique et leur m\u00e9lange de tissus naturels s'int\u00e8grent parfaitement \u00e0 n'importe quelle tenue m\u00e9di\u00e9vale ou d'inspiration fantastique, ce qui en fait un accessoire id\u00e9al pour les \u00e9v\u00e9nements de Grandeur Nature (GN), les reconstitutions historiques et les foires m\u00e9di\u00e9vales.&quot;}\" data-sheets-userformat=\"{&quot;2&quot;:1049527,&quot;3&quot;:{&quot;1&quot;:0},&quot;4&quot;:{&quot;1&quot;:2,&quot;2&quot;:13421772},&quot;5&quot;:{&quot;1&quot;:[{&quot;1&quot;:2,&quot;2&quot;:0,&quot;5&quot;:{&quot;1&quot;:2,&quot;2&quot;:0}},{&quot;1&quot;:0,&quot;2&quot;:0,&quot;3&quot;:3},{&quot;1&quot;:1,&quot;2&quot;:0,&quot;4&quot;:1}]},&quot;7&quot;:{&quot;1&quot;:[{&quot;1&quot;:2,&quot;2&quot;:0,&quot;5&quot;:{&quot;1&quot;:2,&quot;2&quot;:0}},{&quot;1&quot;:0,&quot;2&quot;:0,&quot;3&quot;:3},{&quot;1&quot;:1,&quot;2&quot;:0,&quot;4&quot;:1}]},&quot;8&quot;:{&quot;1&quot;:[{&quot;1&quot;:2,&quot;2&quot;:0,&quot;5&quot;:{&quot;1&quot;:2,&quot;2&quot;:0}},{&quot;1&quot;:0,&quot;2&quot;:0,&quot;3&quot;:3},{&quot;1&quot;:1,&quot;2&quot;:0,&quot;4&quot;:1}]},&quot;10&quot;:0,&quot;11&quot;:4,&quot;12&quot;:0,&quot;23&quot;:1}\">Les prot\u00e8ge-jambes \u00ab\u00a0Nares Leg Cuffs\u00a0\u00bb de Burgschneider offrent une couche suppl\u00e9mentaire de protection contre les \u00e9l\u00e9ments et les \u00e9raflures ou coupures potentielles lors des aventures en ext\u00e9rieur. Leur conception classique et leur m\u00e9lange de tissus naturels s&rsquo;int\u00e8grent parfaitement \u00e0 n&rsquo;importe quelle tenue m\u00e9di\u00e9vale ou d&rsquo;inspiration fantastique, ce qui en fait un accessoire id\u00e9al pour les \u00e9v\u00e9nements de Grandeur Nature (GN), les reconstitutions historiques et les foires m\u00e9di\u00e9vales.<\/span><\/p>\n","protected":false},"featured_media":5734,"template":"","meta":[],"product_brand":[],"product_cat":[528,535],"product_tag":[],"class_list":{"0":"post-17812","1":"product","2":"type-product","3":"status-publish","4":"has-post-thumbnail","6":"product_cat-armures-sur-demande","7":"product_cat-jambes-sur-demande","9":"first","10":"outofstock","11":"taxable","12":"shipping-taxable","13":"purchasable","14":"product-type-variable"},"jetpack_sharing_enabled":true,"_links":{"self":[{"href":"https:\/\/boutique.larpnation.fr\/index.php\/wp-json\/wp\/v2\/product\/17812","targetHints":{"allow":["GET"]}}],"collection":[{"href":"https:\/\/boutique.larpnation.fr\/index.php\/wp-json\/wp\/v2\/product"}],"about":[{"href":"https:\/\/boutique.larpnation.fr\/index.php\/wp-json\/wp\/v2\/types\/product"}],"version-history":[{"count":2,"href":"https:\/\/boutique.larpnation.fr\/index.php\/wp-json\/wp\/v2\/product\/17812\/revisions"}],"predecessor-version":[{"id":20530,"href":"https:\/\/boutique.larpnation.fr\/index.php\/wp-json\/wp\/v2\/product\/17812\/revisions\/20530"}],"wp:featuredmedia":[{"embeddable":true,"href":"https:\/\/boutique.larpnation.fr\/index.php\/wp-json\/wp\/v2\/media\/5734"}],"wp:attachment":[{"href":"https:\/\/boutique.larpnation.fr\/index.php\/wp-json\/wp\/v2\/media?parent=17812"}],"wp:term":[{"taxonomy":"product_brand","embeddable":true,"href":"https:\/\/boutique.larpnation.fr\/index.php\/wp-json\/wp\/v2\/product_brand?post=17812"},{"taxonomy":"product_cat","embeddable":true,"href":"https:\/\/boutique.larpnation.fr\/index.php\/wp-json\/wp\/v2\/product_cat?post=17812"},{"taxonomy":"product_tag","embeddable":true,"href":"https:\/\/boutique.larpnation.fr\/index.php\/wp-json\/wp\/v2\/product_tag?post=17812"}],"curies":[{"name":"wp","href":"https:\/\/api.w.org\/{rel}","templated":true}]}}