{"id":17818,"date":"2023-08-03T12:17:13","date_gmt":"2023-08-03T10:17:13","guid":{"rendered":"http:\/\/boutique.larpnation.fr\/index.php\/produit\/kettle-hat\/"},"modified":"2024-05-15T13:31:30","modified_gmt":"2024-05-15T11:31:30","slug":"kettle-hat","status":"publish","type":"product","link":"https:\/\/boutique.larpnation.fr\/index.php\/produit\/kettle-hat\/","title":{"rendered":"Chapel de fer"},"content":{"rendered":"<p><span data-sheets-value=\"{&quot;1&quot;:2,&quot;2&quot;:&quot;Le Kettle Hat d'Epic Armoury est un casque en acier inspir\u00e9 de l'armure d'infanterie utilis\u00e9e au cours du Moyen \u00c2ge. Le rebord du Kettle Hat est large et inclin\u00e9 afin de prot\u00e9ger la t\u00eate et le visage contre les armes, les projectiles et le soleil. Portez ce casque avec une cagoule en m\u00e9tal pour une protection suppl\u00e9mentaire au niveau du cou et des joues.\\n\\nFixez le Kettle Hat en resserrant la sangle en cuir sous le menton, maintenant le casque en place. Fabriqu\u00e9 en acier doux de 1 mm d'\u00e9paisseur et en sangles et accessoires en cuir pleine fleur, cette pi\u00e8ce d'armure est con\u00e7ue pour r\u00e9sister aux abus d'un jeu de r\u00f4le grandeur nature ou d'une reconstitution historique avec des soins r\u00e9guliers pour le cuir et l'acier.&quot;}\" data-sheets-userformat=\"{&quot;2&quot;:1049535,&quot;3&quot;:{&quot;1&quot;:0},&quot;4&quot;:{&quot;1&quot;:2,&quot;2&quot;:13421772},&quot;5&quot;:{&quot;1&quot;:[{&quot;1&quot;:2,&quot;2&quot;:0,&quot;5&quot;:{&quot;1&quot;:2,&quot;2&quot;:0}},{&quot;1&quot;:0,&quot;2&quot;:0,&quot;3&quot;:3},{&quot;1&quot;:1,&quot;2&quot;:0,&quot;4&quot;:1}]},&quot;6&quot;:{&quot;1&quot;:[{&quot;1&quot;:2,&quot;2&quot;:0,&quot;5&quot;:{&quot;1&quot;:2,&quot;2&quot;:0}},{&quot;1&quot;:0,&quot;2&quot;:0,&quot;3&quot;:3},{&quot;1&quot;:1,&quot;2&quot;:0,&quot;4&quot;:1}]},&quot;7&quot;:{&quot;1&quot;:[{&quot;1&quot;:2,&quot;2&quot;:0,&quot;5&quot;:{&quot;1&quot;:2,&quot;2&quot;:0}},{&quot;1&quot;:0,&quot;2&quot;:0,&quot;3&quot;:3},{&quot;1&quot;:1,&quot;2&quot;:0,&quot;4&quot;:1}]},&quot;8&quot;:{&quot;1&quot;:[{&quot;1&quot;:2,&quot;2&quot;:0,&quot;5&quot;:{&quot;1&quot;:2,&quot;2&quot;:0}},{&quot;1&quot;:0,&quot;2&quot;:0,&quot;3&quot;:3},{&quot;1&quot;:1,&quot;2&quot;:0,&quot;4&quot;:1}]},&quot;10&quot;:0,&quot;11&quot;:4,&quot;12&quot;:0,&quot;23&quot;:1}\">Le Kettle Hat d&rsquo;Epic Armoury est un casque en acier inspir\u00e9 de l&rsquo;armure d&rsquo;infanterie utilis\u00e9e au cours du Moyen \u00c2ge. Le rebord du Kettle Hat est large et inclin\u00e9 afin de prot\u00e9ger la t\u00eate et le visage contre les armes, les projectiles et le soleil. Portez ce casque avec une cagoule en m\u00e9tal pour une protection suppl\u00e9mentaire au niveau du cou et des joues.<\/span><\/p>\n<p>Fixez le Kettle Hat en resserrant la sangle en cuir sous le menton, maintenant le casque en place. Fabriqu\u00e9 en acier doux de 1 mm d&rsquo;\u00e9paisseur et en sangles et accessoires en cuir pleine fleur, cette pi\u00e8ce d&rsquo;armure est con\u00e7ue pour r\u00e9sister aux abus d&rsquo;un jeu de r\u00f4le grandeur nature ou d&rsquo;une reconstitution historique avec des soins r\u00e9guliers pour le cuir et l&rsquo;acier.<\/p>\n","protected":false},"excerpt":{"rendered":"<p><span data-sheets-value=\"{&quot;1&quot;:2,&quot;2&quot;:&quot;Vous montez la garde depuis la tour, restant \u00e0 votre poste de garde m\u00eame lorsque tout semble calme. Bien que l'heure soit tardive et qu'il soit peu probable que l'ennemi attaque cette nuit, c'est votre devoir de maintenir le camp en s\u00e9curit\u00e9. Au moindre signe de danger, vous devez donner l'alarme.\\n\\nAppuy\u00e9 sur votre lance et ajustant votre chapel-de-fer, vous r\u00e9primez un b\u00e2illement \u00e9puis\u00e9. Vous \u00eates pr\u00eat \u00e0 attendre et \u00e0 surveiller pendant des heures, mais cela ne vous fait pas moins regretter votre lit. Un peu de caf\u00e9 serait grandement appr\u00e9ci\u00e9.&quot;}\" data-sheets-userformat=\"{&quot;2&quot;:1049535,&quot;3&quot;:{&quot;1&quot;:0},&quot;4&quot;:{&quot;1&quot;:2,&quot;2&quot;:13421772},&quot;5&quot;:{&quot;1&quot;:[{&quot;1&quot;:2,&quot;2&quot;:0,&quot;5&quot;:{&quot;1&quot;:2,&quot;2&quot;:0}},{&quot;1&quot;:0,&quot;2&quot;:0,&quot;3&quot;:3},{&quot;1&quot;:1,&quot;2&quot;:0,&quot;4&quot;:1}]},&quot;6&quot;:{&quot;1&quot;:[{&quot;1&quot;:2,&quot;2&quot;:0,&quot;5&quot;:{&quot;1&quot;:2,&quot;2&quot;:0}},{&quot;1&quot;:0,&quot;2&quot;:0,&quot;3&quot;:3},{&quot;1&quot;:1,&quot;2&quot;:0,&quot;4&quot;:1}]},&quot;7&quot;:{&quot;1&quot;:[{&quot;1&quot;:2,&quot;2&quot;:0,&quot;5&quot;:{&quot;1&quot;:2,&quot;2&quot;:0}},{&quot;1&quot;:0,&quot;2&quot;:0,&quot;3&quot;:3},{&quot;1&quot;:1,&quot;2&quot;:0,&quot;4&quot;:1}]},&quot;8&quot;:{&quot;1&quot;:[{&quot;1&quot;:2,&quot;2&quot;:0,&quot;5&quot;:{&quot;1&quot;:2,&quot;2&quot;:0}},{&quot;1&quot;:0,&quot;2&quot;:0,&quot;3&quot;:3},{&quot;1&quot;:1,&quot;2&quot;:0,&quot;4&quot;:1}]},&quot;10&quot;:0,&quot;11&quot;:4,&quot;12&quot;:0,&quot;23&quot;:1}\">Vous montez la garde depuis la tour, restant \u00e0 votre poste de garde m\u00eame lorsque tout semble calme. Bien que l&rsquo;heure soit tardive et qu&rsquo;il soit peu probable que l&rsquo;ennemi attaque cette nuit, c&rsquo;est votre devoir de maintenir le camp en s\u00e9curit\u00e9. Au moindre signe de danger, vous devez donner l&rsquo;alarme.<\/span><\/p>\n<p>Appuy\u00e9 sur votre lance et ajustant votre chapel-de-fer, vous r\u00e9primez un b\u00e2illement \u00e9puis\u00e9. Vous \u00eates pr\u00eat \u00e0 attendre et \u00e0 surveiller pendant des heures, mais cela ne vous fait pas moins regretter votre lit. Un peu de caf\u00e9 serait grandement appr\u00e9ci\u00e9.<\/p>\n","protected":false},"featured_media":6242,"template":"","meta":[],"product_brand":[],"product_cat":[528,530],"product_tag":[493],"class_list":{"0":"post-17818","1":"product","2":"type-product","3":"status-publish","4":"has-post-thumbnail","6":"product_cat-armures-sur-demande","7":"product_cat-casques-sur-demande","8":"product_tag-metal","10":"first","11":"outofstock","12":"taxable","13":"shipping-taxable","14":"purchasable","15":"product-type-variable"},"jetpack_sharing_enabled":true,"_links":{"self":[{"href":"https:\/\/boutique.larpnation.fr\/index.php\/wp-json\/wp\/v2\/product\/17818","targetHints":{"allow":["GET"]}}],"collection":[{"href":"https:\/\/boutique.larpnation.fr\/index.php\/wp-json\/wp\/v2\/product"}],"about":[{"href":"https:\/\/boutique.larpnation.fr\/index.php\/wp-json\/wp\/v2\/types\/product"}],"version-history":[{"count":5,"href":"https:\/\/boutique.larpnation.fr\/index.php\/wp-json\/wp\/v2\/product\/17818\/revisions"}],"predecessor-version":[{"id":27418,"href":"https:\/\/boutique.larpnation.fr\/index.php\/wp-json\/wp\/v2\/product\/17818\/revisions\/27418"}],"wp:featuredmedia":[{"embeddable":true,"href":"https:\/\/boutique.larpnation.fr\/index.php\/wp-json\/wp\/v2\/media\/6242"}],"wp:attachment":[{"href":"https:\/\/boutique.larpnation.fr\/index.php\/wp-json\/wp\/v2\/media?parent=17818"}],"wp:term":[{"taxonomy":"product_brand","embeddable":true,"href":"https:\/\/boutique.larpnation.fr\/index.php\/wp-json\/wp\/v2\/product_brand?post=17818"},{"taxonomy":"product_cat","embeddable":true,"href":"https:\/\/boutique.larpnation.fr\/index.php\/wp-json\/wp\/v2\/product_cat?post=17818"},{"taxonomy":"product_tag","embeddable":true,"href":"https:\/\/boutique.larpnation.fr\/index.php\/wp-json\/wp\/v2\/product_tag?post=17818"}],"curies":[{"name":"wp","href":"https:\/\/api.w.org\/{rel}","templated":true}]}}