{"id":17821,"date":"2023-08-03T12:17:13","date_gmt":"2023-08-03T10:17:13","guid":{"rendered":"http:\/\/boutique.larpnation.fr\/index.php\/produit\/sallet\/"},"modified":"2024-05-15T13:54:57","modified_gmt":"2024-05-15T11:54:57","slug":"sallet","status":"publish","type":"product","link":"https:\/\/boutique.larpnation.fr\/index.php\/produit\/sallet\/","title":{"rendered":"Sallet"},"content":{"rendered":"<p><span data-sheets-value=\"{&quot;1&quot;:2,&quot;2&quot;:&quot;Le Sallet d'Epic Armoury est un casque protecteur avec une visi\u00e8re mobile \u00e9troitement bas\u00e9e sur le casque historique utilis\u00e9 en Allemagne au XVe si\u00e8cle. La visi\u00e8re est renforc\u00e9e et form\u00e9e pour s'adapter confortablement autour du visage tout en permettant une bonne circulation de l'air \u00e0 travers ses trous de ventilation. Ce casque est orn\u00e9 de d\u00e9tails \u00e0 la fois magnifiques et pratiques. Portez la visi\u00e8re sur le front ou le visage gr\u00e2ce \u00e0 sa charni\u00e8re d\u00e9cor\u00e9e de fleurs, ou appr\u00e9ciez les plaques de renforcement d\u00e9coratives le long du front. Une plaque de cou flexible en forme de queue de homard prot\u00e8ge l'arri\u00e8re de la t\u00eate derri\u00e8re les oreilles.\\n\\nAttachez le casque Sallet en serrant la lani\u00e8re de cuir sous le menton, maintenant le casque en place. Fabriqu\u00e9e en acier doux de 1 mm d'\u00e9paisseur et en lani\u00e8res et garnitures de cuir pleine fleur, cette pi\u00e8ce d'armure est con\u00e7ue pour r\u00e9sister \u00e0 l'usure d'un jeu de r\u00f4le grandeur nature (LARP) ou d'une reconstitution historique gr\u00e2ce \u00e0 des soins r\u00e9guliers pour le cuir et le m\u00e9tal.&quot;}\" data-sheets-userformat=\"{&quot;2&quot;:1049527,&quot;3&quot;:{&quot;1&quot;:0},&quot;4&quot;:{&quot;1&quot;:2,&quot;2&quot;:13421772},&quot;5&quot;:{&quot;1&quot;:[{&quot;1&quot;:2,&quot;2&quot;:0,&quot;5&quot;:{&quot;1&quot;:2,&quot;2&quot;:0}},{&quot;1&quot;:0,&quot;2&quot;:0,&quot;3&quot;:3},{&quot;1&quot;:1,&quot;2&quot;:0,&quot;4&quot;:1}]},&quot;7&quot;:{&quot;1&quot;:[{&quot;1&quot;:2,&quot;2&quot;:0,&quot;5&quot;:{&quot;1&quot;:2,&quot;2&quot;:0}},{&quot;1&quot;:0,&quot;2&quot;:0,&quot;3&quot;:3},{&quot;1&quot;:1,&quot;2&quot;:0,&quot;4&quot;:1}]},&quot;8&quot;:{&quot;1&quot;:[{&quot;1&quot;:2,&quot;2&quot;:0,&quot;5&quot;:{&quot;1&quot;:2,&quot;2&quot;:0}},{&quot;1&quot;:0,&quot;2&quot;:0,&quot;3&quot;:3},{&quot;1&quot;:1,&quot;2&quot;:0,&quot;4&quot;:1}]},&quot;10&quot;:0,&quot;11&quot;:4,&quot;12&quot;:0,&quot;23&quot;:1}\">Le Sallet d&rsquo;Epic Armoury est un casque protecteur avec une visi\u00e8re mobile \u00e9troitement bas\u00e9e sur le casque historique utilis\u00e9 en Allemagne au XVe si\u00e8cle. La visi\u00e8re est renforc\u00e9e et form\u00e9e pour s&rsquo;adapter confortablement autour du visage tout en permettant une bonne circulation de l&rsquo;air \u00e0 travers ses trous de ventilation. Ce casque est orn\u00e9 de d\u00e9tails \u00e0 la fois magnifiques et pratiques. Portez la visi\u00e8re sur le front ou le visage gr\u00e2ce \u00e0 sa charni\u00e8re d\u00e9cor\u00e9e de fleurs, ou appr\u00e9ciez les plaques de renforcement d\u00e9coratives le long du front. Une plaque de cou flexible en forme de queue de homard prot\u00e8ge l&rsquo;arri\u00e8re de la t\u00eate derri\u00e8re les oreilles.<\/span><\/p>\n<p>Attachez le casque Sallet en serrant la lani\u00e8re de cuir sous le menton, maintenant le casque en place. Fabriqu\u00e9e en acier doux de 1 mm d&rsquo;\u00e9paisseur et en lani\u00e8res et garnitures de cuir pleine fleur, cette pi\u00e8ce d&rsquo;armure est con\u00e7ue pour r\u00e9sister \u00e0 l&rsquo;usure d&rsquo;un jeu de r\u00f4le grandeur nature (LARP) ou d&rsquo;une reconstitution historique gr\u00e2ce \u00e0 des soins r\u00e9guliers pour le cuir et le m\u00e9tal.<\/p>\n","protected":false},"excerpt":{"rendered":"<p><span data-sheets-value=\"{&quot;1&quot;:2,&quot;2&quot;:&quot;Votre Code de Chevalier est celui de la vaillance, de la v\u00e9rit\u00e9 et du courage. Vous avez pour mission de d\u00e9fendre les innocents et les faibles, et aujourd'hui votre serment est mis \u00e0 l'\u00e9preuve. En dehors de la ville, il y a eu une attaque de bandits contre un marchand et sa famille, et c'est \u00e0 vous de les secourir.\\n\\nVotre \u00e9cuyer attache votre Sallet sur votre t\u00eate par-dessus le poids de votre camail en mailles, et avec une pri\u00e8re \u00e0 votre dieu, vous et votre petite unit\u00e9 partez sur la route.\\n\\nCriminels, prenez garde.&quot;}\" data-sheets-userformat=\"{&quot;2&quot;:1049527,&quot;3&quot;:{&quot;1&quot;:0},&quot;4&quot;:{&quot;1&quot;:2,&quot;2&quot;:13421772},&quot;5&quot;:{&quot;1&quot;:[{&quot;1&quot;:2,&quot;2&quot;:0,&quot;5&quot;:{&quot;1&quot;:2,&quot;2&quot;:0}},{&quot;1&quot;:0,&quot;2&quot;:0,&quot;3&quot;:3},{&quot;1&quot;:1,&quot;2&quot;:0,&quot;4&quot;:1}]},&quot;7&quot;:{&quot;1&quot;:[{&quot;1&quot;:2,&quot;2&quot;:0,&quot;5&quot;:{&quot;1&quot;:2,&quot;2&quot;:0}},{&quot;1&quot;:0,&quot;2&quot;:0,&quot;3&quot;:3},{&quot;1&quot;:1,&quot;2&quot;:0,&quot;4&quot;:1}]},&quot;8&quot;:{&quot;1&quot;:[{&quot;1&quot;:2,&quot;2&quot;:0,&quot;5&quot;:{&quot;1&quot;:2,&quot;2&quot;:0}},{&quot;1&quot;:0,&quot;2&quot;:0,&quot;3&quot;:3},{&quot;1&quot;:1,&quot;2&quot;:0,&quot;4&quot;:1}]},&quot;10&quot;:0,&quot;11&quot;:4,&quot;12&quot;:0,&quot;23&quot;:1}\">Votre Code de Chevalier est celui de la vaillance, de la v\u00e9rit\u00e9 et du courage. Vous avez pour mission de d\u00e9fendre les innocents et les faibles, et aujourd&rsquo;hui votre serment est mis \u00e0 l&rsquo;\u00e9preuve. En dehors de la ville, il y a eu une attaque de bandits contre un marchand et sa famille, et c&rsquo;est \u00e0 vous de les secourir.<\/span><\/p>\n<p>Votre \u00e9cuyer attache votre Sallet sur votre t\u00eate par-dessus le poids de votre camail en mailles, et avec une pri\u00e8re \u00e0 votre dieu, vous et votre petite unit\u00e9 partez sur la route.<\/p>\n<p>Criminels, prenez garde.<\/p>\n","protected":false},"featured_media":6339,"template":"","meta":[],"product_brand":[],"product_cat":[528,530],"product_tag":[493],"class_list":{"0":"post-17821","1":"product","2":"type-product","3":"status-publish","4":"has-post-thumbnail","6":"product_cat-armures-sur-demande","7":"product_cat-casques-sur-demande","8":"product_tag-metal","10":"first","11":"outofstock","12":"taxable","13":"shipping-taxable","14":"purchasable","15":"product-type-variable"},"jetpack_sharing_enabled":true,"_links":{"self":[{"href":"https:\/\/boutique.larpnation.fr\/index.php\/wp-json\/wp\/v2\/product\/17821","targetHints":{"allow":["GET"]}}],"collection":[{"href":"https:\/\/boutique.larpnation.fr\/index.php\/wp-json\/wp\/v2\/product"}],"about":[{"href":"https:\/\/boutique.larpnation.fr\/index.php\/wp-json\/wp\/v2\/types\/product"}],"version-history":[{"count":4,"href":"https:\/\/boutique.larpnation.fr\/index.php\/wp-json\/wp\/v2\/product\/17821\/revisions"}],"predecessor-version":[{"id":26498,"href":"https:\/\/boutique.larpnation.fr\/index.php\/wp-json\/wp\/v2\/product\/17821\/revisions\/26498"}],"wp:featuredmedia":[{"embeddable":true,"href":"https:\/\/boutique.larpnation.fr\/index.php\/wp-json\/wp\/v2\/media\/6339"}],"wp:attachment":[{"href":"https:\/\/boutique.larpnation.fr\/index.php\/wp-json\/wp\/v2\/media?parent=17821"}],"wp:term":[{"taxonomy":"product_brand","embeddable":true,"href":"https:\/\/boutique.larpnation.fr\/index.php\/wp-json\/wp\/v2\/product_brand?post=17821"},{"taxonomy":"product_cat","embeddable":true,"href":"https:\/\/boutique.larpnation.fr\/index.php\/wp-json\/wp\/v2\/product_cat?post=17821"},{"taxonomy":"product_tag","embeddable":true,"href":"https:\/\/boutique.larpnation.fr\/index.php\/wp-json\/wp\/v2\/product_tag?post=17821"}],"curies":[{"name":"wp","href":"https:\/\/api.w.org\/{rel}","templated":true}]}}