{"id":17822,"date":"2023-08-03T12:17:14","date_gmt":"2023-08-03T10:17:14","guid":{"rendered":"http:\/\/boutique.larpnation.fr\/index.php\/produit\/barbuta\/"},"modified":"2024-05-15T13:27:33","modified_gmt":"2024-05-15T11:27:33","slug":"barbuta","status":"publish","type":"product","link":"https:\/\/boutique.larpnation.fr\/index.php\/produit\/barbuta\/","title":{"rendered":"Barbute"},"content":{"rendered":"<p><span data-sheets-value=\"{&quot;1&quot;:2,&quot;2&quot;:&quot;Epic Armoury propose une Barbuta, un style de casque inspir\u00e9 des soldats italiens du 15e si\u00e8cle. Con\u00e7u pour prot\u00e9ger la t\u00eate pendant le combat, le Barbuta est \u00e0 la fois \u00e9l\u00e9gant et fonctionnel. Le casque recouvre la t\u00eate, le cou et une grande partie du visage, tout en offrant une vision claire \u00e0 travers la visi\u00e8re en forme de Y du casque, renforc\u00e9e par une plaque d'acier roul\u00e9 suppl\u00e9mentaire et des rivets. Appr\u00e9ciez ce design \u00e9l\u00e9gant et facile \u00e0 porter, qui attire l'attention sur le champ de bataille gr\u00e2ce \u00e0 des d\u00e9tails tels que la cr\u00eate incurv\u00e9e qui court du front jusqu'au cou.\\n\\nLa Barbuta a \u00e9t\u00e9 con\u00e7ue pour \u00eatre port\u00e9e avec des v\u00eatements de style Renaissance, mais elle poss\u00e8de \u00e9galement une touche de haute fantaisie. Elle est devenue populaire dans la culture moderne en tant que casque pr\u00e9f\u00e9r\u00e9 des hauts-elfes.\\n\\nAttachez la Barbuta en resserrant la lani\u00e8re en cuir sous le menton, maintenant ainsi le casque en place. Fabriqu\u00e9e en acier doux d'une \u00e9paisseur de 1 mm et dot\u00e9e de sangles et de fixations en cuir pleine fleur, cette pi\u00e8ce d'armure est con\u00e7ue pour r\u00e9sister aux rigueurs d'un jeu de r\u00f4le grandeur nature ou d'une reconstitution historique, en prenant soin r\u00e9guli\u00e8rement du cuir et de l'acier.&quot;}\" data-sheets-userformat=\"{&quot;2&quot;:1049527,&quot;3&quot;:{&quot;1&quot;:0},&quot;4&quot;:{&quot;1&quot;:2,&quot;2&quot;:13421772},&quot;5&quot;:{&quot;1&quot;:[{&quot;1&quot;:2,&quot;2&quot;:0,&quot;5&quot;:{&quot;1&quot;:2,&quot;2&quot;:0}},{&quot;1&quot;:0,&quot;2&quot;:0,&quot;3&quot;:3},{&quot;1&quot;:1,&quot;2&quot;:0,&quot;4&quot;:1}]},&quot;7&quot;:{&quot;1&quot;:[{&quot;1&quot;:2,&quot;2&quot;:0,&quot;5&quot;:{&quot;1&quot;:2,&quot;2&quot;:0}},{&quot;1&quot;:0,&quot;2&quot;:0,&quot;3&quot;:3},{&quot;1&quot;:1,&quot;2&quot;:0,&quot;4&quot;:1}]},&quot;8&quot;:{&quot;1&quot;:[{&quot;1&quot;:2,&quot;2&quot;:0,&quot;5&quot;:{&quot;1&quot;:2,&quot;2&quot;:0}},{&quot;1&quot;:0,&quot;2&quot;:0,&quot;3&quot;:3},{&quot;1&quot;:1,&quot;2&quot;:0,&quot;4&quot;:1}]},&quot;10&quot;:0,&quot;11&quot;:4,&quot;12&quot;:0,&quot;23&quot;:1}\">Epic Armoury propose une Barbuta, un style de casque inspir\u00e9 des soldats italiens du 15e si\u00e8cle. Con\u00e7u pour prot\u00e9ger la t\u00eate pendant le combat, le Barbuta est \u00e0 la fois \u00e9l\u00e9gant et fonctionnel. Le casque recouvre la t\u00eate, le cou et une grande partie du visage, tout en offrant une vision claire \u00e0 travers la visi\u00e8re en forme de Y du casque, renforc\u00e9e par une plaque d&rsquo;acier roul\u00e9 suppl\u00e9mentaire et des rivets. Appr\u00e9ciez ce design \u00e9l\u00e9gant et facile \u00e0 porter, qui attire l&rsquo;attention sur le champ de bataille gr\u00e2ce \u00e0 des d\u00e9tails tels que la cr\u00eate incurv\u00e9e qui court du front jusqu&rsquo;au cou.<\/span><\/p>\n<p>La Barbuta a \u00e9t\u00e9 con\u00e7ue pour \u00eatre port\u00e9e avec des v\u00eatements de style Renaissance, mais elle poss\u00e8de \u00e9galement une touche de haute fantaisie. Elle est devenue populaire dans la culture moderne en tant que casque pr\u00e9f\u00e9r\u00e9 des hauts-elfes.<\/p>\n<p>Attachez la Barbuta en resserrant la lani\u00e8re en cuir sous le menton, maintenant ainsi le casque en place. Fabriqu\u00e9e en acier doux d&rsquo;une \u00e9paisseur de 1 mm et dot\u00e9e de sangles et de fixations en cuir pleine fleur, cette pi\u00e8ce d&rsquo;armure est con\u00e7ue pour r\u00e9sister aux rigueurs d&rsquo;un jeu de r\u00f4le grandeur nature ou d&rsquo;une reconstitution historique, en prenant soin r\u00e9guli\u00e8rement du cuir et de l&rsquo;acier.<\/p>\n","protected":false},"excerpt":{"rendered":"<p><span data-sheets-value=\"{&quot;1&quot;:2,&quot;2&quot;:&quot;Tu regardes ton officier en chef alors qu'il se dirige le long de la ligne de tes camarades soldats. Ton destin et celui de toute ton unit\u00e9 d\u00e9pendent de la parole de ce v\u00e9t\u00e9ran, et tu te sens soulag\u00e9 de ne pas porter un tel fardeau lourd.\\n\\n\\&quot;Nous devons combattre !\\&quot; crie ton officier pour que tous l'entendent. Tu ajustes ton casque Barbuta, v\u00e9rifiant \u00e0 nouveau les boucles en l'\u00e9coutant continuer. \\&quot;Pour nos foyers et nos familles, nous nous battrons jusqu'\u00e0 ce que nous ne puissions plus combattre !\\&quot; Avec un cri retentissant, tes camarades soldats se pr\u00e9parent pour la charge. Tu retires ton arme, \u00e0 la fois impatient et effray\u00e9.\\n\\nLa bataille a commenc\u00e9.&quot;}\" data-sheets-userformat=\"{&quot;2&quot;:1049527,&quot;3&quot;:{&quot;1&quot;:0},&quot;4&quot;:{&quot;1&quot;:2,&quot;2&quot;:13421772},&quot;5&quot;:{&quot;1&quot;:[{&quot;1&quot;:2,&quot;2&quot;:0,&quot;5&quot;:{&quot;1&quot;:2,&quot;2&quot;:0}},{&quot;1&quot;:0,&quot;2&quot;:0,&quot;3&quot;:3},{&quot;1&quot;:1,&quot;2&quot;:0,&quot;4&quot;:1}]},&quot;7&quot;:{&quot;1&quot;:[{&quot;1&quot;:2,&quot;2&quot;:0,&quot;5&quot;:{&quot;1&quot;:2,&quot;2&quot;:0}},{&quot;1&quot;:0,&quot;2&quot;:0,&quot;3&quot;:3},{&quot;1&quot;:1,&quot;2&quot;:0,&quot;4&quot;:1}]},&quot;8&quot;:{&quot;1&quot;:[{&quot;1&quot;:2,&quot;2&quot;:0,&quot;5&quot;:{&quot;1&quot;:2,&quot;2&quot;:0}},{&quot;1&quot;:0,&quot;2&quot;:0,&quot;3&quot;:3},{&quot;1&quot;:1,&quot;2&quot;:0,&quot;4&quot;:1}]},&quot;10&quot;:0,&quot;11&quot;:4,&quot;12&quot;:0,&quot;23&quot;:1}\">Tu regardes ton officier en chef alors qu&rsquo;il se dirige le long de la ligne de tes camarades soldats. Ton destin et celui de toute ton unit\u00e9 d\u00e9pendent de la parole de ce v\u00e9t\u00e9ran, et tu te sens soulag\u00e9 de ne pas porter un tel fardeau lourd.<\/span><\/p>\n<p>\u00ab\u00a0Nous devons combattre !\u00a0\u00bb crie ton officier pour que tous l&rsquo;entendent. Tu ajustes ton casque Barbuta, v\u00e9rifiant \u00e0 nouveau les boucles en l&rsquo;\u00e9coutant continuer. \u00ab\u00a0Pour nos foyers et nos familles, nous nous battrons jusqu&rsquo;\u00e0 ce que nous ne puissions plus combattre !\u00a0\u00bb Avec un cri retentissant, tes camarades soldats se pr\u00e9parent pour la charge. Tu retires ton arme, \u00e0 la fois impatient et effray\u00e9.<\/p>\n<p>La bataille a commenc\u00e9.<\/p>\n","protected":false},"featured_media":6355,"template":"","meta":[],"product_brand":[],"product_cat":[528,530],"product_tag":[493],"class_list":{"0":"post-17822","1":"product","2":"type-product","3":"status-publish","4":"has-post-thumbnail","6":"product_cat-armures-sur-demande","7":"product_cat-casques-sur-demande","8":"product_tag-metal","10":"first","11":"outofstock","12":"taxable","13":"shipping-taxable","14":"purchasable","15":"product-type-variable"},"jetpack_sharing_enabled":true,"_links":{"self":[{"href":"https:\/\/boutique.larpnation.fr\/index.php\/wp-json\/wp\/v2\/product\/17822","targetHints":{"allow":["GET"]}}],"collection":[{"href":"https:\/\/boutique.larpnation.fr\/index.php\/wp-json\/wp\/v2\/product"}],"about":[{"href":"https:\/\/boutique.larpnation.fr\/index.php\/wp-json\/wp\/v2\/types\/product"}],"version-history":[{"count":4,"href":"https:\/\/boutique.larpnation.fr\/index.php\/wp-json\/wp\/v2\/product\/17822\/revisions"}],"predecessor-version":[{"id":26487,"href":"https:\/\/boutique.larpnation.fr\/index.php\/wp-json\/wp\/v2\/product\/17822\/revisions\/26487"}],"wp:featuredmedia":[{"embeddable":true,"href":"https:\/\/boutique.larpnation.fr\/index.php\/wp-json\/wp\/v2\/media\/6355"}],"wp:attachment":[{"href":"https:\/\/boutique.larpnation.fr\/index.php\/wp-json\/wp\/v2\/media?parent=17822"}],"wp:term":[{"taxonomy":"product_brand","embeddable":true,"href":"https:\/\/boutique.larpnation.fr\/index.php\/wp-json\/wp\/v2\/product_brand?post=17822"},{"taxonomy":"product_cat","embeddable":true,"href":"https:\/\/boutique.larpnation.fr\/index.php\/wp-json\/wp\/v2\/product_cat?post=17822"},{"taxonomy":"product_tag","embeddable":true,"href":"https:\/\/boutique.larpnation.fr\/index.php\/wp-json\/wp\/v2\/product_tag?post=17822"}],"curies":[{"name":"wp","href":"https:\/\/api.w.org\/{rel}","templated":true}]}}