{"id":17823,"date":"2023-08-03T12:17:14","date_gmt":"2023-08-03T10:17:14","guid":{"rendered":"http:\/\/boutique.larpnation.fr\/index.php\/produit\/visored-barbuta\/"},"modified":"2024-05-15T13:27:33","modified_gmt":"2024-05-15T11:27:33","slug":"visored-barbuta","status":"publish","type":"product","link":"https:\/\/boutique.larpnation.fr\/index.php\/produit\/visored-barbuta\/","title":{"rendered":"Barbute \u00e0 visi\u00e8re"},"content":{"rendered":"<p><span data-sheets-value=\"{&quot;1&quot;:2,&quot;2&quot;:&quot;Le Barbute a visi\u00e8re d'Epic Armoury est un casque complet \u00e9l\u00e9gamment courb\u00e9 avec une visi\u00e8re distinctive. La visi\u00e8re est mobile et peut \u00eatre relev\u00e9e au-dessus du casque. Qu'elle soit relev\u00e9e ou abaiss\u00e9e, la visi\u00e8re peut \u00eatre verrouill\u00e9e en place avec une broche et une cha\u00eene. La visi\u00e8re poss\u00e8de deux fentes rectangulaires pour les yeux, un nez plat et un large trou de respiration en forme de croix de Malte. Forg\u00e9 pour \u00e9pouser la forme de la t\u00eate et renforc\u00e9 avec une cr\u00eate basse du front jusqu'au cou, le casque est \u00e9l\u00e9gant tout en \u00e9tant confortable \u00e0 porter.\\n\\nLe casque prot\u00e8ge enti\u00e8rement la t\u00eate sauf \u00e0 la gorge. Le Barbuta \u00e9tait principalement utilis\u00e9 par les flamboyants mercenaires italiens de la Renaissance et \u00e9tait appr\u00e9ci\u00e9 par les troupes l\u00e9g\u00e8res pour le m\u00e9lange de protection et d'excellente visibilit\u00e9. Con\u00e7u pour \u00eatre port\u00e9 avec des v\u00eatements de style Renaissance, il a une atmosph\u00e8re de haute fantaisie qui conviendra \u00e0 de nombreux personnages.&quot;}\" data-sheets-userformat=\"{&quot;2&quot;:1049527,&quot;3&quot;:{&quot;1&quot;:0},&quot;4&quot;:{&quot;1&quot;:2,&quot;2&quot;:13421772},&quot;5&quot;:{&quot;1&quot;:[{&quot;1&quot;:2,&quot;2&quot;:0,&quot;5&quot;:{&quot;1&quot;:2,&quot;2&quot;:0}},{&quot;1&quot;:0,&quot;2&quot;:0,&quot;3&quot;:3},{&quot;1&quot;:1,&quot;2&quot;:0,&quot;4&quot;:1}]},&quot;7&quot;:{&quot;1&quot;:[{&quot;1&quot;:2,&quot;2&quot;:0,&quot;5&quot;:{&quot;1&quot;:2,&quot;2&quot;:0}},{&quot;1&quot;:0,&quot;2&quot;:0,&quot;3&quot;:3},{&quot;1&quot;:1,&quot;2&quot;:0,&quot;4&quot;:1}]},&quot;8&quot;:{&quot;1&quot;:[{&quot;1&quot;:2,&quot;2&quot;:0,&quot;5&quot;:{&quot;1&quot;:2,&quot;2&quot;:0}},{&quot;1&quot;:0,&quot;2&quot;:0,&quot;3&quot;:3},{&quot;1&quot;:1,&quot;2&quot;:0,&quot;4&quot;:1}]},&quot;10&quot;:0,&quot;11&quot;:4,&quot;12&quot;:0,&quot;23&quot;:1}\">Le Barbute a visi\u00e8re d&rsquo;Epic Armoury est un casque complet \u00e9l\u00e9gamment courb\u00e9 avec une visi\u00e8re distinctive. La visi\u00e8re est mobile et peut \u00eatre relev\u00e9e au-dessus du casque. Qu&rsquo;elle soit relev\u00e9e ou abaiss\u00e9e, la visi\u00e8re peut \u00eatre verrouill\u00e9e en place avec une broche et une cha\u00eene. La visi\u00e8re poss\u00e8de deux fentes rectangulaires pour les yeux, un nez plat et un large trou de respiration en forme de croix de Malte. Forg\u00e9 pour \u00e9pouser la forme de la t\u00eate et renforc\u00e9 avec une cr\u00eate basse du front jusqu&rsquo;au cou, le casque est \u00e9l\u00e9gant tout en \u00e9tant confortable \u00e0 porter.<\/span><\/p>\n<p>Le casque prot\u00e8ge enti\u00e8rement la t\u00eate sauf \u00e0 la gorge. Le Barbuta \u00e9tait principalement utilis\u00e9 par les flamboyants mercenaires italiens de la Renaissance et \u00e9tait appr\u00e9ci\u00e9 par les troupes l\u00e9g\u00e8res pour le m\u00e9lange de protection et d&rsquo;excellente visibilit\u00e9. Con\u00e7u pour \u00eatre port\u00e9 avec des v\u00eatements de style Renaissance, il a une atmosph\u00e8re de haute fantaisie qui conviendra \u00e0 de nombreux personnages.<\/p>\n","protected":false},"excerpt":{"rendered":"<p><span data-sheets-value=\"{&quot;1&quot;:2,&quot;2&quot;:&quot;Il circule des histoires \u00e0 propos de vous parmi les soldats. Vous \u00eates le mercenaire qui a tu\u00e9 plus d'un millier d'hommes. Vous inspirez la peur \u00e0 vos ennemis d'un simple regard \u00e0 travers votre Visored Barbuta unique. Votre aura t\u00e9n\u00e9breuse glace le c\u0153ur de quiconque croise votre regard. Et votre pr\u00e9f\u00e9r\u00e9e ? Quelqu'un raconte que vous avez fait un pacte avec un d\u00e9mon pour ne jamais mourir.\\n\\nVous ne leur direz jamais ce qui pourrait \u00eatre vrai. Au lieu de cela, assis juste \u00e0 c\u00f4t\u00e9 du feu de camp en nettoyant le sang de votre Visored Barbuta, vous \u00e9coutez simplement... et esquissez un sourire.&quot;}\" data-sheets-userformat=\"{&quot;2&quot;:1049527,&quot;3&quot;:{&quot;1&quot;:0},&quot;4&quot;:{&quot;1&quot;:2,&quot;2&quot;:13421772},&quot;5&quot;:{&quot;1&quot;:[{&quot;1&quot;:2,&quot;2&quot;:0,&quot;5&quot;:{&quot;1&quot;:2,&quot;2&quot;:0}},{&quot;1&quot;:0,&quot;2&quot;:0,&quot;3&quot;:3},{&quot;1&quot;:1,&quot;2&quot;:0,&quot;4&quot;:1}]},&quot;7&quot;:{&quot;1&quot;:[{&quot;1&quot;:2,&quot;2&quot;:0,&quot;5&quot;:{&quot;1&quot;:2,&quot;2&quot;:0}},{&quot;1&quot;:0,&quot;2&quot;:0,&quot;3&quot;:3},{&quot;1&quot;:1,&quot;2&quot;:0,&quot;4&quot;:1}]},&quot;8&quot;:{&quot;1&quot;:[{&quot;1&quot;:2,&quot;2&quot;:0,&quot;5&quot;:{&quot;1&quot;:2,&quot;2&quot;:0}},{&quot;1&quot;:0,&quot;2&quot;:0,&quot;3&quot;:3},{&quot;1&quot;:1,&quot;2&quot;:0,&quot;4&quot;:1}]},&quot;10&quot;:0,&quot;11&quot;:4,&quot;12&quot;:0,&quot;23&quot;:1}\">Il circule des histoires \u00e0 propos de vous parmi les soldats. Vous \u00eates le mercenaire qui a tu\u00e9 plus d&rsquo;un millier d&rsquo;hommes. Vous inspirez la peur \u00e0 vos ennemis d&rsquo;un simple regard \u00e0 travers votre Visored Barbuta unique. Votre aura t\u00e9n\u00e9breuse glace le c\u0153ur de quiconque croise votre regard. Et votre pr\u00e9f\u00e9r\u00e9e ? Quelqu&rsquo;un raconte que vous avez fait un pacte avec un d\u00e9mon pour ne jamais mourir.<\/span><\/p>\n<p>Vous ne leur direz jamais ce qui pourrait \u00eatre vrai. Au lieu de cela, assis juste \u00e0 c\u00f4t\u00e9 du feu de camp en nettoyant le sang de votre Visored Barbuta, vous \u00e9coutez simplement&#8230; et esquissez un sourire.<\/p>\n","protected":false},"featured_media":6371,"template":"","meta":[],"product_brand":[],"product_cat":[528,530],"product_tag":[493],"class_list":{"0":"post-17823","1":"product","2":"type-product","3":"status-publish","4":"has-post-thumbnail","6":"product_cat-armures-sur-demande","7":"product_cat-casques-sur-demande","8":"product_tag-metal","10":"first","11":"outofstock","12":"taxable","13":"shipping-taxable","14":"purchasable","15":"product-type-variable"},"jetpack_sharing_enabled":true,"_links":{"self":[{"href":"https:\/\/boutique.larpnation.fr\/index.php\/wp-json\/wp\/v2\/product\/17823","targetHints":{"allow":["GET"]}}],"collection":[{"href":"https:\/\/boutique.larpnation.fr\/index.php\/wp-json\/wp\/v2\/product"}],"about":[{"href":"https:\/\/boutique.larpnation.fr\/index.php\/wp-json\/wp\/v2\/types\/product"}],"version-history":[{"count":5,"href":"https:\/\/boutique.larpnation.fr\/index.php\/wp-json\/wp\/v2\/product\/17823\/revisions"}],"predecessor-version":[{"id":27015,"href":"https:\/\/boutique.larpnation.fr\/index.php\/wp-json\/wp\/v2\/product\/17823\/revisions\/27015"}],"wp:featuredmedia":[{"embeddable":true,"href":"https:\/\/boutique.larpnation.fr\/index.php\/wp-json\/wp\/v2\/media\/6371"}],"wp:attachment":[{"href":"https:\/\/boutique.larpnation.fr\/index.php\/wp-json\/wp\/v2\/media?parent=17823"}],"wp:term":[{"taxonomy":"product_brand","embeddable":true,"href":"https:\/\/boutique.larpnation.fr\/index.php\/wp-json\/wp\/v2\/product_brand?post=17823"},{"taxonomy":"product_cat","embeddable":true,"href":"https:\/\/boutique.larpnation.fr\/index.php\/wp-json\/wp\/v2\/product_cat?post=17823"},{"taxonomy":"product_tag","embeddable":true,"href":"https:\/\/boutique.larpnation.fr\/index.php\/wp-json\/wp\/v2\/product_tag?post=17823"}],"curies":[{"name":"wp","href":"https:\/\/api.w.org\/{rel}","templated":true}]}}