{"id":17826,"date":"2023-08-03T12:17:14","date_gmt":"2023-08-03T10:17:14","guid":{"rendered":"http:\/\/boutique.larpnation.fr\/index.php\/produit\/diego-leather-jerkin\/"},"modified":"2024-08-01T16:15:57","modified_gmt":"2024-08-01T14:15:57","slug":"diego-leather-jerkin","status":"publish","type":"product","link":"https:\/\/boutique.larpnation.fr\/index.php\/produit\/diego-leather-jerkin\/","title":{"rendered":"Pourpoint cuir Diego"},"content":{"rendered":"","protected":false},"excerpt":{"rendered":"<p><span data-sheets-value=\"{&quot;1&quot;:2,&quot;2&quot;:&quot;\u00c0 Parvonna, les rues sont g\u00e9n\u00e9ralement \u00e9l\u00e9gantes, anim\u00e9es du tumulte propre \u00e0 toute cit\u00e9 portuaire, peut-\u00eatre un peu plus en tant que dernier port avant le vaste oc\u00e9an. Les quais sont sous le contr\u00f4le de Douanes et Taxes, une compagnie dirig\u00e9e par des elfes exil\u00e9s. Et cette compagnie ne verse aucun tribut \u00e0 personne, pas m\u00eame \u00e0 Jittu Jan et ses coureurs de l'ombre.\\n\\nVitesse, discr\u00e9tion et facilit\u00e9 de mouvement, cette armure a \u00e9t\u00e9 con\u00e7ue pour les guerriers de Jittu Jan. Se d\u00e9placer sans faire de bruit peut faire la diff\u00e9rence entre la vie et la mort dans les rues \u00e9l\u00e9gantes de Parvonna.&quot;}\" data-sheets-userformat=\"{&quot;2&quot;:1049527,&quot;3&quot;:{&quot;1&quot;:0},&quot;4&quot;:{&quot;1&quot;:2,&quot;2&quot;:13421772},&quot;5&quot;:{&quot;1&quot;:[{&quot;1&quot;:2,&quot;2&quot;:0,&quot;5&quot;:{&quot;1&quot;:2,&quot;2&quot;:0}},{&quot;1&quot;:0,&quot;2&quot;:0,&quot;3&quot;:3},{&quot;1&quot;:1,&quot;2&quot;:0,&quot;4&quot;:1}]},&quot;7&quot;:{&quot;1&quot;:[{&quot;1&quot;:2,&quot;2&quot;:0,&quot;5&quot;:{&quot;1&quot;:2,&quot;2&quot;:0}},{&quot;1&quot;:0,&quot;2&quot;:0,&quot;3&quot;:3},{&quot;1&quot;:1,&quot;2&quot;:0,&quot;4&quot;:1}]},&quot;8&quot;:{&quot;1&quot;:[{&quot;1&quot;:2,&quot;2&quot;:0,&quot;5&quot;:{&quot;1&quot;:2,&quot;2&quot;:0}},{&quot;1&quot;:0,&quot;2&quot;:0,&quot;3&quot;:3},{&quot;1&quot;:1,&quot;2&quot;:0,&quot;4&quot;:1}]},&quot;10&quot;:1,&quot;11&quot;:4,&quot;12&quot;:0,&quot;23&quot;:1}\">\u00c0 Parvonna, les rues sont g\u00e9n\u00e9ralement \u00e9l\u00e9gantes, anim\u00e9es du tumulte propre \u00e0 toute cit\u00e9 portuaire, peut-\u00eatre un peu plus en tant que dernier port avant le vaste oc\u00e9an. Les quais sont sous le contr\u00f4le de Douanes et Taxes, une compagnie dirig\u00e9e par des elfes exil\u00e9s. Et cette compagnie ne verse aucun tribut \u00e0 personne, pas m\u00eame \u00e0 Jittu Jan et ses coureurs de l&rsquo;ombre.<\/span><\/p>\n<p>Vitesse, discr\u00e9tion et facilit\u00e9 de mouvement, cette armure a \u00e9t\u00e9 con\u00e7ue pour les guerriers de Jittu Jan. Se d\u00e9placer sans faire de bruit peut faire la diff\u00e9rence entre la vie et la mort dans les rues \u00e9l\u00e9gantes de Parvonna.<\/p>\n","protected":false},"featured_media":6577,"template":"","meta":[],"product_brand":[],"product_cat":[528,537],"product_tag":[494],"class_list":{"0":"post-17826","1":"product","2":"type-product","3":"status-publish","4":"has-post-thumbnail","6":"product_cat-armures-sur-demande","7":"product_cat-torse-sur-demande","8":"product_tag-cuir","10":"first","11":"outofstock","12":"taxable","13":"shipping-taxable","14":"purchasable","15":"product-type-variable"},"jetpack_sharing_enabled":true,"_links":{"self":[{"href":"https:\/\/boutique.larpnation.fr\/index.php\/wp-json\/wp\/v2\/product\/17826","targetHints":{"allow":["GET"]}}],"collection":[{"href":"https:\/\/boutique.larpnation.fr\/index.php\/wp-json\/wp\/v2\/product"}],"about":[{"href":"https:\/\/boutique.larpnation.fr\/index.php\/wp-json\/wp\/v2\/types\/product"}],"version-history":[{"count":4,"href":"https:\/\/boutique.larpnation.fr\/index.php\/wp-json\/wp\/v2\/product\/17826\/revisions"}],"predecessor-version":[{"id":26490,"href":"https:\/\/boutique.larpnation.fr\/index.php\/wp-json\/wp\/v2\/product\/17826\/revisions\/26490"}],"wp:featuredmedia":[{"embeddable":true,"href":"https:\/\/boutique.larpnation.fr\/index.php\/wp-json\/wp\/v2\/media\/6577"}],"wp:attachment":[{"href":"https:\/\/boutique.larpnation.fr\/index.php\/wp-json\/wp\/v2\/media?parent=17826"}],"wp:term":[{"taxonomy":"product_brand","embeddable":true,"href":"https:\/\/boutique.larpnation.fr\/index.php\/wp-json\/wp\/v2\/product_brand?post=17826"},{"taxonomy":"product_cat","embeddable":true,"href":"https:\/\/boutique.larpnation.fr\/index.php\/wp-json\/wp\/v2\/product_cat?post=17826"},{"taxonomy":"product_tag","embeddable":true,"href":"https:\/\/boutique.larpnation.fr\/index.php\/wp-json\/wp\/v2\/product_tag?post=17826"}],"curies":[{"name":"wp","href":"https:\/\/api.w.org\/{rel}","templated":true}]}}