{"id":17827,"date":"2023-08-03T12:17:17","date_gmt":"2023-08-03T10:17:17","guid":{"rendered":"http:\/\/boutique.larpnation.fr\/index.php\/produit\/jittu-jan-armoured-jerkin\/"},"modified":"2024-08-01T16:07:56","modified_gmt":"2024-08-01T14:07:56","slug":"jittu-jan-armoured-jerkin","status":"publish","type":"product","link":"https:\/\/boutique.larpnation.fr\/index.php\/produit\/jittu-jan-armoured-jerkin\/","title":{"rendered":"Pourpoint blind\u00e9 Jittu Jan"},"content":{"rendered":"<p><span data-sheets-value=\"{&quot;1&quot;:2,&quot;2&quot;:&quot;Dans Parvonna, les rues sont g\u00e9n\u00e9ralement \u00e9l\u00e9gantes, pleines de l'agitation de toute cit\u00e9 portuaire, peut-\u00eatre un peu plus \u00e9tant donn\u00e9 que c'est le dernier port avant la grande mer. Les quais sont contr\u00f4l\u00e9s par les Douanes et les Frais, les elfes exil\u00e9s ont pris le contr\u00f4le de la compagnie. Et cette compagnie ne paie aucun tribut \u00e0 personne, pas m\u00eame \u00e0 Jittu Jan et \u00e0 ses coureurs d'ombre.\\n\\nLa vitesse, la discr\u00e9tion et la facilit\u00e9 de mouvement, cette armure a \u00e9t\u00e9 con\u00e7ue pour les guerriers de Jittu Jan. Se d\u00e9placer sans faire de bruit peut faire la diff\u00e9rence entre la vie et la mort dans les \u00e9l\u00e9gantes rues de Parvonna.&quot;}\" data-sheets-userformat=\"{&quot;2&quot;:1049527,&quot;3&quot;:{&quot;1&quot;:0},&quot;4&quot;:{&quot;1&quot;:2,&quot;2&quot;:13421772},&quot;5&quot;:{&quot;1&quot;:[{&quot;1&quot;:2,&quot;2&quot;:0,&quot;5&quot;:{&quot;1&quot;:2,&quot;2&quot;:0}},{&quot;1&quot;:0,&quot;2&quot;:0,&quot;3&quot;:3},{&quot;1&quot;:1,&quot;2&quot;:0,&quot;4&quot;:1}]},&quot;7&quot;:{&quot;1&quot;:[{&quot;1&quot;:2,&quot;2&quot;:0,&quot;5&quot;:{&quot;1&quot;:2,&quot;2&quot;:0}},{&quot;1&quot;:0,&quot;2&quot;:0,&quot;3&quot;:3},{&quot;1&quot;:1,&quot;2&quot;:0,&quot;4&quot;:1}]},&quot;8&quot;:{&quot;1&quot;:[{&quot;1&quot;:2,&quot;2&quot;:0,&quot;5&quot;:{&quot;1&quot;:2,&quot;2&quot;:0}},{&quot;1&quot;:0,&quot;2&quot;:0,&quot;3&quot;:3},{&quot;1&quot;:1,&quot;2&quot;:0,&quot;4&quot;:1}]},&quot;10&quot;:1,&quot;11&quot;:4,&quot;12&quot;:0,&quot;23&quot;:1}\">Dans Parvonna, les rues sont g\u00e9n\u00e9ralement \u00e9l\u00e9gantes, pleines de l&rsquo;agitation de toute cit\u00e9 portuaire, peut-\u00eatre un peu plus \u00e9tant donn\u00e9 que c&rsquo;est le dernier port avant la grande mer. Les quais sont contr\u00f4l\u00e9s par les Douanes et les Frais, les elfes exil\u00e9s ont pris le contr\u00f4le de la compagnie. Et cette compagnie ne paie aucun tribut \u00e0 personne, pas m\u00eame \u00e0 Jittu Jan et \u00e0 ses coureurs d&rsquo;ombre.<\/span><\/p>\n<p>La vitesse, la discr\u00e9tion et la facilit\u00e9 de mouvement, cette armure a \u00e9t\u00e9 con\u00e7ue pour les guerriers de Jittu Jan. Se d\u00e9placer sans faire de bruit peut faire la diff\u00e9rence entre la vie et la mort dans les \u00e9l\u00e9gantes rues de Parvonna.<\/p>\n","protected":false},"excerpt":{"rendered":"<p>Dans Parvonna, les rues sont g\u00e9n\u00e9ralement \u00e9l\u00e9gantes, pleines de l&rsquo;agitation de toute cit\u00e9 portuaire, peut-\u00eatre un peu plus \u00e9tant donn\u00e9 que c&rsquo;est le dernier port avant la grande mer. Les quais sont contr\u00f4l\u00e9s par les&hellip;<\/p>\n","protected":false},"featured_media":6597,"template":"","meta":[],"product_brand":[],"product_cat":[528,537],"product_tag":[494],"class_list":{"0":"post-17827","1":"product","2":"type-product","3":"status-publish","4":"has-post-thumbnail","6":"product_cat-armures-sur-demande","7":"product_cat-torse-sur-demande","8":"product_tag-cuir","10":"first","11":"outofstock","12":"taxable","13":"shipping-taxable","14":"purchasable","15":"product-type-variable"},"jetpack_sharing_enabled":true,"_links":{"self":[{"href":"https:\/\/boutique.larpnation.fr\/index.php\/wp-json\/wp\/v2\/product\/17827","targetHints":{"allow":["GET"]}}],"collection":[{"href":"https:\/\/boutique.larpnation.fr\/index.php\/wp-json\/wp\/v2\/product"}],"about":[{"href":"https:\/\/boutique.larpnation.fr\/index.php\/wp-json\/wp\/v2\/types\/product"}],"version-history":[{"count":4,"href":"https:\/\/boutique.larpnation.fr\/index.php\/wp-json\/wp\/v2\/product\/17827\/revisions"}],"predecessor-version":[{"id":26485,"href":"https:\/\/boutique.larpnation.fr\/index.php\/wp-json\/wp\/v2\/product\/17827\/revisions\/26485"}],"wp:featuredmedia":[{"embeddable":true,"href":"https:\/\/boutique.larpnation.fr\/index.php\/wp-json\/wp\/v2\/media\/6597"}],"wp:attachment":[{"href":"https:\/\/boutique.larpnation.fr\/index.php\/wp-json\/wp\/v2\/media?parent=17827"}],"wp:term":[{"taxonomy":"product_brand","embeddable":true,"href":"https:\/\/boutique.larpnation.fr\/index.php\/wp-json\/wp\/v2\/product_brand?post=17827"},{"taxonomy":"product_cat","embeddable":true,"href":"https:\/\/boutique.larpnation.fr\/index.php\/wp-json\/wp\/v2\/product_cat?post=17827"},{"taxonomy":"product_tag","embeddable":true,"href":"https:\/\/boutique.larpnation.fr\/index.php\/wp-json\/wp\/v2\/product_tag?post=17827"}],"curies":[{"name":"wp","href":"https:\/\/api.w.org\/{rel}","templated":true}]}}