{"id":17829,"date":"2023-08-03T12:17:18","date_gmt":"2023-08-03T10:17:18","guid":{"rendered":"http:\/\/boutique.larpnation.fr\/index.php\/produit\/woodsman-armour\/"},"modified":"2024-07-31T14:19:25","modified_gmt":"2024-07-31T12:19:25","slug":"woodsman-armour","status":"publish","type":"product","link":"https:\/\/boutique.larpnation.fr\/index.php\/produit\/woodsman-armour\/","title":{"rendered":"Armure de b\u00fbcheron"},"content":{"rendered":"<p><span data-sheets-value=\"{&quot;1&quot;:2,&quot;2&quot;:&quot;L'armure en cuir noir du b\u00fbcheron d'Epic Armoury est tout simplement incroyable. C'est l'armure parfaite \u00e0 porter si vous jouez un r\u00f4deur, un voleur ou d'autres types de personnages. Cette armure de Larp fantastique est constitu\u00e9e d'une s\u00e9rie de plaques en cuir rivet\u00e9es, orn\u00e9es d'un motif celtique et dispos\u00e9es en formation diagonale. Cette armure l\u00e9g\u00e8re de brigandine est rehauss\u00e9e de bords en cuir cousus autour de ses contours, ajoutant de la r\u00e9sistance \u00e0 l'armure et du confort pour le guerrier. Une s\u00e9rie de lani\u00e8res en cuir \u00e0 l'arri\u00e8re permet au combattant d'ajuster l'armure selon le costume port\u00e9. Pour plus de commodit\u00e9, le guerrier peut facilement enfiler l'armure en utilisant une s\u00e9rie de boutons m\u00e9talliques qui permettent de fermer l'armure \u00e0 l'avant. Quel que soit votre r\u00f4le, votre personnage de Larp b\u00e9n\u00e9ficiera de la protection que cette cotte de plates offre.&quot;}\" data-sheets-userformat=\"{&quot;2&quot;:1049527,&quot;3&quot;:{&quot;1&quot;:0},&quot;4&quot;:{&quot;1&quot;:2,&quot;2&quot;:13421772},&quot;5&quot;:{&quot;1&quot;:[{&quot;1&quot;:2,&quot;2&quot;:0,&quot;5&quot;:{&quot;1&quot;:2,&quot;2&quot;:0}},{&quot;1&quot;:0,&quot;2&quot;:0,&quot;3&quot;:3},{&quot;1&quot;:1,&quot;2&quot;:0,&quot;4&quot;:1}]},&quot;7&quot;:{&quot;1&quot;:[{&quot;1&quot;:2,&quot;2&quot;:0,&quot;5&quot;:{&quot;1&quot;:2,&quot;2&quot;:0}},{&quot;1&quot;:0,&quot;2&quot;:0,&quot;3&quot;:3},{&quot;1&quot;:1,&quot;2&quot;:0,&quot;4&quot;:1}]},&quot;8&quot;:{&quot;1&quot;:[{&quot;1&quot;:2,&quot;2&quot;:0,&quot;5&quot;:{&quot;1&quot;:2,&quot;2&quot;:0}},{&quot;1&quot;:0,&quot;2&quot;:0,&quot;3&quot;:3},{&quot;1&quot;:1,&quot;2&quot;:0,&quot;4&quot;:1}]},&quot;10&quot;:1,&quot;11&quot;:4,&quot;12&quot;:0,&quot;23&quot;:1}\">L&rsquo;armure en cuir noir du b\u00fbcheron d&rsquo;Epic Armoury est tout simplement incroyable. C&rsquo;est l&rsquo;armure parfaite \u00e0 porter si vous jouez un r\u00f4deur, un voleur ou d&rsquo;autres types de personnages. Cette armure de Larp fantastique est constitu\u00e9e d&rsquo;une s\u00e9rie de plaques en cuir rivet\u00e9es, orn\u00e9es d&rsquo;un motif celtique et dispos\u00e9es en formation diagonale. Cette armure l\u00e9g\u00e8re de brigandine est rehauss\u00e9e de bords en cuir cousus autour de ses contours, ajoutant de la r\u00e9sistance \u00e0 l&rsquo;armure et du confort pour le guerrier. Une s\u00e9rie de lani\u00e8res en cuir \u00e0 l&rsquo;arri\u00e8re permet au combattant d&rsquo;ajuster l&rsquo;armure selon le costume port\u00e9. Pour plus de commodit\u00e9, le guerrier peut facilement enfiler l&rsquo;armure en utilisant une s\u00e9rie de boutons m\u00e9talliques qui permettent de fermer l&rsquo;armure \u00e0 l&rsquo;avant. Quel que soit votre r\u00f4le, votre personnage de Larp b\u00e9n\u00e9ficiera de la protection que cette cotte de plates offre.<\/span><\/p>\n","protected":false},"excerpt":{"rendered":"<p>L&rsquo;armure en cuir noir du b\u00fbcheron d&rsquo;Epic Armoury est tout simplement incroyable. C&rsquo;est l&rsquo;armure parfaite \u00e0 porter si vous jouez un r\u00f4deur, un voleur ou d&rsquo;autres types de personnages. Cette armure de Larp fantastique est&hellip;<\/p>\n","protected":false},"featured_media":7002,"template":"","meta":[],"product_brand":[],"product_cat":[528,537],"product_tag":[494],"class_list":{"0":"post-17829","1":"product","2":"type-product","3":"status-publish","4":"has-post-thumbnail","6":"product_cat-armures-sur-demande","7":"product_cat-torse-sur-demande","8":"product_tag-cuir","10":"first","11":"outofstock","12":"taxable","13":"shipping-taxable","14":"purchasable","15":"product-type-variable"},"jetpack_sharing_enabled":true,"_links":{"self":[{"href":"https:\/\/boutique.larpnation.fr\/index.php\/wp-json\/wp\/v2\/product\/17829","targetHints":{"allow":["GET"]}}],"collection":[{"href":"https:\/\/boutique.larpnation.fr\/index.php\/wp-json\/wp\/v2\/product"}],"about":[{"href":"https:\/\/boutique.larpnation.fr\/index.php\/wp-json\/wp\/v2\/types\/product"}],"version-history":[{"count":3,"href":"https:\/\/boutique.larpnation.fr\/index.php\/wp-json\/wp\/v2\/product\/17829\/revisions"}],"predecessor-version":[{"id":26479,"href":"https:\/\/boutique.larpnation.fr\/index.php\/wp-json\/wp\/v2\/product\/17829\/revisions\/26479"}],"wp:featuredmedia":[{"embeddable":true,"href":"https:\/\/boutique.larpnation.fr\/index.php\/wp-json\/wp\/v2\/media\/7002"}],"wp:attachment":[{"href":"https:\/\/boutique.larpnation.fr\/index.php\/wp-json\/wp\/v2\/media?parent=17829"}],"wp:term":[{"taxonomy":"product_brand","embeddable":true,"href":"https:\/\/boutique.larpnation.fr\/index.php\/wp-json\/wp\/v2\/product_brand?post=17829"},{"taxonomy":"product_cat","embeddable":true,"href":"https:\/\/boutique.larpnation.fr\/index.php\/wp-json\/wp\/v2\/product_cat?post=17829"},{"taxonomy":"product_tag","embeddable":true,"href":"https:\/\/boutique.larpnation.fr\/index.php\/wp-json\/wp\/v2\/product_tag?post=17829"}],"curies":[{"name":"wp","href":"https:\/\/api.w.org\/{rel}","templated":true}]}}