{"id":17831,"date":"2023-08-03T12:17:18","date_gmt":"2023-08-03T10:17:18","guid":{"rendered":"http:\/\/boutique.larpnation.fr\/index.php\/produit\/leather-brigandine\/"},"modified":"2024-07-31T17:11:11","modified_gmt":"2024-07-31T15:11:11","slug":"leather-brigandine","status":"publish","type":"product","link":"https:\/\/boutique.larpnation.fr\/index.php\/produit\/leather-brigandine\/","title":{"rendered":"Brigandine en cuir"},"content":{"rendered":"<p><span data-sheets-value=\"{&quot;1&quot;:2,&quot;2&quot;:&quot;La Brigandine en cuir d'Epic Armoury est une armure en cuir renforc\u00e9e avec des plaques de cuir lourd con\u00e7ues pour prot\u00e9ger tout le torse, les cuisses sup\u00e9rieures et l'aine. Fabriqu\u00e9 en cuir pleine fleur et rivets rev\u00eatus de laiton, ce gilet mena\u00e7ant est \u00e0 la fois l\u00e9ger et durable. Fixez cette brigandine avec cinq sangles de cuir \u00e9pais et boucles en laiton sur le devant, ajustables gr\u00e2ce \u00e0 des cordons de serrage en cuir le long des flancs entre l'aisselle et la mi-cuisse.\\n\\nLa Brigandine en cuir est enti\u00e8rement compatible avec les autres armures d'Epic Armoury, et son style distinctif mais de faible fantasy lui permet d'\u00eatre utilis\u00e9 dans diff\u00e9rents jeux et pour diff\u00e9rents personnages. Avec les soins appropri\u00e9s pour le cuir, vous pouvez vous attendre \u00e0 ce que cette armure r\u00e9siste aux rigueurs d'un jeu de r\u00f4le grandeur nature ou d'une reconstitution pendant longtemps !&quot;}\" data-sheets-userformat=\"{&quot;2&quot;:1049527,&quot;3&quot;:{&quot;1&quot;:0},&quot;4&quot;:{&quot;1&quot;:2,&quot;2&quot;:13421772},&quot;5&quot;:{&quot;1&quot;:[{&quot;1&quot;:2,&quot;2&quot;:0,&quot;5&quot;:{&quot;1&quot;:2,&quot;2&quot;:0}},{&quot;1&quot;:0,&quot;2&quot;:0,&quot;3&quot;:3},{&quot;1&quot;:1,&quot;2&quot;:0,&quot;4&quot;:1}]},&quot;7&quot;:{&quot;1&quot;:[{&quot;1&quot;:2,&quot;2&quot;:0,&quot;5&quot;:{&quot;1&quot;:2,&quot;2&quot;:0}},{&quot;1&quot;:0,&quot;2&quot;:0,&quot;3&quot;:3},{&quot;1&quot;:1,&quot;2&quot;:0,&quot;4&quot;:1}]},&quot;8&quot;:{&quot;1&quot;:[{&quot;1&quot;:2,&quot;2&quot;:0,&quot;5&quot;:{&quot;1&quot;:2,&quot;2&quot;:0}},{&quot;1&quot;:0,&quot;2&quot;:0,&quot;3&quot;:3},{&quot;1&quot;:1,&quot;2&quot;:0,&quot;4&quot;:1}]},&quot;10&quot;:1,&quot;11&quot;:4,&quot;12&quot;:0,&quot;23&quot;:1}\">La Brigandine en cuir d&rsquo;Epic Armoury est une armure en cuir renforc\u00e9e avec des plaques de cuir lourd con\u00e7ues pour prot\u00e9ger tout le torse, les cuisses sup\u00e9rieures et l&rsquo;aine. Fabriqu\u00e9 en cuir pleine fleur et rivets rev\u00eatus de laiton, ce gilet mena\u00e7ant est \u00e0 la fois l\u00e9ger et durable. Fixez cette brigandine avec cinq sangles de cuir \u00e9pais et boucles en laiton sur le devant, ajustables gr\u00e2ce \u00e0 des cordons de serrage en cuir le long des flancs entre l&rsquo;aisselle et la mi-cuisse.<\/span><\/p>\n<p>La Brigandine en cuir est enti\u00e8rement compatible avec les autres armures d&rsquo;Epic Armoury, et son style distinctif mais de faible fantasy lui permet d&rsquo;\u00eatre utilis\u00e9 dans diff\u00e9rents jeux et pour diff\u00e9rents personnages. Avec les soins appropri\u00e9s pour le cuir, vous pouvez vous attendre \u00e0 ce que cette armure r\u00e9siste aux rigueurs d&rsquo;un jeu de r\u00f4le grandeur nature ou d&rsquo;une reconstitution pendant longtemps !<\/p>\n","protected":false},"excerpt":{"rendered":"<p><span data-sheets-value=\"{&quot;1&quot;:2,&quot;2&quot;:&quot;Vous observez votre officier en chef alors qu'il se fraye un chemin le long de la ligne de vos camarades soldats. Votre destin et celui de toute votre unit\u00e9 d\u00e9pendent des paroles de ce v\u00e9t\u00e9ran, et vous vous sentez soulag\u00e9 de ne pas avoir \u00e0 porter un tel fardeau.\\n\\n\\&quot;Nous devons combattre !\\&quot; crie votre officier pour que tous l'entendent. Vous ajustez votre Brigandine en cuir, v\u00e9rifiant \u00e0 nouveau les boucles tout en l'\u00e9coutant continuer. \\&quot;Pour nos foyers et nos familles, nous nous battrons jusqu'\u00e0 ce que nous ne puissions plus combattre !\\&quot; Avec un cri retentissant, vos camarades soldats se pr\u00e9parent \u00e0 la charge. Vous sortez votre arme, \u00e0 la fois d\u00e9sireux et effray\u00e9.\\n\\nLa bataille a commenc\u00e9.&quot;}\" data-sheets-userformat=\"{&quot;2&quot;:1049527,&quot;3&quot;:{&quot;1&quot;:0},&quot;4&quot;:{&quot;1&quot;:2,&quot;2&quot;:13421772},&quot;5&quot;:{&quot;1&quot;:[{&quot;1&quot;:2,&quot;2&quot;:0,&quot;5&quot;:{&quot;1&quot;:2,&quot;2&quot;:0}},{&quot;1&quot;:0,&quot;2&quot;:0,&quot;3&quot;:3},{&quot;1&quot;:1,&quot;2&quot;:0,&quot;4&quot;:1}]},&quot;7&quot;:{&quot;1&quot;:[{&quot;1&quot;:2,&quot;2&quot;:0,&quot;5&quot;:{&quot;1&quot;:2,&quot;2&quot;:0}},{&quot;1&quot;:0,&quot;2&quot;:0,&quot;3&quot;:3},{&quot;1&quot;:1,&quot;2&quot;:0,&quot;4&quot;:1}]},&quot;8&quot;:{&quot;1&quot;:[{&quot;1&quot;:2,&quot;2&quot;:0,&quot;5&quot;:{&quot;1&quot;:2,&quot;2&quot;:0}},{&quot;1&quot;:0,&quot;2&quot;:0,&quot;3&quot;:3},{&quot;1&quot;:1,&quot;2&quot;:0,&quot;4&quot;:1}]},&quot;10&quot;:1,&quot;11&quot;:4,&quot;12&quot;:0,&quot;23&quot;:1}\">Vous observez votre officier en chef alors qu&rsquo;il se fraye un chemin le long de la ligne de vos camarades soldats. Votre destin et celui de toute votre unit\u00e9 d\u00e9pendent des paroles de ce v\u00e9t\u00e9ran, et vous vous sentez soulag\u00e9 de ne pas avoir \u00e0 porter un tel fardeau.<\/span><\/p>\n<p>\u00ab\u00a0Nous devons combattre !\u00a0\u00bb crie votre officier pour que tous l&rsquo;entendent. Vous ajustez votre Brigandine en cuir, v\u00e9rifiant \u00e0 nouveau les boucles tout en l&rsquo;\u00e9coutant continuer. \u00ab\u00a0Pour nos foyers et nos familles, nous nous battrons jusqu&rsquo;\u00e0 ce que nous ne puissions plus combattre !\u00a0\u00bb Avec un cri retentissant, vos camarades soldats se pr\u00e9parent \u00e0 la charge. Vous sortez votre arme, \u00e0 la fois d\u00e9sireux et effray\u00e9.<\/p>\n<p>La bataille a commenc\u00e9.<\/p>\n","protected":false},"featured_media":7099,"template":"","meta":[],"product_brand":[],"product_cat":[528,537],"product_tag":[494],"class_list":{"0":"post-17831","1":"product","2":"type-product","3":"status-publish","4":"has-post-thumbnail","6":"product_cat-armures-sur-demande","7":"product_cat-torse-sur-demande","8":"product_tag-cuir","10":"first","11":"outofstock","12":"taxable","13":"shipping-taxable","14":"purchasable","15":"product-type-variable"},"jetpack_sharing_enabled":true,"_links":{"self":[{"href":"https:\/\/boutique.larpnation.fr\/index.php\/wp-json\/wp\/v2\/product\/17831","targetHints":{"allow":["GET"]}}],"collection":[{"href":"https:\/\/boutique.larpnation.fr\/index.php\/wp-json\/wp\/v2\/product"}],"about":[{"href":"https:\/\/boutique.larpnation.fr\/index.php\/wp-json\/wp\/v2\/types\/product"}],"version-history":[{"count":3,"href":"https:\/\/boutique.larpnation.fr\/index.php\/wp-json\/wp\/v2\/product\/17831\/revisions"}],"predecessor-version":[{"id":26484,"href":"https:\/\/boutique.larpnation.fr\/index.php\/wp-json\/wp\/v2\/product\/17831\/revisions\/26484"}],"wp:featuredmedia":[{"embeddable":true,"href":"https:\/\/boutique.larpnation.fr\/index.php\/wp-json\/wp\/v2\/media\/7099"}],"wp:attachment":[{"href":"https:\/\/boutique.larpnation.fr\/index.php\/wp-json\/wp\/v2\/media?parent=17831"}],"wp:term":[{"taxonomy":"product_brand","embeddable":true,"href":"https:\/\/boutique.larpnation.fr\/index.php\/wp-json\/wp\/v2\/product_brand?post=17831"},{"taxonomy":"product_cat","embeddable":true,"href":"https:\/\/boutique.larpnation.fr\/index.php\/wp-json\/wp\/v2\/product_cat?post=17831"},{"taxonomy":"product_tag","embeddable":true,"href":"https:\/\/boutique.larpnation.fr\/index.php\/wp-json\/wp\/v2\/product_tag?post=17831"}],"curies":[{"name":"wp","href":"https:\/\/api.w.org\/{rel}","templated":true}]}}