{"id":19756,"date":"2023-08-11T14:29:51","date_gmt":"2023-08-11T12:29:51","guid":{"rendered":"http:\/\/boutique.larpnation.fr\/?post_type=product&#038;p=19756"},"modified":"2024-09-06T10:00:24","modified_gmt":"2024-09-06T08:00:24","slug":"thief-gloves","status":"publish","type":"product","link":"https:\/\/boutique.larpnation.fr\/index.php\/produit\/thief-gloves\/","title":{"rendered":"Gants de voleur"},"content":{"rendered":"<p>Les gants de voleur d&rsquo;Epic Armoury sont des gants en cuir sans doigts avec des poignets courts. Ils sont fabriqu\u00e9s \u00e0 partir de cuir teint et cousus au niveau de toutes les articulations autour des doigts, des poignets et des bords. Ces coutures am\u00e9liorent la r\u00e9sistance du mat\u00e9riau en l&#8217;emp\u00eachant de se d\u00e9former en cas d&rsquo;usage intensif ou d&rsquo;exposition \u00e0 l&rsquo;environnement. L&rsquo;ajustement des gants peut \u00eatre ajust\u00e9 gr\u00e2ce \u00e0 un la\u00e7age en cuir jusqu&rsquo;au poignet.<\/p>\n<p>Ces gants sont enti\u00e8rement compatibles avec d&rsquo;autres articles en m\u00e9tal et en cuir d&rsquo;Epic Armory et correspondent particuli\u00e8rement \u00e0 nos designs les plus astucieux. Leur look low-fantasy et leur style mod\u00e9r\u00e9 peuvent \u00eatre utilis\u00e9s avec une multitude de d\u00e9cors, permettant ainsi la libert\u00e9 de cr\u00e9er votre propre costume unique.<\/p>\n","protected":false},"excerpt":{"rendered":"<p><span data-sheets-value=\"{&quot;1&quot;:2,&quot;2&quot;:&quot;Vous glissez vos Gants de Voleur sur vos mains. Des doigts agiles ont besoin de la liberte de mouvement, et ces gants protegent vos mains sans sacrifier votre capacite a crocheter meme les serrures les plus complexes.\\n\\nUne telle serrure se trouve devant vous, soigneusement forgee et con\u00e7ue, et vous manipulez vos outils de crochetage avec expertise. Avec un decisif \u00ab clic ! \u00bb, la serrure cede et vous ouvrez le coffre pour reveler le plus beau joyau que vous ayez jamais vu.&quot;}\" data-sheets-userformat=\"{&quot;2&quot;:1049527,&quot;3&quot;:{&quot;1&quot;:0},&quot;4&quot;:{&quot;1&quot;:2,&quot;2&quot;:13421772},&quot;5&quot;:{&quot;1&quot;:[{&quot;1&quot;:2,&quot;2&quot;:0,&quot;5&quot;:{&quot;1&quot;:2,&quot;2&quot;:0}},{&quot;1&quot;:0,&quot;2&quot;:0,&quot;3&quot;:3},{&quot;1&quot;:1,&quot;2&quot;:0,&quot;4&quot;:1}]},&quot;7&quot;:{&quot;1&quot;:[{&quot;1&quot;:2,&quot;2&quot;:0,&quot;5&quot;:{&quot;1&quot;:2,&quot;2&quot;:0}},{&quot;1&quot;:0,&quot;2&quot;:0,&quot;3&quot;:3},{&quot;1&quot;:1,&quot;2&quot;:0,&quot;4&quot;:1}]},&quot;8&quot;:{&quot;1&quot;:[{&quot;1&quot;:2,&quot;2&quot;:0,&quot;5&quot;:{&quot;1&quot;:2,&quot;2&quot;:0}},{&quot;1&quot;:0,&quot;2&quot;:0,&quot;3&quot;:3},{&quot;1&quot;:1,&quot;2&quot;:0,&quot;4&quot;:1}]},&quot;10&quot;:0,&quot;11&quot;:4,&quot;12&quot;:0,&quot;23&quot;:1}\">Vous glissez vos Gants de Voleur sur vos mains. Des doigts agiles ont besoin de la liberte de mouvement, et ces gants protegent vos mains sans sacrifier votre capacite a crocheter meme les serrures les plus complexes.<\/span><\/p>\n<p>Une telle serrure se trouve devant vous, soigneusement forgee et con\u00e7ue, et vous manipulez vos outils de crochetage avec expertise. Avec un decisif \u00ab clic ! \u00bb, la serrure cede et vous ouvrez le coffre pour reveler le plus beau joyau que vous ayez jamais vu.<\/p>\n","protected":false},"featured_media":12927,"template":"","meta":[],"product_brand":[],"product_cat":[553,547],"product_tag":[],"class_list":{"0":"post-19756","1":"product","2":"type-product","3":"status-publish","4":"has-post-thumbnail","6":"product_cat-gants-sur-demande","7":"product_cat-vetements-sur-demande","9":"first","10":"outofstock","11":"taxable","12":"shipping-taxable","13":"purchasable","14":"product-type-variable"},"jetpack_sharing_enabled":true,"_links":{"self":[{"href":"https:\/\/boutique.larpnation.fr\/index.php\/wp-json\/wp\/v2\/product\/19756","targetHints":{"allow":["GET"]}}],"collection":[{"href":"https:\/\/boutique.larpnation.fr\/index.php\/wp-json\/wp\/v2\/product"}],"about":[{"href":"https:\/\/boutique.larpnation.fr\/index.php\/wp-json\/wp\/v2\/types\/product"}],"version-history":[{"count":5,"href":"https:\/\/boutique.larpnation.fr\/index.php\/wp-json\/wp\/v2\/product\/19756\/revisions"}],"predecessor-version":[{"id":27293,"href":"https:\/\/boutique.larpnation.fr\/index.php\/wp-json\/wp\/v2\/product\/19756\/revisions\/27293"}],"wp:featuredmedia":[{"embeddable":true,"href":"https:\/\/boutique.larpnation.fr\/index.php\/wp-json\/wp\/v2\/media\/12927"}],"wp:attachment":[{"href":"https:\/\/boutique.larpnation.fr\/index.php\/wp-json\/wp\/v2\/media?parent=19756"}],"wp:term":[{"taxonomy":"product_brand","embeddable":true,"href":"https:\/\/boutique.larpnation.fr\/index.php\/wp-json\/wp\/v2\/product_brand?post=19756"},{"taxonomy":"product_cat","embeddable":true,"href":"https:\/\/boutique.larpnation.fr\/index.php\/wp-json\/wp\/v2\/product_cat?post=19756"},{"taxonomy":"product_tag","embeddable":true,"href":"https:\/\/boutique.larpnation.fr\/index.php\/wp-json\/wp\/v2\/product_tag?post=19756"}],"curies":[{"name":"wp","href":"https:\/\/api.w.org\/{rel}","templated":true}]}}