{"id":22425,"date":"2023-09-28T17:30:55","date_gmt":"2023-09-28T15:30:55","guid":{"rendered":"http:\/\/boutique.larpnation.fr\/?post_type=product&#038;p=22425"},"modified":"2024-05-15T13:03:56","modified_gmt":"2024-05-15T11:03:56","slug":"fleche-tete-plate-fut-blanc","status":"publish","type":"product","link":"https:\/\/boutique.larpnation.fr\/index.php\/produit\/fleche-tete-plate-fut-blanc\/","title":{"rendered":"Fl\u00e8che &#8211; T\u00eate Plate &#8211; F\u00fbt Blanc"},"content":{"rendered":"<p><span data-sheets-value=\"{&quot;1&quot;:2,&quot;2&quot;:&quot;Cette fleche est con\u00e7ue par iDV Engineering, les principaux artisans de l'archerie dans l'industrie du jeu de role grandeur nature (LARP). Les fleches sont essentielles pour tout archer, et cette version particuliere est con\u00e7ue pour etre utilisee sans nuire a vos amis. Fabriquee en resine epoxy-verre, cette fleche de 76 cm de long est con\u00e7ue pour etre tres flexible, incassable et precise. Elle resistera aux mauvais traitements inevitables sur le pas de tir a l'arc ou sur le champ de bataille !\\n\\nCette fleche est une excellente solution pour les archers debutants, les jeunes, le tourisme, les jeux de role grandeur nature ou la reconstitution medievale. La tete ronde est constituee d'un rembourrage durable et est con\u00e7ue pour distribuer uniformement l'impact afin de minimiser les risques de blessures potentiels.&quot;}\" data-sheets-userformat=\"{&quot;2&quot;:1049527,&quot;3&quot;:{&quot;1&quot;:0},&quot;4&quot;:{&quot;1&quot;:2,&quot;2&quot;:13421772},&quot;5&quot;:{&quot;1&quot;:[{&quot;1&quot;:2,&quot;2&quot;:0,&quot;5&quot;:{&quot;1&quot;:2,&quot;2&quot;:0}},{&quot;1&quot;:0,&quot;2&quot;:0,&quot;3&quot;:3},{&quot;1&quot;:1,&quot;2&quot;:0,&quot;4&quot;:1}]},&quot;7&quot;:{&quot;1&quot;:[{&quot;1&quot;:2,&quot;2&quot;:0,&quot;5&quot;:{&quot;1&quot;:2,&quot;2&quot;:0}},{&quot;1&quot;:0,&quot;2&quot;:0,&quot;3&quot;:3},{&quot;1&quot;:1,&quot;2&quot;:0,&quot;4&quot;:1}]},&quot;8&quot;:{&quot;1&quot;:[{&quot;1&quot;:2,&quot;2&quot;:0,&quot;5&quot;:{&quot;1&quot;:2,&quot;2&quot;:0}},{&quot;1&quot;:0,&quot;2&quot;:0,&quot;3&quot;:3},{&quot;1&quot;:1,&quot;2&quot;:0,&quot;4&quot;:1}]},&quot;10&quot;:0,&quot;11&quot;:4,&quot;12&quot;:0,&quot;23&quot;:1}\">Cette fl\u00e8che est con\u00e7ue par iDV Engineering, les principaux artisans de l&rsquo;archerie dans l&rsquo;industrie du jeu de r\u00f4le grandeur nature (LARP). Les fl\u00e8ches sont essentielles pour tout archer, et cette version particuli\u00e8re est con\u00e7ue pour \u00eatre utilis\u00e9e sans nuire a vos amis. Fabriqu\u00e9e en r\u00e9sine \u00e9poxy-verre, cette fl\u00e8che de 76 cm de long est con\u00e7ue pour \u00eatre tr\u00e8s flexible, incassable et pr\u00e9cise. Elle r\u00e9sistera aux mauvais traitements in\u00e9vitables sur le pas de tir a l&rsquo;arc ou sur le champ de bataille !<\/span><\/p>\n<p>Cette fl\u00e8che est une excellente solution pour les archers d\u00e9butants, les jeunes, le tourisme, les jeux de r\u00f4le grandeur nature ou la reconstitution m\u00e9di\u00e9vale. La t\u00e8te ronde est constitu\u00e9e d&rsquo;un rembourrage durable et est con\u00e7ue pour distribuer uniform\u00e9ment l&rsquo;impact afin de minimiser les risques de blessures potentiels.<\/p>\n","protected":false},"excerpt":{"rendered":"<p><span data-sheets-value=\"{&quot;1&quot;:2,&quot;2&quot;:&quot;Votre mere est une archere celebre dans votre royaume, et une concurrente redoutee chaque fois que des tournois de tir a l'arc ont lieu. Vous l'avez vue toucher une cible en mouvement de la taille de votre paume sans meme transpirer.\\n\\nUn jour, vous esperez etre a la hauteur du nom de votre mere. Sous sa direction, vous vous entrainez quotidiennement avec votre arc et votre collection de fleches a tete ronde. Votre mere dit que vous avez un grand potentiel, apres tout, c'est dans votre sang.&quot;}\" data-sheets-userformat=\"{&quot;2&quot;:1049527,&quot;3&quot;:{&quot;1&quot;:0},&quot;4&quot;:{&quot;1&quot;:2,&quot;2&quot;:13421772},&quot;5&quot;:{&quot;1&quot;:[{&quot;1&quot;:2,&quot;2&quot;:0,&quot;5&quot;:{&quot;1&quot;:2,&quot;2&quot;:0}},{&quot;1&quot;:0,&quot;2&quot;:0,&quot;3&quot;:3},{&quot;1&quot;:1,&quot;2&quot;:0,&quot;4&quot;:1}]},&quot;7&quot;:{&quot;1&quot;:[{&quot;1&quot;:2,&quot;2&quot;:0,&quot;5&quot;:{&quot;1&quot;:2,&quot;2&quot;:0}},{&quot;1&quot;:0,&quot;2&quot;:0,&quot;3&quot;:3},{&quot;1&quot;:1,&quot;2&quot;:0,&quot;4&quot;:1}]},&quot;8&quot;:{&quot;1&quot;:[{&quot;1&quot;:2,&quot;2&quot;:0,&quot;5&quot;:{&quot;1&quot;:2,&quot;2&quot;:0}},{&quot;1&quot;:0,&quot;2&quot;:0,&quot;3&quot;:3},{&quot;1&quot;:1,&quot;2&quot;:0,&quot;4&quot;:1}]},&quot;10&quot;:0,&quot;11&quot;:4,&quot;12&quot;:0,&quot;23&quot;:1}\">Votre mere est une archere celebre dans votre royaume, et une concurrente redoutee chaque fois que des tournois de tir a l&rsquo;arc ont lieu. Vous l&rsquo;avez vue toucher une cible en mouvement de la taille de votre paume sans meme transpirer.<\/span><\/p>\n<p>Un jour, vous esperez etre a la hauteur du nom de votre mere. Sous sa direction, vous vous entrainez quotidiennement avec votre arc et votre collection de fleches a tete ronde. Votre mere dit que vous avez un grand potentiel, apres tout, c&rsquo;est dans votre sang.<\/p>\n","protected":false},"featured_media":2824,"template":"","meta":[],"product_brand":[],"product_cat":[518,517],"product_tag":[],"class_list":{"0":"post-22425","1":"product","2":"type-product","3":"status-publish","4":"has-post-thumbnail","6":"product_cat-archerie-sur-demande","7":"product_cat-armes-sur-demande","9":"first","10":"outofstock","11":"taxable","12":"shipping-taxable","13":"purchasable","14":"product-type-variable"},"jetpack_sharing_enabled":true,"_links":{"self":[{"href":"https:\/\/boutique.larpnation.fr\/index.php\/wp-json\/wp\/v2\/product\/22425","targetHints":{"allow":["GET"]}}],"collection":[{"href":"https:\/\/boutique.larpnation.fr\/index.php\/wp-json\/wp\/v2\/product"}],"about":[{"href":"https:\/\/boutique.larpnation.fr\/index.php\/wp-json\/wp\/v2\/types\/product"}],"version-history":[{"count":5,"href":"https:\/\/boutique.larpnation.fr\/index.php\/wp-json\/wp\/v2\/product\/22425\/revisions"}],"predecessor-version":[{"id":26962,"href":"https:\/\/boutique.larpnation.fr\/index.php\/wp-json\/wp\/v2\/product\/22425\/revisions\/26962"}],"wp:featuredmedia":[{"embeddable":true,"href":"https:\/\/boutique.larpnation.fr\/index.php\/wp-json\/wp\/v2\/media\/2824"}],"wp:attachment":[{"href":"https:\/\/boutique.larpnation.fr\/index.php\/wp-json\/wp\/v2\/media?parent=22425"}],"wp:term":[{"taxonomy":"product_brand","embeddable":true,"href":"https:\/\/boutique.larpnation.fr\/index.php\/wp-json\/wp\/v2\/product_brand?post=22425"},{"taxonomy":"product_cat","embeddable":true,"href":"https:\/\/boutique.larpnation.fr\/index.php\/wp-json\/wp\/v2\/product_cat?post=22425"},{"taxonomy":"product_tag","embeddable":true,"href":"https:\/\/boutique.larpnation.fr\/index.php\/wp-json\/wp\/v2\/product_tag?post=22425"}],"curies":[{"name":"wp","href":"https:\/\/api.w.org\/{rel}","templated":true}]}}