{"id":23016,"date":"2023-09-29T17:17:39","date_gmt":"2023-09-29T15:17:39","guid":{"rendered":"http:\/\/boutique.larpnation.fr\/?post_type=product&#038;p=23016"},"modified":"2024-09-05T16:16:14","modified_gmt":"2024-09-05T14:16:14","slug":"sous-chemise","status":"publish","type":"product","link":"https:\/\/boutique.larpnation.fr\/index.php\/produit\/sous-chemise\/","title":{"rendered":"Sous-chemise"},"content":{"rendered":"<p>La Sous-chemise d&rsquo;Epic Armoury est une chemise ample, l\u00e9g\u00e8re et polyvalente avec un d\u00e9collet\u00e9 raglan qui s&rsquo;\u00e9tend des \u00e9paules aux hanches. Fabriqu\u00e9e en coton l\u00e9ger, l&rsquo;encolure de cette chemise est r\u00e9glable \u00e0 l&rsquo;aide d&rsquo;un double jeu de cordons, vous permettant de porter la chemise serr\u00e9e autour du cou ou drap\u00e9e sur les \u00e9paules. Les cordons de serrage aux poignets vous permettent \u00e9galement de porter les manches pendantes ou nou\u00e9es serr\u00e9es aux poignets.<\/p>\n<p>La Sous-chemise est un excellent sous-v\u00eatement pour tous les genres et peut \u00e9galement \u00eatre port\u00e9 comme surchemise. Cette chemise est enti\u00e8rement compatible avec les autres v\u00eatements et armures d\u2019Epic Armoury, et son style s\u2019adaptera \u00e0 une grande vari\u00e9t\u00e9 de personnages et de genres.<\/p>\n","protected":false},"excerpt":{"rendered":"<p>La Sous-chemise d&rsquo;Epic Armoury est une chemise ample, l\u00e9g\u00e8re et polyvalente avec un d\u00e9collet\u00e9 raglan qui s&rsquo;\u00e9tend des \u00e9paules aux hanches. Fabriqu\u00e9e en coton l\u00e9ger, l&rsquo;encolure de cette chemise est r\u00e9glable \u00e0 l&rsquo;aide d&rsquo;un double&hellip;<\/p>\n","protected":false},"featured_media":14688,"template":"","meta":[],"product_brand":[],"product_cat":[551,547],"product_tag":[],"class_list":{"0":"post-23016","1":"product","2":"type-product","3":"status-publish","4":"has-post-thumbnail","6":"product_cat-chemises-sur-demande","7":"product_cat-vetements-sur-demande","9":"first","10":"outofstock","11":"taxable","12":"shipping-taxable","13":"purchasable","14":"product-type-variable"},"jetpack_sharing_enabled":true,"_links":{"self":[{"href":"https:\/\/boutique.larpnation.fr\/index.php\/wp-json\/wp\/v2\/product\/23016","targetHints":{"allow":["GET"]}}],"collection":[{"href":"https:\/\/boutique.larpnation.fr\/index.php\/wp-json\/wp\/v2\/product"}],"about":[{"href":"https:\/\/boutique.larpnation.fr\/index.php\/wp-json\/wp\/v2\/types\/product"}],"version-history":[{"count":3,"href":"https:\/\/boutique.larpnation.fr\/index.php\/wp-json\/wp\/v2\/product\/23016\/revisions"}],"predecessor-version":[{"id":27286,"href":"https:\/\/boutique.larpnation.fr\/index.php\/wp-json\/wp\/v2\/product\/23016\/revisions\/27286"}],"wp:featuredmedia":[{"embeddable":true,"href":"https:\/\/boutique.larpnation.fr\/index.php\/wp-json\/wp\/v2\/media\/14688"}],"wp:attachment":[{"href":"https:\/\/boutique.larpnation.fr\/index.php\/wp-json\/wp\/v2\/media?parent=23016"}],"wp:term":[{"taxonomy":"product_brand","embeddable":true,"href":"https:\/\/boutique.larpnation.fr\/index.php\/wp-json\/wp\/v2\/product_brand?post=23016"},{"taxonomy":"product_cat","embeddable":true,"href":"https:\/\/boutique.larpnation.fr\/index.php\/wp-json\/wp\/v2\/product_cat?post=23016"},{"taxonomy":"product_tag","embeddable":true,"href":"https:\/\/boutique.larpnation.fr\/index.php\/wp-json\/wp\/v2\/product_tag?post=23016"}],"curies":[{"name":"wp","href":"https:\/\/api.w.org\/{rel}","templated":true}]}}