{"id":23146,"date":"2023-09-29T17:59:35","date_gmt":"2023-09-29T15:59:35","guid":{"rendered":"http:\/\/boutique.larpnation.fr\/?post_type=product&#038;p=23146"},"modified":"2024-07-12T11:37:16","modified_gmt":"2024-07-12T09:37:16","slug":"tassettes-declaireur","status":"publish","type":"product","link":"https:\/\/boutique.larpnation.fr\/index.php\/produit\/tassettes-declaireur\/","title":{"rendered":"Tassettes d&rsquo;\u00e9claireur"},"content":{"rendered":"<p><span data-sheets-value=\"{&quot;1&quot;:2,&quot;2&quot;:&quot;Les Scout Belt Shields d'Epic Armoury sont deux plaques con\u00e7ues pour proteger les cuisses. Ces plaques d'acier a bords roules sont suspendues a votre propre ceinture pour couvrir les cuisses exterieures, se mettant en place a l'aide de boucles en cuir marron solidement fixees avec des rivets. Chaque plaque mesure 25 cm de long et 21 cm de large, avec deux boucles en cuir plie de 24 cm.\\n\\nL'armure Scout's Belt Shield est con\u00e7ue pour etre simple, vous donnant la liberte de personnaliser le costume de votre personnage en l'associant a une multitude de styles. Cette armure ne necessite pas non plus d'aide pour etre equipee, car elle est tres facile a enfiler et a enlever. Fabriquee en acier doux galvanise de 1 mm d'epaisseur et en sangles et garnitures en cuir pleine fleur, cette piece d'armure est con\u00e7ue pour resister aux rigueurs d'un jeu de role grandeur nature (LARP) ou d'une reconstitution, avec un entretien regulier de l'armure en cuir et en metal.&quot;}\" data-sheets-userformat=\"{&quot;2&quot;:1049527,&quot;3&quot;:{&quot;1&quot;:0},&quot;4&quot;:{&quot;1&quot;:2,&quot;2&quot;:13421772},&quot;5&quot;:{&quot;1&quot;:[{&quot;1&quot;:2,&quot;2&quot;:0,&quot;5&quot;:{&quot;1&quot;:2,&quot;2&quot;:0}},{&quot;1&quot;:0,&quot;2&quot;:0,&quot;3&quot;:3},{&quot;1&quot;:1,&quot;2&quot;:0,&quot;4&quot;:1}]},&quot;7&quot;:{&quot;1&quot;:[{&quot;1&quot;:2,&quot;2&quot;:0,&quot;5&quot;:{&quot;1&quot;:2,&quot;2&quot;:0}},{&quot;1&quot;:0,&quot;2&quot;:0,&quot;3&quot;:3},{&quot;1&quot;:1,&quot;2&quot;:0,&quot;4&quot;:1}]},&quot;8&quot;:{&quot;1&quot;:[{&quot;1&quot;:2,&quot;2&quot;:0,&quot;5&quot;:{&quot;1&quot;:2,&quot;2&quot;:0}},{&quot;1&quot;:0,&quot;2&quot;:0,&quot;3&quot;:3},{&quot;1&quot;:1,&quot;2&quot;:0,&quot;4&quot;:1}]},&quot;10&quot;:0,&quot;11&quot;:4,&quot;12&quot;:0,&quot;23&quot;:1}\">Les tassettes d&rsquo;\u00e9claireur d&rsquo;Epic Armoury sont deux plaques con\u00e7ues pour prot\u00e9ger les cuisses. Ces plaques d&rsquo;acier a bords roules sont suspendues a votre propre ceinture pour couvrir les cuisses ext\u00e9rieures, se mettant en place a l&rsquo;aide de boucles en cuir marron solidement fix\u00e9es avec des rivets. Chaque plaque mesure 25 cm de long et 21 cm de large, avec deux boucles en cuir plie de 24 cm.<\/span><\/p>\n<p>L&rsquo;armure tassettes d&rsquo;\u00e9claireur est con\u00e7ue pour \u00eatre simple, vous donnant la libert\u00e9 de personnaliser le costume de votre personnage en l&rsquo;associant a une multitude de styles. Cette armure ne n\u00e9cessite pas non plus d&rsquo;aide pour \u00eatre \u00e9quip\u00e9e, car elle est tr\u00e8s facile \u00e0 enfiler et \u00e0 enlever. Fabriqu\u00e9e en acier doux galvanise de 1 mm d&rsquo;\u00e9paisseur et en sangles et garnitures en cuir pleine fleur, cette pi\u00e8ce d&rsquo;armure est con\u00e7ue pour r\u00e9sister aux rigueurs d&rsquo;un jeu de r\u00f4le grandeur nature (LARP) ou d&rsquo;une reconstitution, avec un entretien r\u00e9gulier de l&rsquo;armure en cuir et en m\u00e9tal.<\/p>\n","protected":false},"excerpt":{"rendered":"<p><span data-sheets-value=\"{&quot;1&quot;:2,&quot;2&quot;:&quot;Vous vous deplacez rapidement, naviguant dans le terrain traitre. Les pluies ont emporte les routes et ont rendu les deplacements difficiles, emportant avec elles les sentiers et les empreintes de pas. D'un cote, cela a rendu votre travail de scout difficile, mais cela a egalement ralenti tout groupe normal voyageant devant vous.\\n\\nGrace a votre equipement simple et leger, y compris vos Scout Belt Shields, vous parvenez a reperer les ennuis bien avant qu'ils ne puissent vous reperer. Vous retournerez et informerez votre propre groupe des bandits a venir.&quot;}\" data-sheets-userformat=\"{&quot;2&quot;:1049527,&quot;3&quot;:{&quot;1&quot;:0},&quot;4&quot;:{&quot;1&quot;:2,&quot;2&quot;:13421772},&quot;5&quot;:{&quot;1&quot;:[{&quot;1&quot;:2,&quot;2&quot;:0,&quot;5&quot;:{&quot;1&quot;:2,&quot;2&quot;:0}},{&quot;1&quot;:0,&quot;2&quot;:0,&quot;3&quot;:3},{&quot;1&quot;:1,&quot;2&quot;:0,&quot;4&quot;:1}]},&quot;7&quot;:{&quot;1&quot;:[{&quot;1&quot;:2,&quot;2&quot;:0,&quot;5&quot;:{&quot;1&quot;:2,&quot;2&quot;:0}},{&quot;1&quot;:0,&quot;2&quot;:0,&quot;3&quot;:3},{&quot;1&quot;:1,&quot;2&quot;:0,&quot;4&quot;:1}]},&quot;8&quot;:{&quot;1&quot;:[{&quot;1&quot;:2,&quot;2&quot;:0,&quot;5&quot;:{&quot;1&quot;:2,&quot;2&quot;:0}},{&quot;1&quot;:0,&quot;2&quot;:0,&quot;3&quot;:3},{&quot;1&quot;:1,&quot;2&quot;:0,&quot;4&quot;:1}]},&quot;10&quot;:0,&quot;11&quot;:4,&quot;12&quot;:0,&quot;23&quot;:1}\">Vous vous deplacez rapidement, naviguant dans le terrain traitre. Les pluies ont emporte les routes et ont rendu les deplacements difficiles, emportant avec elles les sentiers et les empreintes de pas. D&rsquo;un cote, cela a rendu votre travail de scout difficile, mais cela a egalement ralenti tout groupe normal voyageant devant vous.<\/span><\/p>\n<p>Grace a votre equipement simple et leger, y compris vos Scout Belt Shields, vous parvenez a reperer les ennuis bien avant qu&rsquo;ils ne puissent vous reperer. Vous retournerez et informerez votre propre groupe des bandits a venir.<\/p>\n","protected":false},"featured_media":7791,"template":"","meta":[],"product_brand":[],"product_cat":[528,535],"product_tag":[],"class_list":{"0":"post-23146","1":"product","2":"type-product","3":"status-publish","4":"has-post-thumbnail","6":"product_cat-armures-sur-demande","7":"product_cat-jambes-sur-demande","9":"first","10":"outofstock","11":"taxable","12":"shipping-taxable","13":"purchasable","14":"product-type-variable"},"jetpack_sharing_enabled":true,"_links":{"self":[{"href":"https:\/\/boutique.larpnation.fr\/index.php\/wp-json\/wp\/v2\/product\/23146","targetHints":{"allow":["GET"]}}],"collection":[{"href":"https:\/\/boutique.larpnation.fr\/index.php\/wp-json\/wp\/v2\/product"}],"about":[{"href":"https:\/\/boutique.larpnation.fr\/index.php\/wp-json\/wp\/v2\/types\/product"}],"version-history":[{"count":4,"href":"https:\/\/boutique.larpnation.fr\/index.php\/wp-json\/wp\/v2\/product\/23146\/revisions"}],"predecessor-version":[{"id":27211,"href":"https:\/\/boutique.larpnation.fr\/index.php\/wp-json\/wp\/v2\/product\/23146\/revisions\/27211"}],"wp:featuredmedia":[{"embeddable":true,"href":"https:\/\/boutique.larpnation.fr\/index.php\/wp-json\/wp\/v2\/media\/7791"}],"wp:attachment":[{"href":"https:\/\/boutique.larpnation.fr\/index.php\/wp-json\/wp\/v2\/media?parent=23146"}],"wp:term":[{"taxonomy":"product_brand","embeddable":true,"href":"https:\/\/boutique.larpnation.fr\/index.php\/wp-json\/wp\/v2\/product_brand?post=23146"},{"taxonomy":"product_cat","embeddable":true,"href":"https:\/\/boutique.larpnation.fr\/index.php\/wp-json\/wp\/v2\/product_cat?post=23146"},{"taxonomy":"product_tag","embeddable":true,"href":"https:\/\/boutique.larpnation.fr\/index.php\/wp-json\/wp\/v2\/product_tag?post=23146"}],"curies":[{"name":"wp","href":"https:\/\/api.w.org\/{rel}","templated":true}]}}