{"id":23485,"date":"2023-09-30T14:17:30","date_gmt":"2023-09-30T12:17:30","guid":{"rendered":"http:\/\/boutique.larpnation.fr\/?post_type=product&#038;p=23485"},"modified":"2024-06-06T11:19:00","modified_gmt":"2024-06-06T09:19:00","slug":"spalieres-de-bucheron","status":"publish","type":"product","link":"https:\/\/boutique.larpnation.fr\/index.php\/produit\/spalieres-de-bucheron\/","title":{"rendered":"Spali\u00e8res de Bucheron"},"content":{"rendered":"<p>Pour se d\u00e9placer \u00e0 travers des broussailles \u00e9paisses, il est n\u00e9cessaire de porter une armure appropri\u00e9e. L&rsquo;ensemble d&rsquo;\u00e9paules Woodsman en cuir noir d&rsquo;Epic Armoury est une \u00e9paulette \u00e9l\u00e9gante et ajust\u00e9e qui ne restreindra pas les mouvements et ne s&rsquo;accrochera pas aux branches l\u00e2ches. Vendue par paire, cette armure d&rsquo;\u00e9paule richement d\u00e9taill\u00e9e est compos\u00e9e de plusieurs plaques de cuir rigide au tannage v\u00e9g\u00e9tal cousues ensemble pour former une coque solide qui aidera \u00e0 d\u00e9fendre le ranger au combat. Chaque \u00e9paule peut \u00eatre attach\u00e9e \u00e0 votre armure \u00e0 l&rsquo;aide de la sangle en cuir contenant des plaques de cuir rivet\u00e9es et segment\u00e9es gaufr\u00e9es d&rsquo;un magnifique motif celtique. La distance de l&rsquo;\u00e9paule peut \u00eatre ajust\u00e9e confortablement pour s&rsquo;adapter aux \u00e9paules de presque n&rsquo;importe quel guerrier. Cette armure de style spalli\u00e8re est parfaite pour les voleurs et les assassins qui ont besoin de protection mais ne d\u00e9sirent pas une armure volumineuse ou ample.<\/p>\n","protected":false},"excerpt":{"rendered":"<p><span data-sheets-value=\"{&quot;1&quot;:2,&quot;2&quot;:&quot;Le deplacement rapide a travers les broussailles epaisses necessite de porter la bonne armure. L'Ensemble d'epaules de Bucheron en Cuir Noir d'Epic Armoury est un elegant pauldron moulant qui ne restreindra pas les mouvements ni ne s'accrochera aux branches basses. Vendu par paire, cette armure d'epaule richement detaillee est constituee de plusieurs plaques de cuir tanne vegetal rigide cousues ensemble pour former une coque solide qui aidera a proteger le ranger en combat. Chaque pauldron peut etre attache a votre armure a l'aide de la sangle en cuir contenant des plaques de cuir segmentees rivetees, ornees d'un magnifique motif celtique. La distance de l'epaule peut etre confortablement ajustee pour s'adapter aux epaules de presque tous les guerriers. Cette armure de style spaulder est parfaite pour les voleurs et les assassins qui ont besoin de protection mais ne desirent pas une armure volumineuse ou ample.&quot;}\" data-sheets-userformat=\"{&quot;2&quot;:1049527,&quot;3&quot;:{&quot;1&quot;:0},&quot;4&quot;:{&quot;1&quot;:2,&quot;2&quot;:13421772},&quot;5&quot;:{&quot;1&quot;:[{&quot;1&quot;:2,&quot;2&quot;:0,&quot;5&quot;:{&quot;1&quot;:2,&quot;2&quot;:0}},{&quot;1&quot;:0,&quot;2&quot;:0,&quot;3&quot;:3},{&quot;1&quot;:1,&quot;2&quot;:0,&quot;4&quot;:1}]},&quot;7&quot;:{&quot;1&quot;:[{&quot;1&quot;:2,&quot;2&quot;:0,&quot;5&quot;:{&quot;1&quot;:2,&quot;2&quot;:0}},{&quot;1&quot;:0,&quot;2&quot;:0,&quot;3&quot;:3},{&quot;1&quot;:1,&quot;2&quot;:0,&quot;4&quot;:1}]},&quot;8&quot;:{&quot;1&quot;:[{&quot;1&quot;:2,&quot;2&quot;:0,&quot;5&quot;:{&quot;1&quot;:2,&quot;2&quot;:0}},{&quot;1&quot;:0,&quot;2&quot;:0,&quot;3&quot;:3},{&quot;1&quot;:1,&quot;2&quot;:0,&quot;4&quot;:1}]},&quot;10&quot;:0,&quot;11&quot;:4,&quot;12&quot;:0,&quot;23&quot;:1}\">Le deplacement rapide a travers les broussailles epaisses necessite de porter la bonne armure. L&rsquo;Ensemble d&rsquo;epaules de Bucheron en Cuir Noir d&rsquo;Epic Armoury est un elegant pauldron moulant qui ne restreindra pas les mouvements ni ne s&rsquo;accrochera aux branches basses. Vendu par paire, cette armure d&rsquo;epaule richement detaillee est constituee de plusieurs plaques de cuir tanne vegetal rigide cousues ensemble pour former une coque solide qui aidera a proteger le ranger en combat. Chaque pauldron peut etre attache a votre armure a l&rsquo;aide de la sangle en cuir contenant des plaques de cuir segmentees rivetees, ornees d&rsquo;un magnifique motif celtique. La distance de l&rsquo;epaule peut etre confortablement ajustee pour s&rsquo;adapter aux epaules de presque tous les guerriers. Cette armure de style spaulder est parfaite pour les voleurs et les assassins qui ont besoin de protection mais ne desirent pas une armure volumineuse ou ample.<\/span><\/p>\n","protected":false},"featured_media":5903,"template":"","meta":[],"product_brand":[],"product_cat":[528,532],"product_tag":[],"class_list":{"0":"post-23485","1":"product","2":"type-product","3":"status-publish","4":"has-post-thumbnail","6":"product_cat-armures-sur-demande","7":"product_cat-cou-et-epaule-sur-demande","9":"first","10":"outofstock","11":"taxable","12":"shipping-taxable","13":"purchasable","14":"product-type-variable"},"jetpack_sharing_enabled":true,"_links":{"self":[{"href":"https:\/\/boutique.larpnation.fr\/index.php\/wp-json\/wp\/v2\/product\/23485","targetHints":{"allow":["GET"]}}],"collection":[{"href":"https:\/\/boutique.larpnation.fr\/index.php\/wp-json\/wp\/v2\/product"}],"about":[{"href":"https:\/\/boutique.larpnation.fr\/index.php\/wp-json\/wp\/v2\/types\/product"}],"version-history":[{"count":3,"href":"https:\/\/boutique.larpnation.fr\/index.php\/wp-json\/wp\/v2\/product\/23485\/revisions"}],"predecessor-version":[{"id":27187,"href":"https:\/\/boutique.larpnation.fr\/index.php\/wp-json\/wp\/v2\/product\/23485\/revisions\/27187"}],"wp:featuredmedia":[{"embeddable":true,"href":"https:\/\/boutique.larpnation.fr\/index.php\/wp-json\/wp\/v2\/media\/5903"}],"wp:attachment":[{"href":"https:\/\/boutique.larpnation.fr\/index.php\/wp-json\/wp\/v2\/media?parent=23485"}],"wp:term":[{"taxonomy":"product_brand","embeddable":true,"href":"https:\/\/boutique.larpnation.fr\/index.php\/wp-json\/wp\/v2\/product_brand?post=23485"},{"taxonomy":"product_cat","embeddable":true,"href":"https:\/\/boutique.larpnation.fr\/index.php\/wp-json\/wp\/v2\/product_cat?post=23485"},{"taxonomy":"product_tag","embeddable":true,"href":"https:\/\/boutique.larpnation.fr\/index.php\/wp-json\/wp\/v2\/product_tag?post=23485"}],"curies":[{"name":"wp","href":"https:\/\/api.w.org\/{rel}","templated":true}]}}