{"id":23489,"date":"2023-09-30T14:18:03","date_gmt":"2023-09-30T12:18:03","guid":{"rendered":"http:\/\/boutique.larpnation.fr\/?post_type=product&#038;p=23489"},"modified":"2024-06-06T11:20:16","modified_gmt":"2024-06-06T09:20:16","slug":"spalieres-de-bucheron-suedees","status":"publish","type":"product","link":"https:\/\/boutique.larpnation.fr\/index.php\/produit\/spalieres-de-bucheron-suedees\/","title":{"rendered":"Spali\u00e8res de Bucheron Su\u00e9d\u00e9es"},"content":{"rendered":"","protected":false},"excerpt":{"rendered":"<p><span data-sheets-value=\"{&quot;1&quot;:2,&quot;2&quot;:&quot;L'Ensemble d'epaules de Bucheron en Cuir Daim Noir d'Epic Armoury est le moyen parfait pour se preparer a la bataille. Cet impressionnant ensemble de pauldrons en cuir est fabrique a partir de bandes de cuir tanne au chrome cousues ensemble pour former une armure impressionnante. Le daim presente l'avantage de donner a votre personnage de jeu de role en grandeur nature un look authentique de l'epoque avec une touche de fantaisie. Chaque pauldron est equipe d'une sangle d'epaule en cuir qui peut etre fixee a n'importe quelle cuirasse ou armure corporelle. La sangle d'epaule est couverte de plaques rivetees et ornee d'un somptueux motif celtique. Ce pauldron ajuste est ideal pour les voyageurs et les guerriers a la recherche d'une protection legere et abordable qui ne genera pas les mouvements en combat.&quot;}\" data-sheets-userformat=\"{&quot;2&quot;:1049527,&quot;3&quot;:{&quot;1&quot;:0},&quot;4&quot;:{&quot;1&quot;:2,&quot;2&quot;:13421772},&quot;5&quot;:{&quot;1&quot;:[{&quot;1&quot;:2,&quot;2&quot;:0,&quot;5&quot;:{&quot;1&quot;:2,&quot;2&quot;:0}},{&quot;1&quot;:0,&quot;2&quot;:0,&quot;3&quot;:3},{&quot;1&quot;:1,&quot;2&quot;:0,&quot;4&quot;:1}]},&quot;7&quot;:{&quot;1&quot;:[{&quot;1&quot;:2,&quot;2&quot;:0,&quot;5&quot;:{&quot;1&quot;:2,&quot;2&quot;:0}},{&quot;1&quot;:0,&quot;2&quot;:0,&quot;3&quot;:3},{&quot;1&quot;:1,&quot;2&quot;:0,&quot;4&quot;:1}]},&quot;8&quot;:{&quot;1&quot;:[{&quot;1&quot;:2,&quot;2&quot;:0,&quot;5&quot;:{&quot;1&quot;:2,&quot;2&quot;:0}},{&quot;1&quot;:0,&quot;2&quot;:0,&quot;3&quot;:3},{&quot;1&quot;:1,&quot;2&quot;:0,&quot;4&quot;:1}]},&quot;10&quot;:0,&quot;11&quot;:4,&quot;12&quot;:0,&quot;23&quot;:1}\">L&rsquo;Ensemble d&rsquo;epaules de Bucheron en Cuir Su\u00e9d\u00e9 Noir d&rsquo;Epic Armoury est le moyen parfait pour se preparer a la bataille. Cet impressionnant ensemble de pauldrons en cuir est fabrique a partir de bandes de cuir tanne au chrome cousues ensemble pour former une armure impressionnante. Le daim presente l&rsquo;avantage de donner a votre personnage de jeu de role en grandeur nature un look authentique de l&rsquo;epoque avec une touche de fantaisie. Chaque pauldron est equipe d&rsquo;une sangle d&rsquo;epaule en cuir qui peut etre fixee a n&rsquo;importe quelle cuirasse ou armure corporelle. La sangle d&rsquo;epaule est couverte de plaques rivetees et ornee d&rsquo;un somptueux motif celtique. Ce pauldron ajuste est ideal pour les voyageurs et les guerriers a la recherche d&rsquo;une protection legere et abordable qui ne genera pas les mouvements en combat.<\/span><\/p>\n","protected":false},"featured_media":5913,"template":"","meta":[],"product_brand":[],"product_cat":[528,532],"product_tag":[],"class_list":{"0":"post-23489","1":"product","2":"type-product","3":"status-publish","4":"has-post-thumbnail","6":"product_cat-armures-sur-demande","7":"product_cat-cou-et-epaule-sur-demande","9":"first","10":"outofstock","11":"taxable","12":"shipping-taxable","13":"purchasable","14":"product-type-variable"},"jetpack_sharing_enabled":true,"_links":{"self":[{"href":"https:\/\/boutique.larpnation.fr\/index.php\/wp-json\/wp\/v2\/product\/23489","targetHints":{"allow":["GET"]}}],"collection":[{"href":"https:\/\/boutique.larpnation.fr\/index.php\/wp-json\/wp\/v2\/product"}],"about":[{"href":"https:\/\/boutique.larpnation.fr\/index.php\/wp-json\/wp\/v2\/types\/product"}],"version-history":[{"count":4,"href":"https:\/\/boutique.larpnation.fr\/index.php\/wp-json\/wp\/v2\/product\/23489\/revisions"}],"predecessor-version":[{"id":27188,"href":"https:\/\/boutique.larpnation.fr\/index.php\/wp-json\/wp\/v2\/product\/23489\/revisions\/27188"}],"wp:featuredmedia":[{"embeddable":true,"href":"https:\/\/boutique.larpnation.fr\/index.php\/wp-json\/wp\/v2\/media\/5913"}],"wp:attachment":[{"href":"https:\/\/boutique.larpnation.fr\/index.php\/wp-json\/wp\/v2\/media?parent=23489"}],"wp:term":[{"taxonomy":"product_brand","embeddable":true,"href":"https:\/\/boutique.larpnation.fr\/index.php\/wp-json\/wp\/v2\/product_brand?post=23489"},{"taxonomy":"product_cat","embeddable":true,"href":"https:\/\/boutique.larpnation.fr\/index.php\/wp-json\/wp\/v2\/product_cat?post=23489"},{"taxonomy":"product_tag","embeddable":true,"href":"https:\/\/boutique.larpnation.fr\/index.php\/wp-json\/wp\/v2\/product_tag?post=23489"}],"curies":[{"name":"wp","href":"https:\/\/api.w.org\/{rel}","templated":true}]}}