{"id":23957,"date":"2023-10-01T10:55:52","date_gmt":"2023-10-01T08:55:52","guid":{"rendered":"http:\/\/boutique.larpnation.fr\/index.php\/produit\/cheville-en-fer-en-forme-de-v-b\/"},"modified":"2024-05-15T12:41:18","modified_gmt":"2024-05-15T10:41:18","slug":"cheville-en-fer-en-forme-de-v-a","status":"publish","type":"product","link":"https:\/\/boutique.larpnation.fr\/index.php\/produit\/cheville-en-fer-en-forme-de-v-a\/","title":{"rendered":"Piquets en fer en forme de V A"},"content":{"rendered":"<p>Comme alternative aux piquets de fer Epic Armoury classiques, le piquet en fer en forme de V A est fabriqu\u00e9 en fer enduit de poudre et offre une meilleure stabilit\u00e9 dans des conditions de vent difficiles. La forme en V du piquet permet d&rsquo;obtenir une surface plus grande qui maximise la friction et la stabilit\u00e9 lorsqu&rsquo;elle est enfonc\u00e9e dans le sol. Le piquet est con\u00e7u avec un arceau m\u00e9tallique qui permet une fixation directe avec un hauban. Le piquet en fer en forme de V A est vendu individuellement ou en paquet de dix piquets dans un sac de rangement en toile de coton avec une \u00e9tiquette d&rsquo;annotation en cuir. Nous recommandons le piquet en fer en forme de V B si vous avez plut\u00f4t besoin d&rsquo;un piquet avec une grande t\u00eate circulaire.<\/p>\n","protected":false},"excerpt":{"rendered":"<p>Comme alternative aux piquets de fer Epic Armoury classiques, le piquet en fer en forme de V A est fabriqu\u00e9 en fer enduit de poudre et offre une meilleure stabilit\u00e9 dans des conditions de vent&hellip;<\/p>\n","protected":false},"featured_media":24000,"template":"","meta":[],"product_brand":[],"product_cat":[507,515],"product_tag":[],"class_list":{"0":"post-23957","1":"product","2":"type-product","3":"status-publish","4":"has-post-thumbnail","6":"product_cat-accessoires-sur-demande","7":"product_cat-tentes-sur-demande","9":"first","10":"outofstock","11":"taxable","12":"shipping-taxable","13":"purchasable","14":"product-type-variable"},"jetpack_sharing_enabled":true,"_links":{"self":[{"href":"https:\/\/boutique.larpnation.fr\/index.php\/wp-json\/wp\/v2\/product\/23957","targetHints":{"allow":["GET"]}}],"collection":[{"href":"https:\/\/boutique.larpnation.fr\/index.php\/wp-json\/wp\/v2\/product"}],"about":[{"href":"https:\/\/boutique.larpnation.fr\/index.php\/wp-json\/wp\/v2\/types\/product"}],"version-history":[{"count":3,"href":"https:\/\/boutique.larpnation.fr\/index.php\/wp-json\/wp\/v2\/product\/23957\/revisions"}],"predecessor-version":[{"id":27223,"href":"https:\/\/boutique.larpnation.fr\/index.php\/wp-json\/wp\/v2\/product\/23957\/revisions\/27223"}],"wp:featuredmedia":[{"embeddable":true,"href":"https:\/\/boutique.larpnation.fr\/index.php\/wp-json\/wp\/v2\/media\/24000"}],"wp:attachment":[{"href":"https:\/\/boutique.larpnation.fr\/index.php\/wp-json\/wp\/v2\/media?parent=23957"}],"wp:term":[{"taxonomy":"product_brand","embeddable":true,"href":"https:\/\/boutique.larpnation.fr\/index.php\/wp-json\/wp\/v2\/product_brand?post=23957"},{"taxonomy":"product_cat","embeddable":true,"href":"https:\/\/boutique.larpnation.fr\/index.php\/wp-json\/wp\/v2\/product_cat?post=23957"},{"taxonomy":"product_tag","embeddable":true,"href":"https:\/\/boutique.larpnation.fr\/index.php\/wp-json\/wp\/v2\/product_tag?post=23957"}],"curies":[{"name":"wp","href":"https:\/\/api.w.org\/{rel}","templated":true}]}}