{"id":23958,"date":"2023-10-01T10:55:52","date_gmt":"2023-10-01T08:55:52","guid":{"rendered":"http:\/\/boutique.larpnation.fr\/index.php\/produit\/cheville-en-fer-en-forme-de-v-a\/"},"modified":"2024-05-15T12:40:04","modified_gmt":"2024-05-15T10:40:04","slug":"piquet-en-fer-en-forme-de-v-b","status":"publish","type":"product","link":"https:\/\/boutique.larpnation.fr\/index.php\/produit\/piquet-en-fer-en-forme-de-v-b\/","title":{"rendered":"Piquet en fer en forme de V B"},"content":{"rendered":"<p>Comme alternative aux piquets de fer Epic Armory classiques, le piquet en fer en forme de V B est fabriqu\u00e9 en fer enduit de poudre et offre une meilleure stabilit\u00e9 dans des conditions de vent difficiles. La forme en V du piquet permet d&rsquo;obtenir une surface plus grande qui maximise la friction et la stabilit\u00e9 lorsqu&rsquo;elle est enfonc\u00e9e dans le sol. La t\u00eate circulaire facilite l&rsquo;application d&rsquo;un marteau ou d&rsquo;une masse. Le piquet en forme de V B est vendu individuellement ou en paquet de dix piquets dans un sac de rangement en toile de coton avec une \u00e9tiquette d&rsquo;annotation en cuir. Nous recommandons le piquet en fer en forme de V A si vous avez besoin d&rsquo;un piquet avec une boucle \u00e0 attacher aux haubans.<\/p>\n","protected":false},"excerpt":{"rendered":"<p>Comme alternative aux piquets de fer Epic Armory classiques, le piquet en fer en forme de V B est fabriqu\u00e9 en fer enduit de poudre et offre une meilleure stabilit\u00e9 dans des conditions de vent&hellip;<\/p>\n","protected":false},"featured_media":9411,"template":"","meta":[],"product_brand":[],"product_cat":[507,515],"product_tag":[],"class_list":{"0":"post-23958","1":"product","2":"type-product","3":"status-publish","4":"has-post-thumbnail","6":"product_cat-accessoires-sur-demande","7":"product_cat-tentes-sur-demande","9":"first","10":"outofstock","11":"taxable","12":"shipping-taxable","13":"purchasable","14":"product-type-variable"},"jetpack_sharing_enabled":true,"_links":{"self":[{"href":"https:\/\/boutique.larpnation.fr\/index.php\/wp-json\/wp\/v2\/product\/23958","targetHints":{"allow":["GET"]}}],"collection":[{"href":"https:\/\/boutique.larpnation.fr\/index.php\/wp-json\/wp\/v2\/product"}],"about":[{"href":"https:\/\/boutique.larpnation.fr\/index.php\/wp-json\/wp\/v2\/types\/product"}],"version-history":[{"count":3,"href":"https:\/\/boutique.larpnation.fr\/index.php\/wp-json\/wp\/v2\/product\/23958\/revisions"}],"predecessor-version":[{"id":23997,"href":"https:\/\/boutique.larpnation.fr\/index.php\/wp-json\/wp\/v2\/product\/23958\/revisions\/23997"}],"wp:featuredmedia":[{"embeddable":true,"href":"https:\/\/boutique.larpnation.fr\/index.php\/wp-json\/wp\/v2\/media\/9411"}],"wp:attachment":[{"href":"https:\/\/boutique.larpnation.fr\/index.php\/wp-json\/wp\/v2\/media?parent=23958"}],"wp:term":[{"taxonomy":"product_brand","embeddable":true,"href":"https:\/\/boutique.larpnation.fr\/index.php\/wp-json\/wp\/v2\/product_brand?post=23958"},{"taxonomy":"product_cat","embeddable":true,"href":"https:\/\/boutique.larpnation.fr\/index.php\/wp-json\/wp\/v2\/product_cat?post=23958"},{"taxonomy":"product_tag","embeddable":true,"href":"https:\/\/boutique.larpnation.fr\/index.php\/wp-json\/wp\/v2\/product_tag?post=23958"}],"curies":[{"name":"wp","href":"https:\/\/api.w.org\/{rel}","templated":true}]}}