{"id":24504,"date":"2023-10-03T16:21:32","date_gmt":"2023-10-03T14:21:32","guid":{"rendered":"http:\/\/boutique.larpnation.fr\/?post_type=product&#038;p=24504"},"modified":"2024-09-12T09:37:13","modified_gmt":"2024-09-12T07:37:13","slug":"couverts-avec-pochette-en-cuir","status":"publish","type":"product","link":"https:\/\/boutique.larpnation.fr\/index.php\/produit\/couverts-avec-pochette-en-cuir\/","title":{"rendered":"Couverts avec pochette en cuir"},"content":{"rendered":"<p><span data-sheets-value=\"{&quot;1&quot;:2,&quot;2&quot;:&quot;Les couverts avec cintre en cuir d'Epic Armoury sont un ensemble d'ustensiles de cuisine comprenant un couteau, une cuillere et une fourchette a deux dents. Fabriquee a partir d'acier brut et fonce, chaque poignee est travaillee de maniere unique pres de la tete et de l'extremite pour lui donner du caractere et une prise superieure.\\n\\nCes couverts sont surs a utiliser et parfaits lorsque vous souhaitez maintenir l'immersion. Cet ensemble comprend une pochette en cuir pratique en cuir de premiere qualite cousue sur les bords, l'empechant de se deformer en cas d'utilisation excessive. Protegez vos couverts en fixant le crochet de chaine de la pochette a travers une boucle en cuir, gardant ainsi le couvercle ferme. Attachez la pochette a votre ceinture, echarpe ou sac pour une utilisation prete.&quot;}\" data-sheets-userformat=\"{&quot;2&quot;:1049527,&quot;3&quot;:{&quot;1&quot;:0},&quot;4&quot;:{&quot;1&quot;:2,&quot;2&quot;:13421772},&quot;5&quot;:{&quot;1&quot;:[{&quot;1&quot;:2,&quot;2&quot;:0,&quot;5&quot;:{&quot;1&quot;:2,&quot;2&quot;:0}},{&quot;1&quot;:0,&quot;2&quot;:0,&quot;3&quot;:3},{&quot;1&quot;:1,&quot;2&quot;:0,&quot;4&quot;:1}]},&quot;7&quot;:{&quot;1&quot;:[{&quot;1&quot;:2,&quot;2&quot;:0,&quot;5&quot;:{&quot;1&quot;:2,&quot;2&quot;:0}},{&quot;1&quot;:0,&quot;2&quot;:0,&quot;3&quot;:3},{&quot;1&quot;:1,&quot;2&quot;:0,&quot;4&quot;:1}]},&quot;8&quot;:{&quot;1&quot;:[{&quot;1&quot;:2,&quot;2&quot;:0,&quot;5&quot;:{&quot;1&quot;:2,&quot;2&quot;:0}},{&quot;1&quot;:0,&quot;2&quot;:0,&quot;3&quot;:3},{&quot;1&quot;:1,&quot;2&quot;:0,&quot;4&quot;:1}]},&quot;10&quot;:0,&quot;11&quot;:4,&quot;12&quot;:0,&quot;23&quot;:1}\">Les couverts avec pochette en cuir d&rsquo;Epic Armoury sont un ensemble d&rsquo;ustensiles de cuisine comprenant un couteau, une cuill\u00e8re et une fourchette \u00e0 deux dents. Fabriqu\u00e9e \u00e0 partir d&rsquo;acier brut et fonc\u00e9, chaque poign\u00e9e est travaill\u00e9e de mani\u00e8re unique pr\u00e8s de la t\u00e8te et de l&rsquo;extr\u00e9mit\u00e9 pour lui donner du caract\u00e8re et une prise sup\u00e9rieure.<\/span><\/p>\n<p>Ces couverts sont s\u00fbrs \u00e0 utiliser et parfaits lorsque vous souhaitez maintenir l&rsquo;immersion. Cet ensemble comprend une pochette en cuir pratique en cuir de premi\u00e8re qualit\u00e9 cousue sur les bords, l&#8217;emp\u00eachant de se d\u00e9former en cas d&rsquo;utilisation excessive. Prot\u00e9gez vos couverts en fixant le crochet de chaine de la pochette a travers une boucle en cuir, gardant ainsi le couvercle ferm\u00e9. Attachez la pochette \u00e0 votre ceinture, \u00e9charpe ou sac pour \u00eatre pr\u00eat \u00e0 l&#8217;emploi.<\/p>\n","protected":false},"excerpt":{"rendered":"<p><span data-sheets-value=\"{&quot;1&quot;:2,&quot;2&quot;:&quot;La journee a ete longue a parcourir la campagne et vous etes affame. Vous et votre groupe vous installez enfin pour etablir le camp et commencer le diner. C'est votre partie preferee du voyage : manger des plats chauds grace a un feu reconfortant entoure d'amis !\\r\\n\\r\\nAu fur et a mesure que les rations circulent, vous retirez les couverts de votre ceinture. Vous etes toujours pret pour un repas, fourchette et couteau prets.&quot;}\" data-sheets-userformat=\"{&quot;2&quot;:1049527,&quot;3&quot;:{&quot;1&quot;:0},&quot;4&quot;:{&quot;1&quot;:2,&quot;2&quot;:13421772},&quot;5&quot;:{&quot;1&quot;:[{&quot;1&quot;:2,&quot;2&quot;:0,&quot;5&quot;:{&quot;1&quot;:2,&quot;2&quot;:0}},{&quot;1&quot;:0,&quot;2&quot;:0,&quot;3&quot;:3},{&quot;1&quot;:1,&quot;2&quot;:0,&quot;4&quot;:1}]},&quot;7&quot;:{&quot;1&quot;:[{&quot;1&quot;:2,&quot;2&quot;:0,&quot;5&quot;:{&quot;1&quot;:2,&quot;2&quot;:0}},{&quot;1&quot;:0,&quot;2&quot;:0,&quot;3&quot;:3},{&quot;1&quot;:1,&quot;2&quot;:0,&quot;4&quot;:1}]},&quot;8&quot;:{&quot;1&quot;:[{&quot;1&quot;:2,&quot;2&quot;:0,&quot;5&quot;:{&quot;1&quot;:2,&quot;2&quot;:0}},{&quot;1&quot;:0,&quot;2&quot;:0,&quot;3&quot;:3},{&quot;1&quot;:1,&quot;2&quot;:0,&quot;4&quot;:1}]},&quot;10&quot;:0,&quot;11&quot;:4,&quot;12&quot;:0,&quot;23&quot;:1}\">La journee a ete longue a parcourir la campagne et vous etes affame. Vous et votre groupe vous installez enfin pour etablir le camp et commencer le diner. C&rsquo;est votre partie preferee du voyage : manger des plats chauds grace a un feu reconfortant entoure d&rsquo;amis !<\/span><\/p>\n<p>Au fur et a mesure que les rations circulent, vous retirez les couverts de votre ceinture. Vous etes toujours pret pour un repas, fourchette et couteau prets.<\/p>\n","protected":false},"featured_media":8561,"template":"","meta":[],"product_brand":[],"product_cat":[508,507],"product_tag":[],"class_list":{"0":"post-24504","1":"product","2":"type-product","3":"status-publish","4":"has-post-thumbnail","6":"product_cat-accessoires-divers-sur-demande","7":"product_cat-accessoires-sur-demande","9":"first","10":"outofstock","11":"taxable","12":"shipping-taxable","13":"purchasable","14":"product-type-variable"},"jetpack_sharing_enabled":true,"_links":{"self":[{"href":"https:\/\/boutique.larpnation.fr\/index.php\/wp-json\/wp\/v2\/product\/24504","targetHints":{"allow":["GET"]}}],"collection":[{"href":"https:\/\/boutique.larpnation.fr\/index.php\/wp-json\/wp\/v2\/product"}],"about":[{"href":"https:\/\/boutique.larpnation.fr\/index.php\/wp-json\/wp\/v2\/types\/product"}],"version-history":[{"count":4,"href":"https:\/\/boutique.larpnation.fr\/index.php\/wp-json\/wp\/v2\/product\/24504\/revisions"}],"predecessor-version":[{"id":27474,"href":"https:\/\/boutique.larpnation.fr\/index.php\/wp-json\/wp\/v2\/product\/24504\/revisions\/27474"}],"wp:featuredmedia":[{"embeddable":true,"href":"https:\/\/boutique.larpnation.fr\/index.php\/wp-json\/wp\/v2\/media\/8561"}],"wp:attachment":[{"href":"https:\/\/boutique.larpnation.fr\/index.php\/wp-json\/wp\/v2\/media?parent=24504"}],"wp:term":[{"taxonomy":"product_brand","embeddable":true,"href":"https:\/\/boutique.larpnation.fr\/index.php\/wp-json\/wp\/v2\/product_brand?post=24504"},{"taxonomy":"product_cat","embeddable":true,"href":"https:\/\/boutique.larpnation.fr\/index.php\/wp-json\/wp\/v2\/product_cat?post=24504"},{"taxonomy":"product_tag","embeddable":true,"href":"https:\/\/boutique.larpnation.fr\/index.php\/wp-json\/wp\/v2\/product_tag?post=24504"}],"curies":[{"name":"wp","href":"https:\/\/api.w.org\/{rel}","templated":true}]}}