{"id":24550,"date":"2023-10-03T16:56:04","date_gmt":"2023-10-03T14:56:04","guid":{"rendered":"http:\/\/boutique.larpnation.fr\/?post_type=product&#038;p=24550"},"modified":"2024-09-12T10:18:54","modified_gmt":"2024-09-12T08:18:54","slug":"assiette-de-laubergiste","status":"publish","type":"product","link":"https:\/\/boutique.larpnation.fr\/index.php\/produit\/assiette-de-laubergiste\/","title":{"rendered":"Assiette de l&rsquo;aubergiste"},"content":{"rendered":"<p><span data-sheets-value=\"{&quot;1&quot;:2,&quot;2&quot;:&quot;La Cotte d'armes de l'aubergiste d'Epic Armoury est une assiette con\u00e7ue et traitee pour la consommation alimentaire. Cette assiette est fabriquee en veritable corne de buffle d'eau indien, presentant des couleurs uniques qui font de chaque plat une \u0153uvre d'art. La surface est polie a la perfection et lisse au toucher, rendant chaque piece facile a nettoyer.\\n\\nDegustez des aliments et des liquides frais et a temperature ambiante dans ces plats tout en restant dans votre personnage, en cachant les assiettes en plastique ou en papier disgracieuses. Nos bols et assiettes sont un excellent ajout a de nombreux jeux de role grandeur nature (LARPs) et evenements historiques. Avec les soins appropries, vous pouvez vous attendre a ce que votre Cotte d'armes de l'aubergiste dure de nombreuses annees.&quot;}\" data-sheets-userformat=\"{&quot;2&quot;:1049527,&quot;3&quot;:{&quot;1&quot;:0},&quot;4&quot;:{&quot;1&quot;:2,&quot;2&quot;:13421772},&quot;5&quot;:{&quot;1&quot;:[{&quot;1&quot;:2,&quot;2&quot;:0,&quot;5&quot;:{&quot;1&quot;:2,&quot;2&quot;:0}},{&quot;1&quot;:0,&quot;2&quot;:0,&quot;3&quot;:3},{&quot;1&quot;:1,&quot;2&quot;:0,&quot;4&quot;:1}]},&quot;7&quot;:{&quot;1&quot;:[{&quot;1&quot;:2,&quot;2&quot;:0,&quot;5&quot;:{&quot;1&quot;:2,&quot;2&quot;:0}},{&quot;1&quot;:0,&quot;2&quot;:0,&quot;3&quot;:3},{&quot;1&quot;:1,&quot;2&quot;:0,&quot;4&quot;:1}]},&quot;8&quot;:{&quot;1&quot;:[{&quot;1&quot;:2,&quot;2&quot;:0,&quot;5&quot;:{&quot;1&quot;:2,&quot;2&quot;:0}},{&quot;1&quot;:0,&quot;2&quot;:0,&quot;3&quot;:3},{&quot;1&quot;:1,&quot;2&quot;:0,&quot;4&quot;:1}]},&quot;10&quot;:0,&quot;11&quot;:4,&quot;12&quot;:0,&quot;23&quot;:1}\">L&rsquo;assiette de l&rsquo;aubergiste d&rsquo;Epic Armoury est une assiette con\u00e7ue et trait\u00e9e pour la consommation alimentaire. Cette assiette est fabriqu\u00e9e en v\u00e9ritable corne de buffle d&rsquo;eau indien, pr\u00e9sentant des couleurs uniques qui font de chaque plat une \u0153uvre d&rsquo;art. La surface est polie a la perfection et lisse au toucher, rendant chaque pi\u00e8ce facile a nettoyer.<\/span><\/p>\n<p>D\u00e9gustez des aliments et des liquides frais et \u00e0 temp\u00e9rature ambiante dans ces plats tout en restant dans votre personnage, en cachant les assiettes en plastique ou en papier disgracieuses. Nos bols et assiettes sont un excellent ajout a de nombreux jeux de r\u00f4le grandeur nature (GNs) et \u00e9v\u00e8nements historiques. Avec les soins appropries, vous pouvez vous attendre a ce que votre assiette de l&rsquo;aubergiste dure de nombreuses ann\u00e9es.<\/p>\n","protected":false},"excerpt":{"rendered":"<p><span data-sheets-value=\"{&quot;1&quot;:2,&quot;2&quot;:&quot;L'equipe d'aventuriers qui entre dans votre auberge est couverte de boue et de gore, essuyant a peine leurs pieds avant de marcher sur vos sols. Vous les saluez avec un soupir et leur proposez des chambres. Ils veulent un repas, et vous le leur offrez aussi. Il est facile de servir un peu de bouillie froide et quelques miches de pain sur votre Cotte d'armes de l'aubergiste, apres tout.\\n\\nBien que les aventuriers fassent un gachis de tout, ils ont aussi de belles pieces d'or. Vous vous assurez de leur facturer le double du tarif habituel.&quot;}\" data-sheets-userformat=\"{&quot;2&quot;:1049527,&quot;3&quot;:{&quot;1&quot;:0},&quot;4&quot;:{&quot;1&quot;:2,&quot;2&quot;:13421772},&quot;5&quot;:{&quot;1&quot;:[{&quot;1&quot;:2,&quot;2&quot;:0,&quot;5&quot;:{&quot;1&quot;:2,&quot;2&quot;:0}},{&quot;1&quot;:0,&quot;2&quot;:0,&quot;3&quot;:3},{&quot;1&quot;:1,&quot;2&quot;:0,&quot;4&quot;:1}]},&quot;7&quot;:{&quot;1&quot;:[{&quot;1&quot;:2,&quot;2&quot;:0,&quot;5&quot;:{&quot;1&quot;:2,&quot;2&quot;:0}},{&quot;1&quot;:0,&quot;2&quot;:0,&quot;3&quot;:3},{&quot;1&quot;:1,&quot;2&quot;:0,&quot;4&quot;:1}]},&quot;8&quot;:{&quot;1&quot;:[{&quot;1&quot;:2,&quot;2&quot;:0,&quot;5&quot;:{&quot;1&quot;:2,&quot;2&quot;:0}},{&quot;1&quot;:0,&quot;2&quot;:0,&quot;3&quot;:3},{&quot;1&quot;:1,&quot;2&quot;:0,&quot;4&quot;:1}]},&quot;10&quot;:0,&quot;11&quot;:4,&quot;12&quot;:0,&quot;23&quot;:1}\">L&rsquo;equipe d&rsquo;aventuriers qui entre dans votre auberge est couverte de boue et de gore, essuyant a peine leurs pieds avant de marcher sur vos sols. Vous les saluez avec un soupir et leur proposez des chambres. Ils veulent un repas, et vous le leur offrez aussi. Il est facile de servir un peu de bouillie froide et quelques miches de pain sur votre Cotte d&rsquo;armes de l&rsquo;aubergiste, apres tout.<\/span><\/p>\n<p>Bien que les aventuriers fassent un gachis de tout, ils ont aussi de belles pieces d&rsquo;or. Vous vous assurez de leur facturer le double du tarif habituel.<\/p>\n","protected":false},"featured_media":8663,"template":"","meta":[],"product_brand":[],"product_cat":[508,507],"product_tag":[],"class_list":{"0":"post-24550","1":"product","2":"type-product","3":"status-publish","4":"has-post-thumbnail","6":"product_cat-accessoires-divers-sur-demande","7":"product_cat-accessoires-sur-demande","9":"first","10":"outofstock","11":"taxable","12":"shipping-taxable","13":"purchasable","14":"product-type-variable"},"jetpack_sharing_enabled":true,"_links":{"self":[{"href":"https:\/\/boutique.larpnation.fr\/index.php\/wp-json\/wp\/v2\/product\/24550","targetHints":{"allow":["GET"]}}],"collection":[{"href":"https:\/\/boutique.larpnation.fr\/index.php\/wp-json\/wp\/v2\/product"}],"about":[{"href":"https:\/\/boutique.larpnation.fr\/index.php\/wp-json\/wp\/v2\/types\/product"}],"version-history":[{"count":5,"href":"https:\/\/boutique.larpnation.fr\/index.php\/wp-json\/wp\/v2\/product\/24550\/revisions"}],"predecessor-version":[{"id":27214,"href":"https:\/\/boutique.larpnation.fr\/index.php\/wp-json\/wp\/v2\/product\/24550\/revisions\/27214"}],"wp:featuredmedia":[{"embeddable":true,"href":"https:\/\/boutique.larpnation.fr\/index.php\/wp-json\/wp\/v2\/media\/8663"}],"wp:attachment":[{"href":"https:\/\/boutique.larpnation.fr\/index.php\/wp-json\/wp\/v2\/media?parent=24550"}],"wp:term":[{"taxonomy":"product_brand","embeddable":true,"href":"https:\/\/boutique.larpnation.fr\/index.php\/wp-json\/wp\/v2\/product_brand?post=24550"},{"taxonomy":"product_cat","embeddable":true,"href":"https:\/\/boutique.larpnation.fr\/index.php\/wp-json\/wp\/v2\/product_cat?post=24550"},{"taxonomy":"product_tag","embeddable":true,"href":"https:\/\/boutique.larpnation.fr\/index.php\/wp-json\/wp\/v2\/product_tag?post=24550"}],"curies":[{"name":"wp","href":"https:\/\/api.w.org\/{rel}","templated":true}]}}