{"id":25768,"date":"2023-12-05T09:16:50","date_gmt":"2023-12-05T08:16:50","guid":{"rendered":"https:\/\/boutique.larpnation.fr\/?post_type=product&#038;p=25768"},"modified":"2024-05-15T12:59:10","modified_gmt":"2024-05-15T10:59:10","slug":"cretzer-avec-anneau","status":"publish","type":"product","link":"https:\/\/boutique.larpnation.fr\/index.php\/produit\/cretzer-avec-anneau\/","title":{"rendered":"Cretzer avec anneau"},"content":{"rendered":"<p>La nouvelle lame Cretzer de Calimacil a \u00e9t\u00e9 cr\u00e9\u00e9e dans un souci d&rsquo;exactitude historique. Elle pr\u00e9sente une pointe ac\u00e9r\u00e9e, des bords nets et un manche plus lourd qui garantit une manipulation ais\u00e9e et une apparence attrayante. Fabriqu\u00e9e \u00e0 partir de notre c\u00e9l\u00e8bre mousse Calimacil, elle conserve une durabilit\u00e9 et une s\u00e9curit\u00e9 exceptionnelles. La lame, de couleur acier, est mont\u00e9e sur un manche argent\u00e9 orn\u00e9 de d\u00e9tails en or vieilli. Sa garde, qui peut \u00eatre retir\u00e9e et \u00e9chang\u00e9e avec les tsubas des katanas, ajoute \u00e0 la polyvalence et facilite le rangement. C&rsquo;est un objet indispensable pour les reconstituteurs historiques, en particulier ceux de l&rsquo;\u00e9poque de la Renaissance. Les h\u00e9ros tragiques appr\u00e9cieront son c\u00f4t\u00e9 dramatique, tandis que les combattants et les duellistes appr\u00e9cieront son style et son panache. Les mages et les marchands appr\u00e9cieront \u00e9galement sa garde, une caract\u00e9ristique unique pour une \u00e9p\u00e9e.<\/p>\n","protected":false},"excerpt":{"rendered":"<p>La nouvelle lame Cretzer de Calimacil a \u00e9t\u00e9 cr\u00e9\u00e9e dans un souci d&rsquo;exactitude historique. Elle pr\u00e9sente une pointe ac\u00e9r\u00e9e, des bords nets et un manche plus lourd qui garantit une manipulation ais\u00e9e et une apparence&hellip;<\/p>\n","protected":false},"featured_media":25439,"template":"","meta":[],"product_brand":[],"product_cat":[517,523,524],"product_tag":[],"class_list":{"0":"post-25768","1":"product","2":"type-product","3":"status-publish","4":"has-post-thumbnail","6":"product_cat-armes-sur-demande","7":"product_cat-dagues-sur-demande","8":"product_cat-epees-sur-demande","10":"first","11":"outofstock","12":"taxable","13":"shipping-taxable","14":"purchasable","15":"product-type-variable"},"jetpack_sharing_enabled":true,"_links":{"self":[{"href":"https:\/\/boutique.larpnation.fr\/index.php\/wp-json\/wp\/v2\/product\/25768","targetHints":{"allow":["GET"]}}],"collection":[{"href":"https:\/\/boutique.larpnation.fr\/index.php\/wp-json\/wp\/v2\/product"}],"about":[{"href":"https:\/\/boutique.larpnation.fr\/index.php\/wp-json\/wp\/v2\/types\/product"}],"version-history":[{"count":1,"href":"https:\/\/boutique.larpnation.fr\/index.php\/wp-json\/wp\/v2\/product\/25768\/revisions"}],"predecessor-version":[{"id":25769,"href":"https:\/\/boutique.larpnation.fr\/index.php\/wp-json\/wp\/v2\/product\/25768\/revisions\/25769"}],"wp:featuredmedia":[{"embeddable":true,"href":"https:\/\/boutique.larpnation.fr\/index.php\/wp-json\/wp\/v2\/media\/25439"}],"wp:attachment":[{"href":"https:\/\/boutique.larpnation.fr\/index.php\/wp-json\/wp\/v2\/media?parent=25768"}],"wp:term":[{"taxonomy":"product_brand","embeddable":true,"href":"https:\/\/boutique.larpnation.fr\/index.php\/wp-json\/wp\/v2\/product_brand?post=25768"},{"taxonomy":"product_cat","embeddable":true,"href":"https:\/\/boutique.larpnation.fr\/index.php\/wp-json\/wp\/v2\/product_cat?post=25768"},{"taxonomy":"product_tag","embeddable":true,"href":"https:\/\/boutique.larpnation.fr\/index.php\/wp-json\/wp\/v2\/product_tag?post=25768"}],"curies":[{"name":"wp","href":"https:\/\/api.w.org\/{rel}","templated":true}]}}