{"id":27082,"date":"2024-03-29T18:07:06","date_gmt":"2024-03-29T17:07:06","guid":{"rendered":"https:\/\/boutique.larpnation.fr\/?post_type=product&#038;p=27082"},"modified":"2024-06-06T11:26:46","modified_gmt":"2024-06-06T09:26:46","slug":"spalieres-du-ranger","status":"publish","type":"product","link":"https:\/\/boutique.larpnation.fr\/index.php\/produit\/spalieres-du-ranger\/","title":{"rendered":"Spali\u00e8res du Ranger"},"content":{"rendered":"<p>Les spali\u00e8res du Ranger d&rsquo;Epic Armory offre une protection d&rsquo;\u00e9paule \u00e9l\u00e9gante gr\u00e2ce \u00e0 une combinaison de pi\u00e8ces en cuir unies et tiss\u00e9es en diagonale. Fabriqu\u00e9 en cuir pleine fleur, il offre une texture lisse et un aspect sophistiqu\u00e9. Une pi\u00e8ce de corde tress\u00e9e r\u00e9glable relie les pi\u00e8ces d&rsquo;\u00e9paule \u00e0 plusieurs cordes \u00e0 pointes utilis\u00e9es pour attacher l&rsquo;armure d&rsquo;\u00e9paule \u00e0 une armure de torse. Les pi\u00e8ces sont con\u00e7ues pour s&rsquo;associer parfaitement avec d&rsquo;autres \u00e9l\u00e9ments de l&rsquo;ensemble d&rsquo;armure complet Ranger, mais elles peuvent, si vous le souhaitez, \u00eatre \u00e9galement appliqu\u00e9es \u00e0 d&rsquo;autres types d&rsquo;armures de torse.<\/p>\n","protected":false},"excerpt":{"rendered":"<p>Les spali\u00e8res du Ranger d&rsquo;Epic Armory offre une protection d&rsquo;\u00e9paule \u00e9l\u00e9gante gr\u00e2ce \u00e0 une combinaison de pi\u00e8ces en cuir unies et tiss\u00e9es en diagonale. Fabriqu\u00e9 en cuir pleine fleur, il offre une texture lisse et&hellip;<\/p>\n","protected":false},"featured_media":27086,"template":"","meta":[],"product_brand":[],"product_cat":[528,532],"product_tag":[],"class_list":{"0":"post-27082","1":"product","2":"type-product","3":"status-publish","4":"has-post-thumbnail","6":"product_cat-armures-sur-demande","7":"product_cat-cou-et-epaule-sur-demande","9":"first","10":"outofstock","11":"taxable","12":"shipping-taxable","13":"purchasable","14":"product-type-simple"},"jetpack_sharing_enabled":true,"_links":{"self":[{"href":"https:\/\/boutique.larpnation.fr\/index.php\/wp-json\/wp\/v2\/product\/27082","targetHints":{"allow":["GET"]}}],"collection":[{"href":"https:\/\/boutique.larpnation.fr\/index.php\/wp-json\/wp\/v2\/product"}],"about":[{"href":"https:\/\/boutique.larpnation.fr\/index.php\/wp-json\/wp\/v2\/types\/product"}],"version-history":[{"count":3,"href":"https:\/\/boutique.larpnation.fr\/index.php\/wp-json\/wp\/v2\/product\/27082\/revisions"}],"predecessor-version":[{"id":27085,"href":"https:\/\/boutique.larpnation.fr\/index.php\/wp-json\/wp\/v2\/product\/27082\/revisions\/27085"}],"wp:featuredmedia":[{"embeddable":true,"href":"https:\/\/boutique.larpnation.fr\/index.php\/wp-json\/wp\/v2\/media\/27086"}],"wp:attachment":[{"href":"https:\/\/boutique.larpnation.fr\/index.php\/wp-json\/wp\/v2\/media?parent=27082"}],"wp:term":[{"taxonomy":"product_brand","embeddable":true,"href":"https:\/\/boutique.larpnation.fr\/index.php\/wp-json\/wp\/v2\/product_brand?post=27082"},{"taxonomy":"product_cat","embeddable":true,"href":"https:\/\/boutique.larpnation.fr\/index.php\/wp-json\/wp\/v2\/product_cat?post=27082"},{"taxonomy":"product_tag","embeddable":true,"href":"https:\/\/boutique.larpnation.fr\/index.php\/wp-json\/wp\/v2\/product_tag?post=27082"}],"curies":[{"name":"wp","href":"https:\/\/api.w.org\/{rel}","templated":true}]}}