{"id":27095,"date":"2024-03-29T19:14:19","date_gmt":"2024-03-29T18:14:19","guid":{"rendered":"https:\/\/boutique.larpnation.fr\/?post_type=product&#038;p=27095"},"modified":"2024-07-12T11:41:35","modified_gmt":"2024-07-12T09:41:35","slug":"tassettes-du-ranger-suedees","status":"publish","type":"product","link":"https:\/\/boutique.larpnation.fr\/index.php\/produit\/tassettes-du-ranger-suedees\/","title":{"rendered":"Tassettes du Ranger Su\u00e9d\u00e9es"},"content":{"rendered":"<p>Les Tassettes du Ranger d&rsquo;Epic Armory sont faites de cuir su\u00e9d\u00e9 avec une couche de tissage diagonal au-dessus d&rsquo;une pi\u00e8ce inf\u00e9rieure unie. Des lani\u00e8res de cuir et des cordons en coton avec des embouts pointus en laiton sont cousus sur les pi\u00e8ces pour une fixation facile \u00e0 une armure ou \u00e0 une ceinture de torse. Bien que les tassettes soient con\u00e7ues pour \u00eatre associ\u00e9es \u00e0 l&rsquo;ensemble d&rsquo;armure complet Ranger, elles peuvent \u00e9galement \u00eatre associ\u00e9es \u00e0 d&rsquo;autres armures si vous le souhaitez.<\/p>\n","protected":false},"excerpt":{"rendered":"<p>Les Tassettes du Ranger d&rsquo;Epic Armory sont faites de cuir su\u00e9d\u00e9 avec une couche de tissage diagonal au-dessus d&rsquo;une pi\u00e8ce inf\u00e9rieure unie. Des lani\u00e8res de cuir et des cordons en coton avec des embouts pointus&hellip;<\/p>\n","protected":false},"featured_media":27099,"template":"","meta":[],"product_brand":[],"product_cat":[528,535],"product_tag":[],"class_list":{"0":"post-27095","1":"product","2":"type-product","3":"status-publish","4":"has-post-thumbnail","6":"product_cat-armures-sur-demande","7":"product_cat-jambes-sur-demande","9":"first","10":"outofstock","11":"taxable","12":"shipping-taxable","13":"purchasable","14":"product-type-variable"},"jetpack_sharing_enabled":true,"_links":{"self":[{"href":"https:\/\/boutique.larpnation.fr\/index.php\/wp-json\/wp\/v2\/product\/27095","targetHints":{"allow":["GET"]}}],"collection":[{"href":"https:\/\/boutique.larpnation.fr\/index.php\/wp-json\/wp\/v2\/product"}],"about":[{"href":"https:\/\/boutique.larpnation.fr\/index.php\/wp-json\/wp\/v2\/types\/product"}],"version-history":[{"count":1,"href":"https:\/\/boutique.larpnation.fr\/index.php\/wp-json\/wp\/v2\/product\/27095\/revisions"}],"predecessor-version":[{"id":27098,"href":"https:\/\/boutique.larpnation.fr\/index.php\/wp-json\/wp\/v2\/product\/27095\/revisions\/27098"}],"wp:featuredmedia":[{"embeddable":true,"href":"https:\/\/boutique.larpnation.fr\/index.php\/wp-json\/wp\/v2\/media\/27099"}],"wp:attachment":[{"href":"https:\/\/boutique.larpnation.fr\/index.php\/wp-json\/wp\/v2\/media?parent=27095"}],"wp:term":[{"taxonomy":"product_brand","embeddable":true,"href":"https:\/\/boutique.larpnation.fr\/index.php\/wp-json\/wp\/v2\/product_brand?post=27095"},{"taxonomy":"product_cat","embeddable":true,"href":"https:\/\/boutique.larpnation.fr\/index.php\/wp-json\/wp\/v2\/product_cat?post=27095"},{"taxonomy":"product_tag","embeddable":true,"href":"https:\/\/boutique.larpnation.fr\/index.php\/wp-json\/wp\/v2\/product_tag?post=27095"}],"curies":[{"name":"wp","href":"https:\/\/api.w.org\/{rel}","templated":true}]}}