{"id":27108,"date":"2024-03-29T19:23:09","date_gmt":"2024-03-29T18:23:09","guid":{"rendered":"https:\/\/boutique.larpnation.fr\/?post_type=product&#038;p=27108"},"modified":"2024-07-12T11:44:15","modified_gmt":"2024-07-12T09:44:15","slug":"tassettes-du-ranger","status":"publish","type":"product","link":"https:\/\/boutique.larpnation.fr\/index.php\/produit\/tassettes-du-ranger\/","title":{"rendered":"Tassettes du Ranger"},"content":{"rendered":"<p>Les Tassettes Ranger d&rsquo;Epic Armory se caract\u00e9risent par une pi\u00e8ce inf\u00e9rieure unie sous un tissage de cuir en diagonale. Les tassettes s&rsquo;attachent facilement \u00e0 une armure de torse ou \u00e0 une ceinture \u00e0 l&rsquo;aide de sangles et de cordes en coton avec des embouts pointus en laiton. Cette pi\u00e8ce d&rsquo;armure fait partie de l&rsquo;ensemble d&rsquo;armure complet Ranger mais peut \u00e9galement \u00eatre appliqu\u00e9e \u00e0 d&rsquo;autres pi\u00e8ces d&rsquo;armure pour une variation individuelle.<\/p>\n","protected":false},"excerpt":{"rendered":"<p>Les Tassettes Ranger d&rsquo;Epic Armory se caract\u00e9risent par une pi\u00e8ce inf\u00e9rieure unie sous un tissage de cuir en diagonale. Les tassettes s&rsquo;attachent facilement \u00e0 une armure de torse ou \u00e0 une ceinture \u00e0 l&rsquo;aide de&hellip;<\/p>\n","protected":false},"featured_media":27110,"template":"","meta":[],"product_brand":[],"product_cat":[528,535],"product_tag":[],"class_list":{"0":"post-27108","1":"product","2":"type-product","3":"status-publish","4":"has-post-thumbnail","6":"product_cat-armures-sur-demande","7":"product_cat-jambes-sur-demande","9":"first","10":"outofstock","11":"taxable","12":"shipping-taxable","13":"purchasable","14":"product-type-simple"},"jetpack_sharing_enabled":true,"_links":{"self":[{"href":"https:\/\/boutique.larpnation.fr\/index.php\/wp-json\/wp\/v2\/product\/27108","targetHints":{"allow":["GET"]}}],"collection":[{"href":"https:\/\/boutique.larpnation.fr\/index.php\/wp-json\/wp\/v2\/product"}],"about":[{"href":"https:\/\/boutique.larpnation.fr\/index.php\/wp-json\/wp\/v2\/types\/product"}],"version-history":[{"count":1,"href":"https:\/\/boutique.larpnation.fr\/index.php\/wp-json\/wp\/v2\/product\/27108\/revisions"}],"predecessor-version":[{"id":27109,"href":"https:\/\/boutique.larpnation.fr\/index.php\/wp-json\/wp\/v2\/product\/27108\/revisions\/27109"}],"wp:featuredmedia":[{"embeddable":true,"href":"https:\/\/boutique.larpnation.fr\/index.php\/wp-json\/wp\/v2\/media\/27110"}],"wp:attachment":[{"href":"https:\/\/boutique.larpnation.fr\/index.php\/wp-json\/wp\/v2\/media?parent=27108"}],"wp:term":[{"taxonomy":"product_brand","embeddable":true,"href":"https:\/\/boutique.larpnation.fr\/index.php\/wp-json\/wp\/v2\/product_brand?post=27108"},{"taxonomy":"product_cat","embeddable":true,"href":"https:\/\/boutique.larpnation.fr\/index.php\/wp-json\/wp\/v2\/product_cat?post=27108"},{"taxonomy":"product_tag","embeddable":true,"href":"https:\/\/boutique.larpnation.fr\/index.php\/wp-json\/wp\/v2\/product_tag?post=27108"}],"curies":[{"name":"wp","href":"https:\/\/api.w.org\/{rel}","templated":true}]}}