{"id":27114,"date":"2024-03-29T19:46:15","date_gmt":"2024-03-29T18:46:15","guid":{"rendered":"https:\/\/boutique.larpnation.fr\/?post_type=product&#038;p=27114"},"modified":"2024-06-17T11:12:00","modified_gmt":"2024-06-17T09:12:00","slug":"greves-du-ranger-suedees","status":"publish","type":"product","link":"https:\/\/boutique.larpnation.fr\/index.php\/produit\/greves-du-ranger-suedees\/","title":{"rendered":"Gr\u00e8ves du Ranger Su\u00e9d\u00e9es"},"content":{"rendered":"<p>Nos Gr\u00e8ves du Ranger sont une paire de magnifiques gr\u00e8ves en cuir con\u00e7ues pour prot\u00e9ger les mollets. L&rsquo;armure est fabriqu\u00e9e \u00e0 partir de lani\u00e8res de cuir d\u00e9coup\u00e9es dans du cuir su\u00e9d\u00e9 et tiss\u00e9es ensemble pour cr\u00e9er un magnifique design sous un cadre en cuir su\u00e9d\u00e9. Des sangles en cuir robustes et des boucles en laiton fixent l&rsquo;armure \u00e0 la jambe.<br \/>\nLes coutures robustes emp\u00eachent l&rsquo;armure de se d\u00e9former en cas d&rsquo;usure excessive. Cette armure a \u00e9t\u00e9 con\u00e7ue pour notre ensemble d&rsquo;armures Ranger, mais a un style qui s&rsquo;adaptera \u00e0 d&rsquo;autres ensembles d&rsquo;armures Epic Armory et \u00e0 presque toutes les combinaisons de costumes.<\/p>\n","protected":false},"excerpt":{"rendered":"<p>Nos Gr\u00e8ves du Ranger sont une paire de magnifiques gr\u00e8ves en cuir con\u00e7ues pour prot\u00e9ger les mollets. L&rsquo;armure est fabriqu\u00e9e \u00e0 partir de lani\u00e8res de cuir d\u00e9coup\u00e9es dans du cuir su\u00e9d\u00e9 et tiss\u00e9es ensemble pour&hellip;<\/p>\n","protected":false},"featured_media":27121,"template":"","meta":[],"product_brand":[],"product_cat":[528,535],"product_tag":[],"class_list":{"0":"post-27114","1":"product","2":"type-product","3":"status-publish","4":"has-post-thumbnail","6":"product_cat-armures-sur-demande","7":"product_cat-jambes-sur-demande","9":"first","10":"outofstock","11":"taxable","12":"shipping-taxable","13":"purchasable","14":"product-type-variable"},"jetpack_sharing_enabled":true,"_links":{"self":[{"href":"https:\/\/boutique.larpnation.fr\/index.php\/wp-json\/wp\/v2\/product\/27114","targetHints":{"allow":["GET"]}}],"collection":[{"href":"https:\/\/boutique.larpnation.fr\/index.php\/wp-json\/wp\/v2\/product"}],"about":[{"href":"https:\/\/boutique.larpnation.fr\/index.php\/wp-json\/wp\/v2\/types\/product"}],"version-history":[{"count":2,"href":"https:\/\/boutique.larpnation.fr\/index.php\/wp-json\/wp\/v2\/product\/27114\/revisions"}],"predecessor-version":[{"id":27120,"href":"https:\/\/boutique.larpnation.fr\/index.php\/wp-json\/wp\/v2\/product\/27114\/revisions\/27120"}],"wp:featuredmedia":[{"embeddable":true,"href":"https:\/\/boutique.larpnation.fr\/index.php\/wp-json\/wp\/v2\/media\/27121"}],"wp:attachment":[{"href":"https:\/\/boutique.larpnation.fr\/index.php\/wp-json\/wp\/v2\/media?parent=27114"}],"wp:term":[{"taxonomy":"product_brand","embeddable":true,"href":"https:\/\/boutique.larpnation.fr\/index.php\/wp-json\/wp\/v2\/product_brand?post=27114"},{"taxonomy":"product_cat","embeddable":true,"href":"https:\/\/boutique.larpnation.fr\/index.php\/wp-json\/wp\/v2\/product_cat?post=27114"},{"taxonomy":"product_tag","embeddable":true,"href":"https:\/\/boutique.larpnation.fr\/index.php\/wp-json\/wp\/v2\/product_tag?post=27114"}],"curies":[{"name":"wp","href":"https:\/\/api.w.org\/{rel}","templated":true}]}}