{"id":27138,"date":"2024-03-29T20:46:22","date_gmt":"2024-03-29T19:46:22","guid":{"rendered":"https:\/\/boutique.larpnation.fr\/?post_type=product&#038;p=27138"},"modified":"2024-07-31T15:32:56","modified_gmt":"2024-07-31T13:32:56","slug":"armure-de-torse-du-ranger-suedee","status":"publish","type":"product","link":"https:\/\/boutique.larpnation.fr\/index.php\/produit\/armure-de-torse-du-ranger-suedee\/","title":{"rendered":"Armure de Torse du Ranger Su\u00e9d\u00e9e"},"content":{"rendered":"<p>L&rsquo;Armure de Torse du Ranger Su\u00e9d\u00e9e d&rsquo;Epic Armory est une cuirasse en cuir tann\u00e9 au chrome, dot\u00e9e d&rsquo;un cadre uni avec un tissage en diagonale sur le devant et les c\u00f4t\u00e9s. Il est maintenu ensemble par des sangles ornementales qui peuvent \u00eatre ajust\u00e9es pour un ajustement confortable. Bien que con\u00e7ue pour correspondre \u00e0 d&rsquo;autres pi\u00e8ces de l&rsquo;ensemble d&rsquo;armure complet Ranger, cette armure peut \u00eatre combin\u00e9e avec des composants de diff\u00e9rents ensembles pour un look unique. Cette armure polyvalente est parfaite pour ceux qui s&rsquo;inspirent des \u00e9poques viking, celtique ou m\u00e9di\u00e9vale de l&rsquo;Europe.<\/p>\n","protected":false},"excerpt":{"rendered":"<p>L&rsquo;Armure de Torse du Ranger Su\u00e9d\u00e9e d&rsquo;Epic Armory est une cuirasse en cuir tann\u00e9 au chrome, dot\u00e9e d&rsquo;un cadre uni avec un tissage en diagonale sur le devant et les c\u00f4t\u00e9s. Il est maintenu ensemble&hellip;<\/p>\n","protected":false},"featured_media":27150,"template":"","meta":[],"product_brand":[],"product_cat":[528,537],"product_tag":[],"class_list":{"0":"post-27138","1":"product","2":"type-product","3":"status-publish","4":"has-post-thumbnail","6":"product_cat-armures-sur-demande","7":"product_cat-torse-sur-demande","9":"first","10":"outofstock","11":"taxable","12":"shipping-taxable","13":"purchasable","14":"product-type-variable"},"jetpack_sharing_enabled":true,"_links":{"self":[{"href":"https:\/\/boutique.larpnation.fr\/index.php\/wp-json\/wp\/v2\/product\/27138","targetHints":{"allow":["GET"]}}],"collection":[{"href":"https:\/\/boutique.larpnation.fr\/index.php\/wp-json\/wp\/v2\/product"}],"about":[{"href":"https:\/\/boutique.larpnation.fr\/index.php\/wp-json\/wp\/v2\/types\/product"}],"version-history":[{"count":2,"href":"https:\/\/boutique.larpnation.fr\/index.php\/wp-json\/wp\/v2\/product\/27138\/revisions"}],"predecessor-version":[{"id":27148,"href":"https:\/\/boutique.larpnation.fr\/index.php\/wp-json\/wp\/v2\/product\/27138\/revisions\/27148"}],"wp:featuredmedia":[{"embeddable":true,"href":"https:\/\/boutique.larpnation.fr\/index.php\/wp-json\/wp\/v2\/media\/27150"}],"wp:attachment":[{"href":"https:\/\/boutique.larpnation.fr\/index.php\/wp-json\/wp\/v2\/media?parent=27138"}],"wp:term":[{"taxonomy":"product_brand","embeddable":true,"href":"https:\/\/boutique.larpnation.fr\/index.php\/wp-json\/wp\/v2\/product_brand?post=27138"},{"taxonomy":"product_cat","embeddable":true,"href":"https:\/\/boutique.larpnation.fr\/index.php\/wp-json\/wp\/v2\/product_cat?post=27138"},{"taxonomy":"product_tag","embeddable":true,"href":"https:\/\/boutique.larpnation.fr\/index.php\/wp-json\/wp\/v2\/product_tag?post=27138"}],"curies":[{"name":"wp","href":"https:\/\/api.w.org\/{rel}","templated":true}]}}