{"id":27173,"date":"2024-03-29T20:56:54","date_gmt":"2024-03-29T19:56:54","guid":{"rendered":"https:\/\/boutique.larpnation.fr\/?post_type=product&#038;p=27173"},"modified":"2024-07-31T14:56:52","modified_gmt":"2024-07-31T12:56:52","slug":"armure-de-torse-du-ranger","status":"publish","type":"product","link":"https:\/\/boutique.larpnation.fr\/index.php\/produit\/armure-de-torse-du-ranger\/","title":{"rendered":"Armure de Torse du Ranger"},"content":{"rendered":"<p>L&rsquo;Armure de Torse du Ranger d&rsquo;Epic Armoury est une cuirasse en cuir tann\u00e9 au chrome comprenant un cadre simple avec un tissage en diagonale sur le devant et les c\u00f4t\u00e9s. Les pi\u00e8ces sont combin\u00e9es et ajust\u00e9es avec les cerclages ornement\u00e9s. L&rsquo;armure est con\u00e7ue pour s&rsquo;adapter aux autres \u00e9l\u00e9ments de l&rsquo;ensemble d&rsquo;armure complet Ranger, mais gr\u00e2ce au syst\u00e8me d&rsquo;attache et \u00e0 la cr\u00e9ativit\u00e9, elle peut \u00eatre combin\u00e9e avec des pi\u00e8ces de diff\u00e9rents ensembles d&rsquo;armures. Une armure polyvalente bien adapt\u00e9e aux d\u00e9cors inspir\u00e9s des Vikings, des Celtes ou de la p\u00e9riode m\u00e9di\u00e9vale de l&rsquo;Europe.<\/p>\n","protected":false},"excerpt":{"rendered":"<p>L&rsquo;Armure de Torse du Ranger d&rsquo;Epic Armoury est une cuirasse en cuir tann\u00e9 au chrome comprenant un cadre simple avec un tissage en diagonale sur le devant et les c\u00f4t\u00e9s. Les pi\u00e8ces sont combin\u00e9es et&hellip;<\/p>\n","protected":false},"featured_media":27179,"template":"","meta":[],"product_brand":[],"product_cat":[528,537],"product_tag":[],"class_list":{"0":"post-27173","1":"product","2":"type-product","3":"status-publish","4":"has-post-thumbnail","6":"product_cat-armures-sur-demande","7":"product_cat-torse-sur-demande","9":"first","10":"outofstock","11":"taxable","12":"shipping-taxable","13":"purchasable","14":"product-type-variable"},"jetpack_sharing_enabled":true,"_links":{"self":[{"href":"https:\/\/boutique.larpnation.fr\/index.php\/wp-json\/wp\/v2\/product\/27173","targetHints":{"allow":["GET"]}}],"collection":[{"href":"https:\/\/boutique.larpnation.fr\/index.php\/wp-json\/wp\/v2\/product"}],"about":[{"href":"https:\/\/boutique.larpnation.fr\/index.php\/wp-json\/wp\/v2\/types\/product"}],"version-history":[{"count":1,"href":"https:\/\/boutique.larpnation.fr\/index.php\/wp-json\/wp\/v2\/product\/27173\/revisions"}],"predecessor-version":[{"id":27178,"href":"https:\/\/boutique.larpnation.fr\/index.php\/wp-json\/wp\/v2\/product\/27173\/revisions\/27178"}],"wp:featuredmedia":[{"embeddable":true,"href":"https:\/\/boutique.larpnation.fr\/index.php\/wp-json\/wp\/v2\/media\/27179"}],"wp:attachment":[{"href":"https:\/\/boutique.larpnation.fr\/index.php\/wp-json\/wp\/v2\/media?parent=27173"}],"wp:term":[{"taxonomy":"product_brand","embeddable":true,"href":"https:\/\/boutique.larpnation.fr\/index.php\/wp-json\/wp\/v2\/product_brand?post=27173"},{"taxonomy":"product_cat","embeddable":true,"href":"https:\/\/boutique.larpnation.fr\/index.php\/wp-json\/wp\/v2\/product_cat?post=27173"},{"taxonomy":"product_tag","embeddable":true,"href":"https:\/\/boutique.larpnation.fr\/index.php\/wp-json\/wp\/v2\/product_tag?post=27173"}],"curies":[{"name":"wp","href":"https:\/\/api.w.org\/{rel}","templated":true}]}}