{"id":27229,"date":"2024-04-04T19:51:18","date_gmt":"2024-04-04T17:51:18","guid":{"rendered":"https:\/\/boutique.larpnation.fr\/?post_type=product&#038;p=27229"},"modified":"2024-09-05T15:54:48","modified_gmt":"2024-09-05T13:54:48","slug":"chemise-descrime-froissee","status":"publish","type":"product","link":"https:\/\/boutique.larpnation.fr\/index.php\/produit\/chemise-descrime-froissee\/","title":{"rendered":"Chemise d&rsquo;escrime froiss\u00e9e"},"content":{"rendered":"<p>La chemise d&rsquo;escrime froiss\u00e9e Epic Armory est un v\u00eatement ample en cr\u00eape de coton doux. Il se porte autour de la taille, poss\u00e8de un col haut et se lacet \u00e0 travers des \u0153illets en laiton autour du cou. Le tissu pr\u00e9sente un certain nombre de plis, ce qui lui donne un aspect sophistiqu\u00e9. Les manches s&rsquo;attachent autour de vos poignets mais se gonflent lorsque vous bougez, \u00e9voquant des images de boucaniers, de mousquetaires et de bretteurs de la p\u00e9riode de la Renaissance et du d\u00e9but au milieu de l&rsquo;\u00e2ge de la voile.<\/p>\n<p>Le mat\u00e9riau est l\u00e9g\u00e8rement transparent mais est conserv\u00e9 dans un style par ailleurs neutre afin de pouvoir \u00eatre utilis\u00e9 avec de nombreux styles de personnages diff\u00e9rents.<\/p>\n","protected":false},"excerpt":{"rendered":"<p>La chemise d&rsquo;escrime froiss\u00e9e Epic Armory est un v\u00eatement ample en cr\u00eape de coton doux. Il se porte autour de la taille, poss\u00e8de un col haut et se lacet \u00e0 travers des \u0153illets en laiton&hellip;<\/p>\n","protected":false},"featured_media":27258,"template":"","meta":[],"product_brand":[],"product_cat":[551,547],"product_tag":[],"class_list":{"0":"post-27229","1":"product","2":"type-product","3":"status-publish","4":"has-post-thumbnail","6":"product_cat-chemises-sur-demande","7":"product_cat-vetements-sur-demande","9":"first","10":"outofstock","11":"taxable","12":"shipping-taxable","13":"purchasable","14":"product-type-variable"},"jetpack_sharing_enabled":true,"_links":{"self":[{"href":"https:\/\/boutique.larpnation.fr\/index.php\/wp-json\/wp\/v2\/product\/27229","targetHints":{"allow":["GET"]}}],"collection":[{"href":"https:\/\/boutique.larpnation.fr\/index.php\/wp-json\/wp\/v2\/product"}],"about":[{"href":"https:\/\/boutique.larpnation.fr\/index.php\/wp-json\/wp\/v2\/types\/product"}],"version-history":[{"count":1,"href":"https:\/\/boutique.larpnation.fr\/index.php\/wp-json\/wp\/v2\/product\/27229\/revisions"}],"predecessor-version":[{"id":27230,"href":"https:\/\/boutique.larpnation.fr\/index.php\/wp-json\/wp\/v2\/product\/27229\/revisions\/27230"}],"wp:featuredmedia":[{"embeddable":true,"href":"https:\/\/boutique.larpnation.fr\/index.php\/wp-json\/wp\/v2\/media\/27258"}],"wp:attachment":[{"href":"https:\/\/boutique.larpnation.fr\/index.php\/wp-json\/wp\/v2\/media?parent=27229"}],"wp:term":[{"taxonomy":"product_brand","embeddable":true,"href":"https:\/\/boutique.larpnation.fr\/index.php\/wp-json\/wp\/v2\/product_brand?post=27229"},{"taxonomy":"product_cat","embeddable":true,"href":"https:\/\/boutique.larpnation.fr\/index.php\/wp-json\/wp\/v2\/product_cat?post=27229"},{"taxonomy":"product_tag","embeddable":true,"href":"https:\/\/boutique.larpnation.fr\/index.php\/wp-json\/wp\/v2\/product_tag?post=27229"}],"curies":[{"name":"wp","href":"https:\/\/api.w.org\/{rel}","templated":true}]}}