{"id":27259,"date":"2024-04-04T20:57:07","date_gmt":"2024-04-04T18:57:07","guid":{"rendered":"https:\/\/boutique.larpnation.fr\/?post_type=product&#038;p=27259"},"modified":"2024-09-05T16:18:50","modified_gmt":"2024-09-05T14:18:50","slug":"sous-chemise-froissee","status":"publish","type":"product","link":"https:\/\/boutique.larpnation.fr\/index.php\/produit\/sous-chemise-froissee\/","title":{"rendered":"Sous-chemise froiss\u00e9e"},"content":{"rendered":"<p>La Sous-chemise froiss\u00e9e d&rsquo;Epic Armoury est une chemise ample et l\u00e9g\u00e8re en cr\u00eape de coton. Autour du poignet et de l&rsquo;encolure se trouvent des cordons de serrage qui permettent de l&rsquo;attacher ou de le porter ample selon vos envies. C&rsquo;est un excellent sous-v\u00eatement pour la plupart des costumes, puisque les chemises existent depuis au moins mille ans. Le coton cr\u00eape est l\u00e9g\u00e8rement transparent, il est donc conseill\u00e9 de porter un sous-v\u00eatement diff\u00e9rent si utilis\u00e9 comme surchemise.<\/p>\n","protected":false},"excerpt":{"rendered":"<p>La Sous-chemise froiss\u00e9e d&rsquo;Epic Armoury est une chemise ample et l\u00e9g\u00e8re en cr\u00eape de coton. Autour du poignet et de l&rsquo;encolure se trouvent des cordons de serrage qui permettent de l&rsquo;attacher ou de le porter&hellip;<\/p>\n","protected":false},"featured_media":27277,"template":"","meta":[],"product_brand":[],"product_cat":[551,547],"product_tag":[],"class_list":{"0":"post-27259","1":"product","2":"type-product","3":"status-publish","4":"has-post-thumbnail","6":"product_cat-chemises-sur-demande","7":"product_cat-vetements-sur-demande","9":"first","10":"outofstock","11":"taxable","12":"shipping-taxable","13":"purchasable","14":"product-type-variable"},"jetpack_sharing_enabled":true,"_links":{"self":[{"href":"https:\/\/boutique.larpnation.fr\/index.php\/wp-json\/wp\/v2\/product\/27259","targetHints":{"allow":["GET"]}}],"collection":[{"href":"https:\/\/boutique.larpnation.fr\/index.php\/wp-json\/wp\/v2\/product"}],"about":[{"href":"https:\/\/boutique.larpnation.fr\/index.php\/wp-json\/wp\/v2\/types\/product"}],"version-history":[{"count":1,"href":"https:\/\/boutique.larpnation.fr\/index.php\/wp-json\/wp\/v2\/product\/27259\/revisions"}],"predecessor-version":[{"id":27260,"href":"https:\/\/boutique.larpnation.fr\/index.php\/wp-json\/wp\/v2\/product\/27259\/revisions\/27260"}],"wp:featuredmedia":[{"embeddable":true,"href":"https:\/\/boutique.larpnation.fr\/index.php\/wp-json\/wp\/v2\/media\/27277"}],"wp:attachment":[{"href":"https:\/\/boutique.larpnation.fr\/index.php\/wp-json\/wp\/v2\/media?parent=27259"}],"wp:term":[{"taxonomy":"product_brand","embeddable":true,"href":"https:\/\/boutique.larpnation.fr\/index.php\/wp-json\/wp\/v2\/product_brand?post=27259"},{"taxonomy":"product_cat","embeddable":true,"href":"https:\/\/boutique.larpnation.fr\/index.php\/wp-json\/wp\/v2\/product_cat?post=27259"},{"taxonomy":"product_tag","embeddable":true,"href":"https:\/\/boutique.larpnation.fr\/index.php\/wp-json\/wp\/v2\/product_tag?post=27259"}],"curies":[{"name":"wp","href":"https:\/\/api.w.org\/{rel}","templated":true}]}}